{"id":13072,"date":"2024-04-05T15:26:46","date_gmt":"2024-04-05T15:26:46","guid":{"rendered":"https:\/\/www.wevonline.org\/apoya\/donaciones-planificadas\/"},"modified":"2025-06-11T15:52:57","modified_gmt":"2025-06-11T15:52:57","slug":"donaciones-planificadas","status":"publish","type":"page","link":"https:\/\/wevonline.org\/es\/dona\/donaciones-planificadas\/","title":{"rendered":"Donaciones Planificadas"},"content":{"rendered":"","protected":false},"excerpt":{"rendered":"","protected":false},"author":3,"featured_media":0,"parent":3765,"menu_order":0,"comment_status":"closed","ping_status":"closed","template":"","meta":{"_acf_changed":false,"footnotes":""},"class_list":["post-13072","page","type-page","status-publish","hentry"],"acf":{"flexible_blocks":[{"acf_fc_layout":"cb07_interior_banner","block_id":"","margin_top":"","margin_bottom":"","add_custom_css_class":"","headline":"Donaciones Planificadas","sub_headline":"","image":"https:\/\/wevonline.org\/wp-content\/uploads\/2024\/04\/Planned-Giving_Banner.jpg"},{"acf_fc_layout":"cb11_text_editor","block_id":"","margin_top":"","margin_bottom":"","add_custom_css_class":"","editor":"<p><span data-contrast=\"auto\">Un regalo planeado para WEV crea un legado duradero, con beneficios para ti e impacto incre\u00edble  en nuestras comunidades. <\/span><span data-ccp-props=\"{\"201341983\":0,\"335559739\":160,\"335559740\":259}\">\u00a0<\/span><\/p>\n<p><span data-contrast=\"auto\">Algunas formas comunes en las que puedes hacer una donaci\u00f3n planificada son:<\/span><\/p>\n<h3 class=\"p-heading-2\">Hacer un Legado<\/h3>\n<p>Designe a WEV como beneficiario en tu testamento, confianza, o cuentas de activos, como jubilaci\u00f3n, inversi\u00f3n, banco o seguro de vida. Puedes designar un porcentaje o una cantidad espec\u00edfica o residual. <\/p>\n<p>Los regalos de designaci\u00f3n de beneficiarios est\u00e1n entre los m\u00e1s flexibles, preservando tus activos mientras los necesitas y apoyando las causas que te importan.  <\/p>\n<p>Si has sido lo suficientemente generoso para incluir a WEV en su plan de sucesi\u00f3n, h\u00e1ganoslo saber para que podamos reconocerlo como miembro de nuestro <a href=\"https:\/\/www.wevonline.org\/es\/dona\/legacy\/\">Sociedad Legado<\/a>.<\/p>\n<h3 class=\"p-heading-2\">Transferencia Caritativa de IRA<\/h3>\n<p>Si tienes 70.5 a\u00f1os o m\u00e1s, puedes apoyar la misi\u00f3n de WEV y ahorrar en impuestos sobre la renta haciendo una transferencia de hasta $105,000 de tu IRA a WEV. La transferencia debe ser directamente entre el administrador de tu plan IRA y WEV. Habla con tu asesor financiero para obtener m\u00e1s informaci\u00f3n sobre los beneficios de una Transferencia Caritativa de IRA, u cualquier otra forma de Donaci\u00f3n Planificada.<\/p>\n<p>\u00a0<\/p>\n<p>\u00a0<\/p>\n<p>Si tienes alguna pregunta sobre Donaciones Planificadas, o si deseas notificar a WEV sobre planes de herencia que beneficien a WEV, por favor contacte a Lauren Lafferty, Directora Asociada de Desarrollo, a <a href=\"mailto:llafferty@wevonline.org\">llafferty@wevonline.org<\/a> o llamando al <a href=\"tel:18059080093\">805-908-0093<\/a>.<\/p>\n"},{"acf_fc_layout":"cb12_related_content","block_id":"","margin_top":"","margin_bottom":"","add_custom_css_class":"","heading":"Tambi\u00e9n te puede interesar","classes_resources":"manual_enter","show_latest":null,"drawer":[{"sub_heading":"Apoya a WEV","title":"Liga de Mujeres Extraordinarias","cta_link":{"title":"Aprende m\u00e1s","url":"https:\/\/www.wevonline.org\/es\/dona\/la-liga\/","target":""},"image":"https:\/\/wevonline.org\/wp-content\/uploads\/2022\/08\/League-Related-Content-Updated-2023.jpg"},{"sub_heading":"M\u00e1s informaci\u00f3n sobre WEV","title":"Acerca de WEV","cta_link":{"title":"Aprende m\u00e1s","url":"https:\/\/www.wevonline.org\/es\/acerca-de-wev\/","target":""},"image":"https:\/\/wevonline.org\/wp-content\/uploads\/2022\/08\/About-WEV-Related-Content.jpg"},{"sub_heading":"Apoya a WEV","title":"Voluntariado con WEV","cta_link":{"title":"Empieza","url":"https:\/\/www.wevonline.org\/es\/voluntariado\/","target":""},"image":"https:\/\/wevonline.org\/wp-content\/uploads\/2022\/08\/Volunteer-Related-Content-2.jpg"}]}],"floating_cta_enable":"enable"},"yoast_head":"<!-- This site is optimized with the Yoast SEO plugin v27.2 - https:\/\/yoast.com\/product\/yoast-seo-wordpress\/ -->\n<title>Donaciones Planificadas - WEV<\/title>\n<meta name=\"description\" content=\"\u00bfApasionada(o) por WEV? Aprenda c\u00f3mo apoyar nuestra misi\u00f3n y crea un legado duradero, con beneficios para ti e impacto incre\u00edble en nuestras comunidades.\" \/>\n<meta name=\"robots\" content=\"index, follow, max-snippet:-1, max-image-preview:large, max-video-preview:-1\" \/>\n<link rel=\"canonical\" href=\"https:\/\/www.wevonline.org\/es\/dona\/donaciones-planificadas\/\" \/>\n<meta property=\"og:locale\" content=\"es_ES\" \/>\n<meta property=\"og:type\" content=\"article\" \/>\n<meta property=\"og:title\" content=\"Donaciones Planificadas - WEV\" \/>\n<meta property=\"og:description\" content=\"\u00bfApasionada(o) por WEV? Aprenda c\u00f3mo apoyar nuestra misi\u00f3n y crea un legado duradero, con beneficios para ti e impacto incre\u00edble en nuestras comunidades.\" \/>\n<meta property=\"og:url\" content=\"https:\/\/www.wevonline.org\/es\/dona\/donaciones-planificadas\/\" \/>\n<meta property=\"og:site_name\" content=\"WEV\" \/>\n<meta property=\"article:publisher\" content=\"https:\/\/www.facebook.com\/WomensEconomicVentures\" \/>\n<meta property=\"article:modified_time\" content=\"2025-06-11T15:52:57+00:00\" \/>\n<meta name=\"twitter:card\" content=\"summary_large_image\" \/>\n<script type=\"application\/ld+json\" class=\"yoast-schema-graph\">{\"@context\":\"https:\/\/schema.org\",\"@graph\":[{\"@type\":\"WebPage\",\"@id\":\"https:\/\/www.wevonline.org\/es\/dona\/donaciones-planificadas\/\",\"url\":\"https:\/\/www.wevonline.org\/es\/dona\/donaciones-planificadas\/\",\"name\":\"Donaciones Planificadas - WEV\",\"isPartOf\":{\"@id\":\"https:\/\/www.wevonline.org\/#website\"},\"datePublished\":\"2024-04-05T15:26:46+00:00\",\"dateModified\":\"2025-06-11T15:52:57+00:00\",\"description\":\"\u00bfApasionada(o) por WEV? Aprenda c\u00f3mo apoyar nuestra misi\u00f3n y crea un legado duradero, con beneficios para ti e impacto incre\u00edble en nuestras comunidades.\",\"breadcrumb\":{\"@id\":\"https:\/\/www.wevonline.org\/es\/dona\/donaciones-planificadas\/#breadcrumb\"},\"inLanguage\":\"es-ES\",\"potentialAction\":[{\"@type\":\"ReadAction\",\"target\":[\"https:\/\/www.wevonline.org\/es\/dona\/donaciones-planificadas\/\"]}]},{\"@type\":\"BreadcrumbList\",\"@id\":\"https:\/\/www.wevonline.org\/es\/dona\/donaciones-planificadas\/#breadcrumb\",\"itemListElement\":[{\"@type\":\"ListItem\",\"position\":1,\"name\":\"Home\",\"item\":\"https:\/\/www.wevonline.org\/es\/\"},{\"@type\":\"ListItem\",\"position\":2,\"name\":\"Dona a WEV\",\"item\":\"https:\/\/www.wevonline.org\/es\/dona\/\"},{\"@type\":\"ListItem\",\"position\":3,\"name\":\"Donaciones Planificadas\"}]},{\"@type\":\"WebSite\",\"@id\":\"https:\/\/www.wevonline.org\/#website\",\"url\":\"https:\/\/www.wevonline.org\/\",\"name\":\"WEV\",\"description\":\"Women&#039;s Economic Ventures\",\"publisher\":{\"@id\":\"https:\/\/www.wevonline.org\/#organization\"},\"potentialAction\":[{\"@type\":\"SearchAction\",\"target\":{\"@type\":\"EntryPoint\",\"urlTemplate\":\"https:\/\/www.wevonline.org\/?s={search_term_string}\"},\"query-input\":{\"@type\":\"PropertyValueSpecification\",\"valueRequired\":true,\"valueName\":\"search_term_string\"}}],\"inLanguage\":\"es-ES\"},{\"@type\":\"Organization\",\"@id\":\"https:\/\/www.wevonline.org\/#organization\",\"name\":\"Women's Economic Ventures\",\"url\":\"https:\/\/www.wevonline.org\/\",\"logo\":{\"@type\":\"ImageObject\",\"inLanguage\":\"es-ES\",\"@id\":\"https:\/\/www.wevonline.org\/#\/schema\/logo\/image\/\",\"url\":\"https:\/\/www.wevonline.org\/wp-content\/uploads\/2022\/08\/WEV-Spanish-Logo_Website-Header.png\",\"contentUrl\":\"https:\/\/www.wevonline.org\/wp-content\/uploads\/2022\/08\/WEV-Spanish-Logo_Website-Header.png\",\"width\":506,\"height\":127,\"caption\":\"Women's Economic Ventures\"},\"image\":{\"@id\":\"https:\/\/www.wevonline.org\/#\/schema\/logo\/image\/\"},\"sameAs\":[\"https:\/\/www.facebook.com\/WomensEconomicVentures\",\"https:\/\/www.instagram.com\/womenseconomicventures\/?hl=en\"]}]}<\/script>\n<!-- \/ Yoast SEO plugin. -->","yoast_head_json":{"title":"Donaciones Planificadas - WEV","description":"\u00bfApasionada(o) por WEV? Aprenda c\u00f3mo apoyar nuestra misi\u00f3n y crea un legado duradero, con beneficios para ti e impacto incre\u00edble en nuestras comunidades.","robots":{"index":"index","follow":"follow","max-snippet":"max-snippet:-1","max-image-preview":"max-image-preview:large","max-video-preview":"max-video-preview:-1"},"canonical":"https:\/\/www.wevonline.org\/es\/dona\/donaciones-planificadas\/","og_locale":"es_ES","og_type":"article","og_title":"Donaciones Planificadas - WEV","og_description":"\u00bfApasionada(o) por WEV? Aprenda c\u00f3mo apoyar nuestra misi\u00f3n y crea un legado duradero, con beneficios para ti e impacto incre\u00edble en nuestras comunidades.","og_url":"https:\/\/www.wevonline.org\/es\/dona\/donaciones-planificadas\/","og_site_name":"WEV","article_publisher":"https:\/\/www.facebook.com\/WomensEconomicVentures","article_modified_time":"2025-06-11T15:52:57+00:00","twitter_card":"summary_large_image","schema":{"@context":"https:\/\/schema.org","@graph":[{"@type":"WebPage","@id":"https:\/\/www.wevonline.org\/es\/dona\/donaciones-planificadas\/","url":"https:\/\/www.wevonline.org\/es\/dona\/donaciones-planificadas\/","name":"Donaciones Planificadas - WEV","isPartOf":{"@id":"https:\/\/www.wevonline.org\/#website"},"datePublished":"2024-04-05T15:26:46+00:00","dateModified":"2025-06-11T15:52:57+00:00","description":"\u00bfApasionada(o) por WEV? Aprenda c\u00f3mo apoyar nuestra misi\u00f3n y crea un legado duradero, con beneficios para ti e impacto incre\u00edble en nuestras comunidades.","breadcrumb":{"@id":"https:\/\/www.wevonline.org\/es\/dona\/donaciones-planificadas\/#breadcrumb"},"inLanguage":"es-ES","potentialAction":[{"@type":"ReadAction","target":["https:\/\/www.wevonline.org\/es\/dona\/donaciones-planificadas\/"]}]},{"@type":"BreadcrumbList","@id":"https:\/\/www.wevonline.org\/es\/dona\/donaciones-planificadas\/#breadcrumb","itemListElement":[{"@type":"ListItem","position":1,"name":"Home","item":"https:\/\/www.wevonline.org\/es\/"},{"@type":"ListItem","position":2,"name":"Dona a WEV","item":"https:\/\/www.wevonline.org\/es\/dona\/"},{"@type":"ListItem","position":3,"name":"Donaciones Planificadas"}]},{"@type":"WebSite","@id":"https:\/\/www.wevonline.org\/#website","url":"https:\/\/www.wevonline.org\/","name":"WEV","description":"Women&#039;s Economic Ventures","publisher":{"@id":"https:\/\/www.wevonline.org\/#organization"},"potentialAction":[{"@type":"SearchAction","target":{"@type":"EntryPoint","urlTemplate":"https:\/\/www.wevonline.org\/?s={search_term_string}"},"query-input":{"@type":"PropertyValueSpecification","valueRequired":true,"valueName":"search_term_string"}}],"inLanguage":"es-ES"},{"@type":"Organization","@id":"https:\/\/www.wevonline.org\/#organization","name":"Women's Economic Ventures","url":"https:\/\/www.wevonline.org\/","logo":{"@type":"ImageObject","inLanguage":"es-ES","@id":"https:\/\/www.wevonline.org\/#\/schema\/logo\/image\/","url":"https:\/\/www.wevonline.org\/wp-content\/uploads\/2022\/08\/WEV-Spanish-Logo_Website-Header.png","contentUrl":"https:\/\/www.wevonline.org\/wp-content\/uploads\/2022\/08\/WEV-Spanish-Logo_Website-Header.png","width":506,"height":127,"caption":"Women's Economic Ventures"},"image":{"@id":"https:\/\/www.wevonline.org\/#\/schema\/logo\/image\/"},"sameAs":["https:\/\/www.facebook.com\/WomensEconomicVentures","https:\/\/www.instagram.com\/womenseconomicventures\/?hl=en"]}]}},"_links":{"self":[{"href":"https:\/\/wevonline.org\/es\/wp-json\/wp\/v2\/pages\/13072","targetHints":{"allow":["GET"]}}],"collection":[{"href":"https:\/\/wevonline.org\/es\/wp-json\/wp\/v2\/pages"}],"about":[{"href":"https:\/\/wevonline.org\/es\/wp-json\/wp\/v2\/types\/page"}],"author":[{"embeddable":true,"href":"https:\/\/wevonline.org\/es\/wp-json\/wp\/v2\/users\/3"}],"replies":[{"embeddable":true,"href":"https:\/\/wevonline.org\/es\/wp-json\/wp\/v2\/comments?post=13072"}],"version-history":[{"count":1,"href":"https:\/\/wevonline.org\/es\/wp-json\/wp\/v2\/pages\/13072\/revisions"}],"predecessor-version":[{"id":13106,"href":"https:\/\/wevonline.org\/es\/wp-json\/wp\/v2\/pages\/13072\/revisions\/13106"}],"up":[{"embeddable":true,"href":"https:\/\/wevonline.org\/es\/wp-json\/wp\/v2\/pages\/3765"}],"wp:attachment":[{"href":"https:\/\/wevonline.org\/es\/wp-json\/wp\/v2\/media?parent=13072"}],"curies":[{"name":"wp","href":"https:\/\/api.w.org\/{rel}","templated":true}]}}