{"id":629,"date":"2022-06-14T09:27:01","date_gmt":"2022-06-14T09:27:01","guid":{"rendered":"https:\/\/www.wevonline.org\/junta-directiva\/"},"modified":"2026-01-08T18:17:33","modified_gmt":"2026-01-08T18:17:33","slug":"junta-directiva","status":"publish","type":"page","link":"https:\/\/wevonline.org\/es\/junta-directiva\/","title":{"rendered":"Junta Directiva"},"content":{"rendered":"","protected":false},"excerpt":{"rendered":"","protected":false},"author":1,"featured_media":14792,"parent":0,"menu_order":0,"comment_status":"closed","ping_status":"closed","template":"","meta":{"_acf_changed":false,"footnotes":""},"class_list":["post-629","page","type-page","status-publish","has-post-thumbnail","hentry"],"acf":{"flexible_blocks":[{"acf_fc_layout":"cb07_interior_banner","block_id":"","margin_top":"","margin_bottom":"","add_custom_css_class":"","headline":"Junta Directiva","sub_headline":"","image":"https:\/\/wevonline.org\/wp-content\/uploads\/2026\/01\/WEV-Board_Banner-Image.jpg"},{"acf_fc_layout":"cb17_bio_grid","block_id":"","margin_top":"","margin_bottom":"","add_custom_css_class":"","heading":"Conoce a la Junta Directiva de WEV","sub_heading":"","choose_bios":[6133,4426,13575,13502,4418,13500,14235,13512,13506,14296,4446,4428,14292,14243]},{"acf_fc_layout":"cb12_related_content","block_id":"","margin_top":"","margin_bottom":"","add_custom_css_class":"","heading":"Tambi\u00e9n te puede interesar","classes_resources":"manual_enter","show_latest":null,"drawer":[{"sub_heading":"M\u00e1s informaci\u00f3n sobre WEV","title":"Impacto","cta_link":{"title":"Aprende m\u00e1s","url":"https:\/\/www.wevonline.org\/es\/impacto\/","target":""},"image":"https:\/\/wevonline.org\/wp-content\/uploads\/2022\/08\/Impact-Related-Content.jpg"},{"sub_heading":"Apoya a WEV","title":"Dona a WEV","cta_link":{"title":"Aprende m\u00e1s","url":"https:\/\/www.wevonline.org\/es\/dona\/","target":""},"image":"https:\/\/wevonline.org\/wp-content\/uploads\/2022\/08\/Support-Related-Content.jpg"},{"sub_heading":"Apoya a WEV","title":"Voluntariado","cta_link":{"title":"Empieza","url":"https:\/\/www.wevonline.org\/es\/voluntariado\/","target":""},"image":"https:\/\/wevonline.org\/wp-content\/uploads\/2022\/08\/Volunteer-Related-Content-2.jpg"}]}],"floating_cta_enable":"enable","template_a_content":false},"yoast_head":"<!-- This site is optimized with the Yoast SEO plugin v27.2 - https:\/\/yoast.com\/product\/yoast-seo-wordpress\/ -->\n<title>Junta Directiva - WEV<\/title>\n<meta name=\"description\" content=\"Los l\u00edderes de WEV comparten un profundo compromiso con el esp\u00edritu empresarial y el empoderamiento de las mujeres. Conozce a la Junta Directiva de WEV.\" \/>\n<meta name=\"robots\" content=\"index, follow, max-snippet:-1, max-image-preview:large, max-video-preview:-1\" \/>\n<link rel=\"canonical\" href=\"http:\/\/live-wev.pantheonsite.io\/board-of-directors\/\" \/>\n<meta property=\"og:locale\" content=\"es_ES\" \/>\n<meta property=\"og:type\" content=\"article\" \/>\n<meta property=\"og:title\" content=\"Junta Directiva - WEV\" \/>\n<meta property=\"og:description\" content=\"Los l\u00edderes de WEV comparten un profundo compromiso con el esp\u00edritu empresarial y el empoderamiento de las mujeres. Conozce a la Junta Directiva de WEV.\" \/>\n<meta property=\"og:url\" content=\"http:\/\/live-wev.pantheonsite.io\/board-of-directors\/\" \/>\n<meta property=\"og:site_name\" content=\"WEV\" \/>\n<meta property=\"article:publisher\" content=\"https:\/\/www.facebook.com\/WomensEconomicVentures\" \/>\n<meta property=\"article:modified_time\" content=\"2026-01-08T18:17:33+00:00\" \/>\n<meta property=\"og:image\" content=\"http:\/\/live-wev.pantheonsite.io\/wp-content\/uploads\/2026\/01\/WEV-Board_Banner-Image.jpg\" \/>\n\t<meta property=\"og:image:width\" content=\"1370\" \/>\n\t<meta property=\"og:image:height\" content=\"1100\" \/>\n\t<meta property=\"og:image:type\" content=\"image\/jpeg\" \/>\n<meta name=\"twitter:card\" content=\"summary_large_image\" \/>\n<script type=\"application\/ld+json\" class=\"yoast-schema-graph\">{\"@context\":\"https:\/\/schema.org\",\"@graph\":[{\"@type\":\"WebPage\",\"@id\":\"http:\/\/live-wev.pantheonsite.io\/board-of-directors\/\",\"url\":\"http:\/\/live-wev.pantheonsite.io\/board-of-directors\/\",\"name\":\"Junta Directiva - WEV\",\"isPartOf\":{\"@id\":\"https:\/\/www.wevonline.org\/#website\"},\"primaryImageOfPage\":{\"@id\":\"http:\/\/live-wev.pantheonsite.io\/board-of-directors\/#primaryimage\"},\"image\":{\"@id\":\"http:\/\/live-wev.pantheonsite.io\/board-of-directors\/#primaryimage\"},\"thumbnailUrl\":\"https:\/\/wevonline.org\/wp-content\/uploads\/2026\/01\/WEV-Board_Banner-Image.jpg\",\"datePublished\":\"2022-06-14T09:27:01+00:00\",\"dateModified\":\"2026-01-08T18:17:33+00:00\",\"description\":\"Los l\u00edderes de WEV comparten un profundo compromiso con el esp\u00edritu empresarial y el empoderamiento de las mujeres. Conozce a la Junta Directiva de WEV.\",\"breadcrumb\":{\"@id\":\"http:\/\/live-wev.pantheonsite.io\/board-of-directors\/#breadcrumb\"},\"inLanguage\":\"es-ES\",\"potentialAction\":[{\"@type\":\"ReadAction\",\"target\":[\"http:\/\/live-wev.pantheonsite.io\/board-of-directors\/\"]}]},{\"@type\":\"ImageObject\",\"inLanguage\":\"es-ES\",\"@id\":\"http:\/\/live-wev.pantheonsite.io\/board-of-directors\/#primaryimage\",\"url\":\"https:\/\/wevonline.org\/wp-content\/uploads\/2026\/01\/WEV-Board_Banner-Image.jpg\",\"contentUrl\":\"https:\/\/wevonline.org\/wp-content\/uploads\/2026\/01\/WEV-Board_Banner-Image.jpg\",\"width\":1370,\"height\":1100,\"caption\":\"WEV's Board of Directors gather at a leadership retreat to strategize support for WEV's mission and empower women in business.\"},{\"@type\":\"BreadcrumbList\",\"@id\":\"http:\/\/live-wev.pantheonsite.io\/board-of-directors\/#breadcrumb\",\"itemListElement\":[{\"@type\":\"ListItem\",\"position\":1,\"name\":\"Home\",\"item\":\"https:\/\/www.wevonline.org\/es\/\"},{\"@type\":\"ListItem\",\"position\":2,\"name\":\"Junta Directiva\"}]},{\"@type\":\"WebSite\",\"@id\":\"https:\/\/www.wevonline.org\/#website\",\"url\":\"https:\/\/www.wevonline.org\/\",\"name\":\"WEV\",\"description\":\"Women&#039;s Economic Ventures\",\"publisher\":{\"@id\":\"https:\/\/www.wevonline.org\/#organization\"},\"potentialAction\":[{\"@type\":\"SearchAction\",\"target\":{\"@type\":\"EntryPoint\",\"urlTemplate\":\"https:\/\/www.wevonline.org\/?s={search_term_string}\"},\"query-input\":{\"@type\":\"PropertyValueSpecification\",\"valueRequired\":true,\"valueName\":\"search_term_string\"}}],\"inLanguage\":\"es-ES\"},{\"@type\":\"Organization\",\"@id\":\"https:\/\/www.wevonline.org\/#organization\",\"name\":\"Women's Economic Ventures\",\"url\":\"https:\/\/www.wevonline.org\/\",\"logo\":{\"@type\":\"ImageObject\",\"inLanguage\":\"es-ES\",\"@id\":\"https:\/\/www.wevonline.org\/#\/schema\/logo\/image\/\",\"url\":\"https:\/\/www.wevonline.org\/wp-content\/uploads\/2022\/08\/WEV-Spanish-Logo_Website-Header.png\",\"contentUrl\":\"https:\/\/www.wevonline.org\/wp-content\/uploads\/2022\/08\/WEV-Spanish-Logo_Website-Header.png\",\"width\":506,\"height\":127,\"caption\":\"Women's Economic Ventures\"},\"image\":{\"@id\":\"https:\/\/www.wevonline.org\/#\/schema\/logo\/image\/\"},\"sameAs\":[\"https:\/\/www.facebook.com\/WomensEconomicVentures\",\"https:\/\/www.instagram.com\/womenseconomicventures\/?hl=en\"]}]}<\/script>\n<!-- \/ Yoast SEO plugin. -->","yoast_head_json":{"title":"Junta Directiva - WEV","description":"Los l\u00edderes de WEV comparten un profundo compromiso con el esp\u00edritu empresarial y el empoderamiento de las mujeres. Conozce a la Junta Directiva de WEV.","robots":{"index":"index","follow":"follow","max-snippet":"max-snippet:-1","max-image-preview":"max-image-preview:large","max-video-preview":"max-video-preview:-1"},"canonical":"http:\/\/live-wev.pantheonsite.io\/board-of-directors\/","og_locale":"es_ES","og_type":"article","og_title":"Junta Directiva - WEV","og_description":"Los l\u00edderes de WEV comparten un profundo compromiso con el esp\u00edritu empresarial y el empoderamiento de las mujeres. Conozce a la Junta Directiva de WEV.","og_url":"http:\/\/live-wev.pantheonsite.io\/board-of-directors\/","og_site_name":"WEV","article_publisher":"https:\/\/www.facebook.com\/WomensEconomicVentures","article_modified_time":"2026-01-08T18:17:33+00:00","og_image":[{"width":1370,"height":1100,"url":"http:\/\/live-wev.pantheonsite.io\/wp-content\/uploads\/2026\/01\/WEV-Board_Banner-Image.jpg","type":"image\/jpeg"}],"twitter_card":"summary_large_image","schema":{"@context":"https:\/\/schema.org","@graph":[{"@type":"WebPage","@id":"http:\/\/live-wev.pantheonsite.io\/board-of-directors\/","url":"http:\/\/live-wev.pantheonsite.io\/board-of-directors\/","name":"Junta Directiva - WEV","isPartOf":{"@id":"https:\/\/www.wevonline.org\/#website"},"primaryImageOfPage":{"@id":"http:\/\/live-wev.pantheonsite.io\/board-of-directors\/#primaryimage"},"image":{"@id":"http:\/\/live-wev.pantheonsite.io\/board-of-directors\/#primaryimage"},"thumbnailUrl":"https:\/\/wevonline.org\/wp-content\/uploads\/2026\/01\/WEV-Board_Banner-Image.jpg","datePublished":"2022-06-14T09:27:01+00:00","dateModified":"2026-01-08T18:17:33+00:00","description":"Los l\u00edderes de WEV comparten un profundo compromiso con el esp\u00edritu empresarial y el empoderamiento de las mujeres. Conozce a la Junta Directiva de WEV.","breadcrumb":{"@id":"http:\/\/live-wev.pantheonsite.io\/board-of-directors\/#breadcrumb"},"inLanguage":"es-ES","potentialAction":[{"@type":"ReadAction","target":["http:\/\/live-wev.pantheonsite.io\/board-of-directors\/"]}]},{"@type":"ImageObject","inLanguage":"es-ES","@id":"http:\/\/live-wev.pantheonsite.io\/board-of-directors\/#primaryimage","url":"https:\/\/wevonline.org\/wp-content\/uploads\/2026\/01\/WEV-Board_Banner-Image.jpg","contentUrl":"https:\/\/wevonline.org\/wp-content\/uploads\/2026\/01\/WEV-Board_Banner-Image.jpg","width":1370,"height":1100,"caption":"WEV's Board of Directors gather at a leadership retreat to strategize support for WEV's mission and empower women in business."},{"@type":"BreadcrumbList","@id":"http:\/\/live-wev.pantheonsite.io\/board-of-directors\/#breadcrumb","itemListElement":[{"@type":"ListItem","position":1,"name":"Home","item":"https:\/\/www.wevonline.org\/es\/"},{"@type":"ListItem","position":2,"name":"Junta Directiva"}]},{"@type":"WebSite","@id":"https:\/\/www.wevonline.org\/#website","url":"https:\/\/www.wevonline.org\/","name":"WEV","description":"Women&#039;s Economic Ventures","publisher":{"@id":"https:\/\/www.wevonline.org\/#organization"},"potentialAction":[{"@type":"SearchAction","target":{"@type":"EntryPoint","urlTemplate":"https:\/\/www.wevonline.org\/?s={search_term_string}"},"query-input":{"@type":"PropertyValueSpecification","valueRequired":true,"valueName":"search_term_string"}}],"inLanguage":"es-ES"},{"@type":"Organization","@id":"https:\/\/www.wevonline.org\/#organization","name":"Women's Economic Ventures","url":"https:\/\/www.wevonline.org\/","logo":{"@type":"ImageObject","inLanguage":"es-ES","@id":"https:\/\/www.wevonline.org\/#\/schema\/logo\/image\/","url":"https:\/\/www.wevonline.org\/wp-content\/uploads\/2022\/08\/WEV-Spanish-Logo_Website-Header.png","contentUrl":"https:\/\/www.wevonline.org\/wp-content\/uploads\/2022\/08\/WEV-Spanish-Logo_Website-Header.png","width":506,"height":127,"caption":"Women's Economic Ventures"},"image":{"@id":"https:\/\/www.wevonline.org\/#\/schema\/logo\/image\/"},"sameAs":["https:\/\/www.facebook.com\/WomensEconomicVentures","https:\/\/www.instagram.com\/womenseconomicventures\/?hl=en"]}]}},"_links":{"self":[{"href":"https:\/\/wevonline.org\/es\/wp-json\/wp\/v2\/pages\/629","targetHints":{"allow":["GET"]}}],"collection":[{"href":"https:\/\/wevonline.org\/es\/wp-json\/wp\/v2\/pages"}],"about":[{"href":"https:\/\/wevonline.org\/es\/wp-json\/wp\/v2\/types\/page"}],"author":[{"embeddable":true,"href":"https:\/\/wevonline.org\/es\/wp-json\/wp\/v2\/users\/1"}],"replies":[{"embeddable":true,"href":"https:\/\/wevonline.org\/es\/wp-json\/wp\/v2\/comments?post=629"}],"version-history":[{"count":7,"href":"https:\/\/wevonline.org\/es\/wp-json\/wp\/v2\/pages\/629\/revisions"}],"predecessor-version":[{"id":12857,"href":"https:\/\/wevonline.org\/es\/wp-json\/wp\/v2\/pages\/629\/revisions\/12857"}],"wp:featuredmedia":[{"embeddable":true,"href":"https:\/\/wevonline.org\/es\/wp-json\/wp\/v2\/media\/14792"}],"wp:attachment":[{"href":"https:\/\/wevonline.org\/es\/wp-json\/wp\/v2\/media?parent=629"}],"curies":[{"name":"wp","href":"https:\/\/api.w.org\/{rel}","templated":true}]}}