{"id":639,"date":"2022-06-14T09:27:27","date_gmt":"2022-06-14T09:27:27","guid":{"rendered":"https:\/\/www.wevonline.org\/carreras\/"},"modified":"2026-03-12T21:57:41","modified_gmt":"2026-03-12T21:57:41","slug":"carreras","status":"publish","type":"page","link":"https:\/\/wevonline.org\/es\/carreras\/","title":{"rendered":"Carreras"},"content":{"rendered":"<p><br data-mce-bogus=\"1\"><\/p>\n","protected":false},"excerpt":{"rendered":"","protected":false},"author":1,"featured_media":5118,"parent":0,"menu_order":0,"comment_status":"closed","ping_status":"closed","template":"","meta":{"_acf_changed":false,"footnotes":""},"class_list":["post-639","page","type-page","status-publish","has-post-thumbnail","hentry"],"acf":{"flexible_blocks":[{"acf_fc_layout":"cb07_interior_banner","block_id":"","margin_top":"","margin_bottom":"","add_custom_css_class":"","headline":"Trabaja con WEV","sub_headline":"","image":"https:\/\/wevonline.org\/wp-content\/uploads\/2022\/08\/Careers-Banner.jpg"},{"acf_fc_layout":"cb10_impact_feature","block_id":"","margin_top":"","margin_bottom":"","add_custom_css_class":"","slider":[{"heading":"Una carrera con prop\u00f3sito","description":"<p>Una carrera con WEV es una carrera con prop\u00f3sito. Una carrera con sentido. Una carrera con la flexibilidad que necesitas para equilibrar tu trabajo y tu vida. Una carrera con conexi\u00f3n y en comunidad.<\/p>\n","cta_link":"","left_side_content":"image","stat_drawer":false,"image_1":"https:\/\/wevonline.org\/wp-content\/uploads\/2022\/08\/Careers-Impact-Slider-Large-1.jpg","image_2":"https:\/\/wevonline.org\/wp-content\/uploads\/2022\/08\/Careers-Impact-Slider-Small-1.jpg","video":null},{"heading":"Empoderando a nuestro personal","description":"<p>El personal de WEV esta unido por un compromiso apasionado con la misi\u00f3n de WEV, y est\u00e1 facultado para lograr el \u00e9xito profesional en sus propios t\u00e9rminos.<\/p>\n","cta_link":{"title":"M\u00e1s informaci\u00f3n sobre WEV","url":"https:\/\/www.wevonline.org\/es\/acerca-de-wev\/","target":""},"left_side_content":"image","stat_drawer":false,"image_1":"https:\/\/wevonline.org\/wp-content\/uploads\/2022\/08\/Careers-Impact-Slider-Large-2.jpg","image_2":"https:\/\/wevonline.org\/wp-content\/uploads\/2022\/07\/Careers_Impact-Slider_Empowering-employees_-Small.jpg","video":null},{"heading":"Sirviendo a la Costa Central","description":"<p>Con oficinas en Santa B\u00e1rbara y Ventura, el equipo de WEV trabaja en un horario flexible para atender a clientas y clientes en toda la costa central de California.<\/p>\n","cta_link":"","left_side_content":"image","stat_drawer":false,"image_1":"https:\/\/wevonline.org\/wp-content\/uploads\/2022\/08\/Careers-Impact-Slider-Large-3.jpg","image_2":"https:\/\/wevonline.org\/wp-content\/uploads\/2022\/08\/Careers-Impact-Slider-Small-3.jpg","video":null},{"heading":"El Compromiso de WEV","description":"<p>WEV se compromete a proveer un espacio de trabajo solidario y seguro para todas(os). En nuestro trabajo de abordar las barreras que enfrentan las(os) emprendedoras(es), el aprendizaje continuo de tosas las perspectivas y experiencias es invaluable. !Esperamos aprender contigo!<\/p>\n","cta_link":"","left_side_content":"image","stat_drawer":false,"image_1":"https:\/\/wevonline.org\/wp-content\/uploads\/2022\/08\/Careers-Impact-Slider-Large-4.jpg","image_2":false,"video":null}]},{"acf_fc_layout":"cb16_program_grid","block_id":"","margin_top":"","margin_bottom":"","add_custom_css_class":"","headline":"Aperturas Actuales","need_help_heading":"\u00bfBuscando m\u00e1s?","use_image_instead_of_help_links":false,"right_side_image":false,"need_help_links":[{"links":{"title":"Voluntariado","url":"https:\/\/www.weovnline.org\/es\/voluntariado\/","target":""}},{"links":{"title":"Preguntas frecuentes","url":"#careers-faqs","target":""}},{"links":{"title":"Ponte en contacto","url":"https:\/\/www.wevonline.org\/es\/ponte-en-contacto\/","target":""}}],"program_tiles":[{"cta_link":{"title":"Instructor(a) de Emprendimiento (Biling\u00fce, Tiempo parcial)","url":"https:\/\/www.wevonline.org\/es\/careers\/instructora-bilingue-de-emprendimiento\/","target":""},"description":"\u00bfEres campe\u00f3n(a) de los negocios y crecimiento personal? \u00danete al grupo de profesoras(es) de WEV a dar clases de emprendimiento en espa\u00f1ol."}]},{"acf_fc_layout":"cb06_stories_and_speakers","block_id":"","margin_top":"","margin_bottom":"","add_custom_css_class":"","stories_speakers":"stories","select_stories":[{"ID":4407,"post_author":"3","post_date":"2022-08-17 05:32:01","post_date_gmt":"2022-08-17 05:32:01","post_content":"","post_title":"Catalina Esteves (careers quote only)","post_excerpt":"","post_status":"publish","comment_status":"closed","ping_status":"closed","post_password":"","post_name":"catalina-esteves-careers-quote-only","to_ping":"","pinged":"","post_modified":"2022-09-02 21:44:20","post_modified_gmt":"2022-09-02 21:44:20","post_content_filtered":"","post_parent":0,"guid":"https:\/\/www.wevonline.org\/stories\/catalina-esteves-careers-quote-only\/","menu_order":0,"post_type":"s_cpt","post_mime_type":"","comment_count":"0","filter":"raw"},{"ID":4408,"post_author":"3","post_date":"2022-08-17 05:34:42","post_date_gmt":"2022-08-17 05:34:42","post_content":"","post_title":"Jeff Alkazian (careers, about quote only)","post_excerpt":"","post_status":"publish","comment_status":"closed","ping_status":"closed","post_password":"","post_name":"jeff-alkazian-careers-quote-only","to_ping":"","pinged":"","post_modified":"2022-08-22 20:54:34","post_modified_gmt":"2022-08-22 20:54:34","post_content_filtered":"","post_parent":0,"guid":"https:\/\/www.wevonline.org\/stories\/jeff-alkazian-careers-quote-only\/","menu_order":0,"post_type":"s_cpt","post_mime_type":"","comment_count":"0","filter":"raw"},{"ID":4409,"post_author":"3","post_date":"2022-08-17 05:35:23","post_date_gmt":"2022-08-17 05:35:23","post_content":"","post_title":"Kristen Anderson (careers quote only)","post_excerpt":"","post_status":"publish","comment_status":"closed","ping_status":"closed","post_password":"","post_name":"kristen-anderson-careers-quote-only","to_ping":"","pinged":"","post_modified":"2022-09-02 21:40:47","post_modified_gmt":"2022-09-02 21:40:47","post_content_filtered":"","post_parent":0,"guid":"https:\/\/www.wevonline.org\/stories\/kristen-anderson-careers-quote-only\/","menu_order":0,"post_type":"s_cpt","post_mime_type":"","comment_count":"0","filter":"raw"},{"ID":4410,"post_author":"3","post_date":"2022-08-17 05:36:51","post_date_gmt":"2022-08-17 05:36:51","post_content":"","post_title":"Nicole Facciuto (careers quote only)","post_excerpt":"","post_status":"publish","comment_status":"closed","ping_status":"closed","post_password":"","post_name":"nicole-facciuto-careers-quote-only","to_ping":"","pinged":"","post_modified":"2022-09-02 21:42:00","post_modified_gmt":"2022-09-02 21:42:00","post_content_filtered":"","post_parent":0,"guid":"https:\/\/www.wevonline.org\/stories\/nicole-facciuto-careers-quote-only\/","menu_order":0,"post_type":"s_cpt","post_mime_type":"","comment_count":"0","filter":"raw"}],"heading":"","description":"","cta_link":null,"image":false,"all_stories_cta":{"title":"Todas las historias","url":"https:\/\/www.wevonline.org\/es\/historias-wev\/","target":""}},{"acf_fc_layout":"cb09_faq_drawers","block_id":"careers-faqs","margin_top":"","margin_bottom":"","add_custom_css_class":"","heading":"Preguntas frecuentes","default_faq_image":"https:\/\/wevonline.org\/wp-content\/uploads\/2022\/08\/Careers-FAQ-Default.jpg","faq_drawer":[{"ID":3707,"post_author":"3","post_date":"2022-08-13 21:26:00","post_date_gmt":"2022-08-13 21:26:00","post_content":"","post_title":"\u00bfTengo que vivir en la costa central de California para trabajar para WEV?","post_excerpt":"","post_status":"publish","comment_status":"closed","ping_status":"closed","post_password":"","post_name":"tengo-que-vivir-en-la-costa-central-de-california-para-trabajar-para-wev","to_ping":"","pinged":"","post_modified":"2022-08-31 20:06:15","post_modified_gmt":"2022-08-31 20:06:15","post_content_filtered":"","post_parent":0,"guid":"https:\/\/www.wevonline.org\/f_cpt\/tengo-que-vivir-en-la-costa-central-de-california-para-trabajar-para-wev\/","menu_order":0,"post_type":"f_cpt","post_mime_type":"","comment_count":"0","filter":"raw"},{"ID":3708,"post_author":"3","post_date":"2022-08-13 21:26:20","post_date_gmt":"2022-08-13 21:26:20","post_content":"","post_title":"\u00bfEl equipo de asesor\u00eda e instrucci\u00f3n se clasifican como empleadas(os) o contratistas?","post_excerpt":"","post_status":"publish","comment_status":"closed","ping_status":"closed","post_password":"","post_name":"el-equipo-de-asesoria-e-instruccion-se-clasifican-como-empleadasos-o-contratistas","to_ping":"","pinged":"","post_modified":"2022-08-31 20:06:06","post_modified_gmt":"2022-08-31 20:06:06","post_content_filtered":"","post_parent":0,"guid":"https:\/\/www.wevonline.org\/f_cpt\/el-equipo-de-asesoria-e-instruccion-se-clasifican-como-empleadasos-o-contratistas\/","menu_order":0,"post_type":"f_cpt","post_mime_type":"","comment_count":"0","filter":"raw"},{"ID":3709,"post_author":"3","post_date":"2022-08-13 21:26:42","post_date_gmt":"2022-08-13 21:26:42","post_content":"","post_title":"\u00bfCu\u00e1ntas horas trabajar\u00eda como Instructor(a) o Consultor(a)?","post_excerpt":"","post_status":"publish","comment_status":"closed","ping_status":"closed","post_password":"","post_name":"cuantas-horas-trabajaria-como-instructora-o-consultora","to_ping":"","pinged":"","post_modified":"2022-08-31 20:05:56","post_modified_gmt":"2022-08-31 20:05:56","post_content_filtered":"","post_parent":0,"guid":"https:\/\/www.wevonline.org\/f_cpt\/cuantas-horas-trabajaria-como-instructora-o-consultora\/","menu_order":0,"post_type":"f_cpt","post_mime_type":"","comment_count":"0","filter":"raw"},{"ID":3710,"post_author":"3","post_date":"2022-08-13 21:27:01","post_date_gmt":"2022-08-13 21:27:01","post_content":"","post_title":"\u00bfSe espera que el personal de WEV vengan a la oficina todos los d\u00edas?","post_excerpt":"","post_status":"publish","comment_status":"closed","ping_status":"closed","post_password":"","post_name":"se-espera-que-el-personal-de-wev-vengan-a-la-oficina-todos-los-dias","to_ping":"","pinged":"","post_modified":"2022-08-31 20:05:47","post_modified_gmt":"2022-08-31 20:05:47","post_content_filtered":"","post_parent":0,"guid":"https:\/\/www.wevonline.org\/f_cpt\/se-espera-que-el-personal-de-wev-vengan-a-la-oficina-todos-los-dias\/","menu_order":0,"post_type":"f_cpt","post_mime_type":"","comment_count":"0","filter":"raw"},{"ID":3711,"post_author":"3","post_date":"2022-08-13 21:27:46","post_date_gmt":"2022-08-13 21:27:46","post_content":"","post_title":"\u00bfQu\u00e9 beneficios proporcionan?","post_excerpt":"","post_status":"publish","comment_status":"closed","ping_status":"closed","post_password":"","post_name":"que-beneficios-proporcionan","to_ping":"","pinged":"","post_modified":"2022-08-31 20:05:34","post_modified_gmt":"2022-08-31 20:05:34","post_content_filtered":"","post_parent":0,"guid":"https:\/\/www.wevonline.org\/f_cpt\/que-beneficios-proporcionan\/","menu_order":0,"post_type":"f_cpt","post_mime_type":"","comment_count":"0","filter":"raw"}]},{"acf_fc_layout":"cb12_related_content","block_id":"","margin_top":"","margin_bottom":"","add_custom_css_class":"","heading":"Tambi\u00e9n te puede interesar","classes_resources":"manual_enter","show_latest":null,"drawer":[{"sub_heading":"M\u00e1s informaci\u00f3n sobre WEV","title":"Acerca de WEV","cta_link":{"title":"Lee m\u00e1s","url":"https:\/\/www.wevonline.org\/es\/acerca-de-wev\/","target":""},"image":"https:\/\/wevonline.org\/wp-content\/uploads\/2022\/08\/About-WEV-Related-Content.jpg"},{"sub_heading":"Apoya a WEV","title":"Voluntariado con WEV","cta_link":{"title":"Empieza","url":"https:\/\/www.wevonline.org\/es\/voluntariado\/","target":""},"image":"https:\/\/wevonline.org\/wp-content\/uploads\/2022\/08\/Volunteer-Related-Content-2.jpg"},{"sub_heading":"M\u00e1s informaci\u00f3n sobre WEV","title":"Personal","cta_link":{"title":"Aprende m\u00e1s ","url":"https:\/\/www.wevonline.org\/es\/personal\/","target":""},"image":"https:\/\/wevonline.org\/wp-content\/uploads\/2022\/08\/Staff_Related-Content.jpg"}]}],"floating_cta_enable":"disable"},"yoast_head":"<!-- This site is optimized with the Yoast SEO plugin v27.2 - https:\/\/yoast.com\/product\/yoast-seo-wordpress\/ -->\n<title>Carreras - WEV<\/title>\n<meta name=\"description\" content=\"M\u00e1s que una carrera. Obtenga informaci\u00f3n sobre c\u00f3mo trabajar con WEV, una carrera con prop\u00f3sito, y descubra las oportunidades de trabajos sin fines de lucro actuales.\" \/>\n<meta name=\"robots\" content=\"index, follow, max-snippet:-1, max-image-preview:large, max-video-preview:-1\" \/>\n<link rel=\"canonical\" href=\"https:\/\/www.wevonline.org\/wev-careers\/\" \/>\n<meta property=\"og:locale\" content=\"es_ES\" \/>\n<meta property=\"og:type\" content=\"article\" \/>\n<meta property=\"og:title\" content=\"Carreras - WEV\" \/>\n<meta property=\"og:description\" content=\"M\u00e1s que una carrera. Obtenga informaci\u00f3n sobre c\u00f3mo trabajar con WEV, una carrera con prop\u00f3sito, y descubra las oportunidades de trabajos sin fines de lucro actuales.\" \/>\n<meta property=\"og:url\" content=\"https:\/\/www.wevonline.org\/wev-careers\/\" \/>\n<meta property=\"og:site_name\" content=\"WEV\" \/>\n<meta property=\"article:publisher\" content=\"https:\/\/www.facebook.com\/WomensEconomicVentures\" \/>\n<meta property=\"article:modified_time\" content=\"2026-03-12T21:57:41+00:00\" \/>\n<meta property=\"og:image\" content=\"https:\/\/www.wevonline.org\/wp-content\/uploads\/2022\/08\/Careers-Banner.jpg\" \/>\n\t<meta property=\"og:image:width\" content=\"1370\" \/>\n\t<meta property=\"og:image:height\" content=\"1100\" \/>\n\t<meta property=\"og:image:type\" content=\"image\/jpeg\" \/>\n<meta name=\"twitter:card\" content=\"summary_large_image\" \/>\n<meta name=\"twitter:label1\" content=\"Est. reading time\" \/>\n\t<meta name=\"twitter:data1\" content=\"1 minute\" \/>\n<script type=\"application\/ld+json\" class=\"yoast-schema-graph\">{\"@context\":\"https:\/\/schema.org\",\"@graph\":[{\"@type\":\"WebPage\",\"@id\":\"https:\/\/www.wevonline.org\/wev-careers\/\",\"url\":\"https:\/\/www.wevonline.org\/wev-careers\/\",\"name\":\"Carreras - WEV\",\"isPartOf\":{\"@id\":\"https:\/\/www.wevonline.org\/#website\"},\"primaryImageOfPage\":{\"@id\":\"https:\/\/www.wevonline.org\/wev-careers\/#primaryimage\"},\"image\":{\"@id\":\"https:\/\/www.wevonline.org\/wev-careers\/#primaryimage\"},\"thumbnailUrl\":\"https:\/\/wevonline.org\/wp-content\/uploads\/2022\/08\/Careers-Banner.jpg\",\"datePublished\":\"2022-06-14T09:27:27+00:00\",\"dateModified\":\"2026-03-12T21:57:41+00:00\",\"description\":\"M\u00e1s que una carrera. Obtenga informaci\u00f3n sobre c\u00f3mo trabajar con WEV, una carrera con prop\u00f3sito, y descubra las oportunidades de trabajos sin fines de lucro actuales.\",\"breadcrumb\":{\"@id\":\"https:\/\/www.wevonline.org\/wev-careers\/#breadcrumb\"},\"inLanguage\":\"es-ES\",\"potentialAction\":[{\"@type\":\"ReadAction\",\"target\":[\"https:\/\/www.wevonline.org\/wev-careers\/\"]}]},{\"@type\":\"ImageObject\",\"inLanguage\":\"es-ES\",\"@id\":\"https:\/\/www.wevonline.org\/wev-careers\/#primaryimage\",\"url\":\"https:\/\/wevonline.org\/wp-content\/uploads\/2022\/08\/Careers-Banner.jpg\",\"contentUrl\":\"https:\/\/wevonline.org\/wp-content\/uploads\/2022\/08\/Careers-Banner.jpg\",\"width\":1370,\"height\":1100,\"caption\":\"El personal de WEV consulta con empresarias Catalina Esteves y Elsa Cisnero; WEV ofrece trabajos sin fines de lucro con un prop\u00f3sito.\"},{\"@type\":\"BreadcrumbList\",\"@id\":\"https:\/\/www.wevonline.org\/wev-careers\/#breadcrumb\",\"itemListElement\":[{\"@type\":\"ListItem\",\"position\":1,\"name\":\"Home\",\"item\":\"https:\/\/www.wevonline.org\/es\/\"},{\"@type\":\"ListItem\",\"position\":2,\"name\":\"Carreras\"}]},{\"@type\":\"WebSite\",\"@id\":\"https:\/\/www.wevonline.org\/#website\",\"url\":\"https:\/\/www.wevonline.org\/\",\"name\":\"WEV\",\"description\":\"Women&#039;s Economic Ventures\",\"publisher\":{\"@id\":\"https:\/\/www.wevonline.org\/#organization\"},\"potentialAction\":[{\"@type\":\"SearchAction\",\"target\":{\"@type\":\"EntryPoint\",\"urlTemplate\":\"https:\/\/www.wevonline.org\/?s={search_term_string}\"},\"query-input\":{\"@type\":\"PropertyValueSpecification\",\"valueRequired\":true,\"valueName\":\"search_term_string\"}}],\"inLanguage\":\"es-ES\"},{\"@type\":\"Organization\",\"@id\":\"https:\/\/www.wevonline.org\/#organization\",\"name\":\"Women's Economic Ventures\",\"url\":\"https:\/\/www.wevonline.org\/\",\"logo\":{\"@type\":\"ImageObject\",\"inLanguage\":\"es-ES\",\"@id\":\"https:\/\/www.wevonline.org\/#\/schema\/logo\/image\/\",\"url\":\"https:\/\/www.wevonline.org\/wp-content\/uploads\/2022\/08\/WEV-Spanish-Logo_Website-Header.png\",\"contentUrl\":\"https:\/\/www.wevonline.org\/wp-content\/uploads\/2022\/08\/WEV-Spanish-Logo_Website-Header.png\",\"width\":506,\"height\":127,\"caption\":\"Women's Economic Ventures\"},\"image\":{\"@id\":\"https:\/\/www.wevonline.org\/#\/schema\/logo\/image\/\"},\"sameAs\":[\"https:\/\/www.facebook.com\/WomensEconomicVentures\",\"https:\/\/www.instagram.com\/womenseconomicventures\/?hl=en\"]}]}<\/script>\n<!-- \/ Yoast SEO plugin. -->","yoast_head_json":{"title":"Carreras - WEV","description":"M\u00e1s que una carrera. Obtenga informaci\u00f3n sobre c\u00f3mo trabajar con WEV, una carrera con prop\u00f3sito, y descubra las oportunidades de trabajos sin fines de lucro actuales.","robots":{"index":"index","follow":"follow","max-snippet":"max-snippet:-1","max-image-preview":"max-image-preview:large","max-video-preview":"max-video-preview:-1"},"canonical":"https:\/\/www.wevonline.org\/wev-careers\/","og_locale":"es_ES","og_type":"article","og_title":"Carreras - WEV","og_description":"M\u00e1s que una carrera. Obtenga informaci\u00f3n sobre c\u00f3mo trabajar con WEV, una carrera con prop\u00f3sito, y descubra las oportunidades de trabajos sin fines de lucro actuales.","og_url":"https:\/\/www.wevonline.org\/wev-careers\/","og_site_name":"WEV","article_publisher":"https:\/\/www.facebook.com\/WomensEconomicVentures","article_modified_time":"2026-03-12T21:57:41+00:00","og_image":[{"width":1370,"height":1100,"url":"https:\/\/www.wevonline.org\/wp-content\/uploads\/2022\/08\/Careers-Banner.jpg","type":"image\/jpeg"}],"twitter_card":"summary_large_image","twitter_misc":{"Est. reading time":"1 minute"},"schema":{"@context":"https:\/\/schema.org","@graph":[{"@type":"WebPage","@id":"https:\/\/www.wevonline.org\/wev-careers\/","url":"https:\/\/www.wevonline.org\/wev-careers\/","name":"Carreras - WEV","isPartOf":{"@id":"https:\/\/www.wevonline.org\/#website"},"primaryImageOfPage":{"@id":"https:\/\/www.wevonline.org\/wev-careers\/#primaryimage"},"image":{"@id":"https:\/\/www.wevonline.org\/wev-careers\/#primaryimage"},"thumbnailUrl":"https:\/\/wevonline.org\/wp-content\/uploads\/2022\/08\/Careers-Banner.jpg","datePublished":"2022-06-14T09:27:27+00:00","dateModified":"2026-03-12T21:57:41+00:00","description":"M\u00e1s que una carrera. Obtenga informaci\u00f3n sobre c\u00f3mo trabajar con WEV, una carrera con prop\u00f3sito, y descubra las oportunidades de trabajos sin fines de lucro actuales.","breadcrumb":{"@id":"https:\/\/www.wevonline.org\/wev-careers\/#breadcrumb"},"inLanguage":"es-ES","potentialAction":[{"@type":"ReadAction","target":["https:\/\/www.wevonline.org\/wev-careers\/"]}]},{"@type":"ImageObject","inLanguage":"es-ES","@id":"https:\/\/www.wevonline.org\/wev-careers\/#primaryimage","url":"https:\/\/wevonline.org\/wp-content\/uploads\/2022\/08\/Careers-Banner.jpg","contentUrl":"https:\/\/wevonline.org\/wp-content\/uploads\/2022\/08\/Careers-Banner.jpg","width":1370,"height":1100,"caption":"El personal de WEV consulta con empresarias Catalina Esteves y Elsa Cisnero; WEV ofrece trabajos sin fines de lucro con un prop\u00f3sito."},{"@type":"BreadcrumbList","@id":"https:\/\/www.wevonline.org\/wev-careers\/#breadcrumb","itemListElement":[{"@type":"ListItem","position":1,"name":"Home","item":"https:\/\/www.wevonline.org\/es\/"},{"@type":"ListItem","position":2,"name":"Carreras"}]},{"@type":"WebSite","@id":"https:\/\/www.wevonline.org\/#website","url":"https:\/\/www.wevonline.org\/","name":"WEV","description":"Women&#039;s Economic Ventures","publisher":{"@id":"https:\/\/www.wevonline.org\/#organization"},"potentialAction":[{"@type":"SearchAction","target":{"@type":"EntryPoint","urlTemplate":"https:\/\/www.wevonline.org\/?s={search_term_string}"},"query-input":{"@type":"PropertyValueSpecification","valueRequired":true,"valueName":"search_term_string"}}],"inLanguage":"es-ES"},{"@type":"Organization","@id":"https:\/\/www.wevonline.org\/#organization","name":"Women's Economic Ventures","url":"https:\/\/www.wevonline.org\/","logo":{"@type":"ImageObject","inLanguage":"es-ES","@id":"https:\/\/www.wevonline.org\/#\/schema\/logo\/image\/","url":"https:\/\/www.wevonline.org\/wp-content\/uploads\/2022\/08\/WEV-Spanish-Logo_Website-Header.png","contentUrl":"https:\/\/www.wevonline.org\/wp-content\/uploads\/2022\/08\/WEV-Spanish-Logo_Website-Header.png","width":506,"height":127,"caption":"Women's Economic Ventures"},"image":{"@id":"https:\/\/www.wevonline.org\/#\/schema\/logo\/image\/"},"sameAs":["https:\/\/www.facebook.com\/WomensEconomicVentures","https:\/\/www.instagram.com\/womenseconomicventures\/?hl=en"]}]}},"_links":{"self":[{"href":"https:\/\/wevonline.org\/es\/wp-json\/wp\/v2\/pages\/639","targetHints":{"allow":["GET"]}}],"collection":[{"href":"https:\/\/wevonline.org\/es\/wp-json\/wp\/v2\/pages"}],"about":[{"href":"https:\/\/wevonline.org\/es\/wp-json\/wp\/v2\/types\/page"}],"author":[{"embeddable":true,"href":"https:\/\/wevonline.org\/es\/wp-json\/wp\/v2\/users\/1"}],"replies":[{"embeddable":true,"href":"https:\/\/wevonline.org\/es\/wp-json\/wp\/v2\/comments?post=639"}],"version-history":[{"count":21,"href":"https:\/\/wevonline.org\/es\/wp-json\/wp\/v2\/pages\/639\/revisions"}],"predecessor-version":[{"id":14993,"href":"https:\/\/wevonline.org\/es\/wp-json\/wp\/v2\/pages\/639\/revisions\/14993"}],"wp:featuredmedia":[{"embeddable":true,"href":"https:\/\/wevonline.org\/es\/wp-json\/wp\/v2\/media\/5118"}],"wp:attachment":[{"href":"https:\/\/wevonline.org\/es\/wp-json\/wp\/v2\/media?parent=639"}],"curies":[{"name":"wp","href":"https:\/\/api.w.org\/{rel}","templated":true}]}}