{"id":642,"date":"2022-06-14T09:27:11","date_gmt":"2022-06-14T09:27:11","guid":{"rendered":"https:\/\/www.wevonline.org\/consultores-e-instructores\/"},"modified":"2025-02-24T22:53:32","modified_gmt":"2025-02-24T22:53:32","slug":"personal-asesoria-instruccion","status":"publish","type":"page","link":"https:\/\/wevonline.org\/es\/personal-asesoria-instruccion\/","title":{"rendered":"Personal de Asesor\u00eda e Instruccion"},"content":{"rendered":"","protected":false},"excerpt":{"rendered":"","protected":false},"author":1,"featured_media":0,"parent":0,"menu_order":0,"comment_status":"closed","ping_status":"closed","template":"","meta":{"_acf_changed":false,"footnotes":""},"class_list":["post-642","page","type-page","status-publish","hentry"],"acf":{"flexible_blocks":[{"acf_fc_layout":"cb07_interior_banner","block_id":"","margin_top":"","margin_bottom":"","add_custom_css_class":"","headline":"Personal de Asesor\u00eda e Instruccion","sub_headline":"","image":false},{"acf_fc_layout":"cb17_bio_grid","block_id":"","margin_top":"","margin_bottom":"","add_custom_css_class":"","heading":"Conoce al equipo","sub_heading":"","choose_bios":[13596,4866,13245,4874,11028,4879,7021,13675,4888,13654,4897,6950,13589,13639,13117]},{"acf_fc_layout":"cb12_related_content","block_id":"","margin_top":"","margin_bottom":"","add_custom_css_class":"","heading":"Tambi\u00e9n te puede interesar","classes_resources":"manual_enter","show_latest":null,"drawer":[{"sub_heading":"M\u00e1s informaci\u00f3n sobre WEV","title":"Acerca de WEV","cta_link":{"title":"Aprende m\u00e1s","url":"https:\/\/www.wevonline.org\/es\/acerca-de-wev\/","target":""},"image":"https:\/\/wevonline.org\/wp-content\/uploads\/2022\/08\/About-WEV-Related-Content.jpg"},{"sub_heading":"Recursos de Negocios","title":"Recursos","cta_link":{"title":"Explora","url":"https:\/\/www.wevonline.org\/es\/recursos\/","target":""},"image":"https:\/\/wevonline.org\/wp-content\/uploads\/2022\/08\/Resources_Business-Start-Up-Guide_Related-Content.jpg"},{"sub_heading":"M\u00e1s informaci\u00f3n sobre WEV","title":"Trabaja con WEV","cta_link":{"title":"Aprende m\u00e1s","url":"https:\/\/www.wevonline.org\/es\/carreras\/","target":""},"image":"https:\/\/wevonline.org\/wp-content\/uploads\/2022\/08\/Careers_Related-Content.jpg"}]}],"floating_cta_enable":"disable"},"yoast_head":"<!-- This site is optimized with the Yoast SEO plugin v27.2 - https:\/\/yoast.com\/product\/yoast-seo-wordpress\/ -->\n<title>Personal de Asesor\u00eda e Instruccion - WEV<\/title>\n<meta name=\"description\" content=\"Conoce a las(os) asesores(es) e instructoras(es) de WEV, que aportan conocimientos empresariales y experiencia del mundo real para apoyar los viajes empresariales de las(os) clientes.\" \/>\n<meta name=\"robots\" content=\"index, follow, max-snippet:-1, max-image-preview:large, max-video-preview:-1\" \/>\n<link rel=\"canonical\" href=\"https:\/\/www.wevonline.org\/es\/personal-asesoria-instruccion\/\" \/>\n<meta property=\"og:locale\" content=\"es_ES\" \/>\n<meta property=\"og:type\" content=\"article\" \/>\n<meta property=\"og:title\" content=\"Personal de Asesor\u00eda e Instruccion - WEV\" \/>\n<meta property=\"og:description\" content=\"Conoce a las(os) asesores(es) e instructoras(es) de WEV, que aportan conocimientos empresariales y experiencia del mundo real para apoyar los viajes empresariales de las(os) clientes.\" \/>\n<meta property=\"og:url\" content=\"https:\/\/www.wevonline.org\/es\/personal-asesoria-instruccion\/\" \/>\n<meta property=\"og:site_name\" content=\"WEV\" \/>\n<meta property=\"article:publisher\" content=\"https:\/\/www.facebook.com\/WomensEconomicVentures\" \/>\n<meta property=\"article:modified_time\" content=\"2025-02-24T22:53:32+00:00\" \/>\n<meta name=\"twitter:card\" content=\"summary_large_image\" \/>\n<script type=\"application\/ld+json\" class=\"yoast-schema-graph\">{\"@context\":\"https:\/\/schema.org\",\"@graph\":[{\"@type\":\"WebPage\",\"@id\":\"https:\/\/www.wevonline.org\/es\/personal-asesoria-instruccion\/\",\"url\":\"https:\/\/www.wevonline.org\/es\/personal-asesoria-instruccion\/\",\"name\":\"Personal de Asesor\u00eda e Instruccion - WEV\",\"isPartOf\":{\"@id\":\"https:\/\/www.wevonline.org\/#website\"},\"datePublished\":\"2022-06-14T09:27:11+00:00\",\"dateModified\":\"2025-02-24T22:53:32+00:00\",\"description\":\"Conoce a las(os) asesores(es) e instructoras(es) de WEV, que aportan conocimientos empresariales y experiencia del mundo real para apoyar los viajes empresariales de las(os) clientes.\",\"breadcrumb\":{\"@id\":\"https:\/\/www.wevonline.org\/es\/personal-asesoria-instruccion\/#breadcrumb\"},\"inLanguage\":\"es-ES\",\"potentialAction\":[{\"@type\":\"ReadAction\",\"target\":[\"https:\/\/www.wevonline.org\/es\/personal-asesoria-instruccion\/\"]}]},{\"@type\":\"BreadcrumbList\",\"@id\":\"https:\/\/www.wevonline.org\/es\/personal-asesoria-instruccion\/#breadcrumb\",\"itemListElement\":[{\"@type\":\"ListItem\",\"position\":1,\"name\":\"Home\",\"item\":\"https:\/\/www.wevonline.org\/es\/\"},{\"@type\":\"ListItem\",\"position\":2,\"name\":\"Personal de Asesor\u00eda e Instruccion\"}]},{\"@type\":\"WebSite\",\"@id\":\"https:\/\/www.wevonline.org\/#website\",\"url\":\"https:\/\/www.wevonline.org\/\",\"name\":\"WEV\",\"description\":\"Women&#039;s Economic Ventures\",\"publisher\":{\"@id\":\"https:\/\/www.wevonline.org\/#organization\"},\"potentialAction\":[{\"@type\":\"SearchAction\",\"target\":{\"@type\":\"EntryPoint\",\"urlTemplate\":\"https:\/\/www.wevonline.org\/?s={search_term_string}\"},\"query-input\":{\"@type\":\"PropertyValueSpecification\",\"valueRequired\":true,\"valueName\":\"search_term_string\"}}],\"inLanguage\":\"es-ES\"},{\"@type\":\"Organization\",\"@id\":\"https:\/\/www.wevonline.org\/#organization\",\"name\":\"Women's Economic Ventures\",\"url\":\"https:\/\/www.wevonline.org\/\",\"logo\":{\"@type\":\"ImageObject\",\"inLanguage\":\"es-ES\",\"@id\":\"https:\/\/www.wevonline.org\/#\/schema\/logo\/image\/\",\"url\":\"https:\/\/www.wevonline.org\/wp-content\/uploads\/2022\/08\/WEV-Spanish-Logo_Website-Header.png\",\"contentUrl\":\"https:\/\/www.wevonline.org\/wp-content\/uploads\/2022\/08\/WEV-Spanish-Logo_Website-Header.png\",\"width\":506,\"height\":127,\"caption\":\"Women's Economic Ventures\"},\"image\":{\"@id\":\"https:\/\/www.wevonline.org\/#\/schema\/logo\/image\/\"},\"sameAs\":[\"https:\/\/www.facebook.com\/WomensEconomicVentures\",\"https:\/\/www.instagram.com\/womenseconomicventures\/?hl=en\"]}]}<\/script>\n<!-- \/ Yoast SEO plugin. -->","yoast_head_json":{"title":"Personal de Asesor\u00eda e Instruccion - WEV","description":"Conoce a las(os) asesores(es) e instructoras(es) de WEV, que aportan conocimientos empresariales y experiencia del mundo real para apoyar los viajes empresariales de las(os) clientes.","robots":{"index":"index","follow":"follow","max-snippet":"max-snippet:-1","max-image-preview":"max-image-preview:large","max-video-preview":"max-video-preview:-1"},"canonical":"https:\/\/www.wevonline.org\/es\/personal-asesoria-instruccion\/","og_locale":"es_ES","og_type":"article","og_title":"Personal de Asesor\u00eda e Instruccion - WEV","og_description":"Conoce a las(os) asesores(es) e instructoras(es) de WEV, que aportan conocimientos empresariales y experiencia del mundo real para apoyar los viajes empresariales de las(os) clientes.","og_url":"https:\/\/www.wevonline.org\/es\/personal-asesoria-instruccion\/","og_site_name":"WEV","article_publisher":"https:\/\/www.facebook.com\/WomensEconomicVentures","article_modified_time":"2025-02-24T22:53:32+00:00","twitter_card":"summary_large_image","schema":{"@context":"https:\/\/schema.org","@graph":[{"@type":"WebPage","@id":"https:\/\/www.wevonline.org\/es\/personal-asesoria-instruccion\/","url":"https:\/\/www.wevonline.org\/es\/personal-asesoria-instruccion\/","name":"Personal de Asesor\u00eda e Instruccion - WEV","isPartOf":{"@id":"https:\/\/www.wevonline.org\/#website"},"datePublished":"2022-06-14T09:27:11+00:00","dateModified":"2025-02-24T22:53:32+00:00","description":"Conoce a las(os) asesores(es) e instructoras(es) de WEV, que aportan conocimientos empresariales y experiencia del mundo real para apoyar los viajes empresariales de las(os) clientes.","breadcrumb":{"@id":"https:\/\/www.wevonline.org\/es\/personal-asesoria-instruccion\/#breadcrumb"},"inLanguage":"es-ES","potentialAction":[{"@type":"ReadAction","target":["https:\/\/www.wevonline.org\/es\/personal-asesoria-instruccion\/"]}]},{"@type":"BreadcrumbList","@id":"https:\/\/www.wevonline.org\/es\/personal-asesoria-instruccion\/#breadcrumb","itemListElement":[{"@type":"ListItem","position":1,"name":"Home","item":"https:\/\/www.wevonline.org\/es\/"},{"@type":"ListItem","position":2,"name":"Personal de Asesor\u00eda e Instruccion"}]},{"@type":"WebSite","@id":"https:\/\/www.wevonline.org\/#website","url":"https:\/\/www.wevonline.org\/","name":"WEV","description":"Women&#039;s Economic Ventures","publisher":{"@id":"https:\/\/www.wevonline.org\/#organization"},"potentialAction":[{"@type":"SearchAction","target":{"@type":"EntryPoint","urlTemplate":"https:\/\/www.wevonline.org\/?s={search_term_string}"},"query-input":{"@type":"PropertyValueSpecification","valueRequired":true,"valueName":"search_term_string"}}],"inLanguage":"es-ES"},{"@type":"Organization","@id":"https:\/\/www.wevonline.org\/#organization","name":"Women's Economic Ventures","url":"https:\/\/www.wevonline.org\/","logo":{"@type":"ImageObject","inLanguage":"es-ES","@id":"https:\/\/www.wevonline.org\/#\/schema\/logo\/image\/","url":"https:\/\/www.wevonline.org\/wp-content\/uploads\/2022\/08\/WEV-Spanish-Logo_Website-Header.png","contentUrl":"https:\/\/www.wevonline.org\/wp-content\/uploads\/2022\/08\/WEV-Spanish-Logo_Website-Header.png","width":506,"height":127,"caption":"Women's Economic Ventures"},"image":{"@id":"https:\/\/www.wevonline.org\/#\/schema\/logo\/image\/"},"sameAs":["https:\/\/www.facebook.com\/WomensEconomicVentures","https:\/\/www.instagram.com\/womenseconomicventures\/?hl=en"]}]}},"_links":{"self":[{"href":"https:\/\/wevonline.org\/es\/wp-json\/wp\/v2\/pages\/642","targetHints":{"allow":["GET"]}}],"collection":[{"href":"https:\/\/wevonline.org\/es\/wp-json\/wp\/v2\/pages"}],"about":[{"href":"https:\/\/wevonline.org\/es\/wp-json\/wp\/v2\/types\/page"}],"author":[{"embeddable":true,"href":"https:\/\/wevonline.org\/es\/wp-json\/wp\/v2\/users\/1"}],"replies":[{"embeddable":true,"href":"https:\/\/wevonline.org\/es\/wp-json\/wp\/v2\/comments?post=642"}],"version-history":[{"count":11,"href":"https:\/\/wevonline.org\/es\/wp-json\/wp\/v2\/pages\/642\/revisions"}],"predecessor-version":[{"id":13273,"href":"https:\/\/wevonline.org\/es\/wp-json\/wp\/v2\/pages\/642\/revisions\/13273"}],"wp:attachment":[{"href":"https:\/\/wevonline.org\/es\/wp-json\/wp\/v2\/media?parent=642"}],"curies":[{"name":"wp","href":"https:\/\/api.w.org\/{rel}","templated":true}]}}