{"id":643,"date":"2022-06-14T11:17:23","date_gmt":"2022-06-14T11:17:23","guid":{"rendered":"https:\/\/www.wevonline.org\/consultante\/"},"modified":"2026-03-05T18:56:26","modified_gmt":"2026-03-05T18:56:26","slug":"asesoria","status":"publish","type":"page","link":"https:\/\/wevonline.org\/es\/asesoria\/","title":{"rendered":"Asesor\u00eda de Negocios"},"content":{"rendered":"","protected":false},"excerpt":{"rendered":"","protected":false},"author":1,"featured_media":5308,"parent":0,"menu_order":0,"comment_status":"closed","ping_status":"closed","template":"templates\/template-c.php","meta":{"_acf_changed":false,"footnotes":""},"class_list":["post-643","page","type-page","status-publish","has-post-thumbnail","hentry"],"acf":{"floating_cta_enable":"disable","content_template_c":[{"acf_fc_layout":"cb07_interior_banner","block_id":"","margin_top":"","margin_bottom":"","add_custom_css_class":"","headline":"Asesor\u00eda de Negocios","sub_headline":"","image":"https:\/\/wevonline.org\/wp-content\/uploads\/2022\/08\/Business-Consulting-Banner.jpg"},{"acf_fc_layout":"cb16_program_grid","block_id":"","margin_top":"","margin_bottom":"","add_custom_css_class":"","headline":"Asesor\u00eda de Negocios de WEV","need_help_heading":"\u00bfNecesitas ayuda?","use_image_instead_of_help_links":false,"right_side_image":false,"need_help_links":[{"links":{"title":"Encuentra recursos para ti","url":"#consulting-scenario-selector","target":""}},{"links":{"title":"Preguntas frecuentes","url":"#consulting-faqs","target":""}},{"links":{"title":"Ponte en contacto","url":"https:\/\/www.wevonline.org\/es\/ponte-en-contacto\/?entry=%7B%22Team%22:%22Consulting%22%7D","target":""}}],"program_tiles":[{"cta_link":{"title":"Acel\u00e9rate Asesor\u00eda de Negocios","url":"https:\/\/www.wevonline.org\/es\/programs\/acelerate\/","target":""},"description":"Apoyo empresarial r\u00e1pido, flexible y enfocado, dise\u00f1ado a la medida de tus necesidades espec\u00edficas para apoyar el \u00e9xito con tus metas o proyectos de negocio. En espa\u00f1ol, opci\u00f3n en ingl\u00e9s."},{"cta_link":{"title":"Avanza Asesor\u00eda de Negocios","url":"https:\/\/www.wevonline.org\/es\/programs\/avanza\/","target":""},"description":"Acompa\u00f1amiento estrat\u00e9gico y mentor\u00eda empresarial de largo plazo para apoyar el crecimiento de tu negocio. En espa\u00f1ol, opci\u00f3n en ingl\u00e9s."},{"cta_link":{"title":"Consultor\u00eda de Contabilidad","url":"https:\/\/www.wevonline.org\/es\/programs\/consultoria-de-contabilidad\/","target":""},"description":"Asesor\u00eda experta uno a uno para establecer sistemas de contabilidad, ordenar tus registros y fortalecer la base financiera de tu negocio. En espa\u00f1ol, opci\u00f3n en ingl\u00e9s."},{"cta_link":{"title":"Portal de recursos para clientes de asesor\u00eda de negocios","url":" https:\/\/asesoria.wevonline.org\/home","target":"_blank"},"description":"Acceda a recursos para tu peque\u00f1o negocio. Clientes de Asesor\u00eda de Negocios de WEV: \u00a1inicien sesi\u00f3n para obtener m\u00e1s contenido y apoyo!"}]},{"acf_fc_layout":"cb05_scenario_selector","block_id":"consulting-scenario-selector","margin_top":"","margin_bottom":"","add_custom_css_class":"","heading":"Encuentra recursos para ti","drawers":[{"text":"Quiero entender mejor las finanzas de mi negocio...","drawer_content":[{"button":{"title":"Consultor\u00eda de Contabilidad","url":"https:\/\/www.wevonline.org\/es\/programs\/consultoria-de-quickbooks\/","target":""}}]},{"text":"Tengo un problema espec\u00edfico en mi negocio y necesito ayuda...","drawer_content":[{"button":{"title":"Acel\u00e9rate Asesor\u00eda de Negocios","url":"https:\/\/www.wevonline.org\/es\/programs\/acelerate\/","target":""}}]},{"text":"Necesito apoyo y responsabilidad para lograr mis metas comerciales...","drawer_content":[{"button":{"title":"Avanza Asesor\u00eda de Negocios","url":"https:\/\/www.wevonline.org\/es\/programs\/avanza\/","target":""}}]},{"text":"Necesito ayuda para hacer crecer mi negocio...","drawer_content":[{"button":{"title":"Avanza Asesor\u00eda de Negocios","url":"https:\/\/www.wevonline.org\/es\/programs\/avanza\/","target":""}}]},{"text":"Soy cliente de Asesor\u00eda de WEV y quiero acceder al Portal de Recursos...","drawer_content":[{"button":{"title":"Asesor\u00eda Empresarial de WEV Portal de Recursos","url":"https:\/\/asesoria.wevonline.org\/home","target":"_blank"}}]}]},{"acf_fc_layout":"cb06_stories_and_speakers","block_id":"","margin_top":"","margin_bottom":"","add_custom_css_class":"","stories_speakers":"stories","select_stories":[{"ID":3719,"post_author":"1","post_date":"2022-07-28 18:35:49","post_date_gmt":"2022-07-28 18:35:49","post_content":"","post_title":"Carol Venegas Schuster (consulting quote only)","post_excerpt":"","post_status":"publish","comment_status":"closed","ping_status":"closed","post_password":"","post_name":"carol-venegas-schuster-consulting-quote-only","to_ping":"","pinged":"","post_modified":"2022-09-03 01:00:19","post_modified_gmt":"2022-09-03 01:00:19","post_content_filtered":"","post_parent":0,"guid":"https:\/\/www.wevonline.org\/stories\/carol-venegas-schuster-consulting-quote-only\/","menu_order":0,"post_type":"s_cpt","post_mime_type":"","comment_count":"0","filter":"raw"},{"ID":3720,"post_author":"1","post_date":"2022-07-28 18:33:55","post_date_gmt":"2022-07-28 18:33:55","post_content":"","post_title":"Jenae Juarez (consulting quote only)","post_excerpt":"","post_status":"publish","comment_status":"closed","ping_status":"closed","post_password":"","post_name":"jenae-juarez-consulting-quote-only","to_ping":"","pinged":"","post_modified":"2022-09-03 01:09:42","post_modified_gmt":"2022-09-03 01:09:42","post_content_filtered":"","post_parent":0,"guid":"https:\/\/www.wevonline.org\/stories\/jenae-juarez-consulting-quote-only\/","menu_order":0,"post_type":"s_cpt","post_mime_type":"","comment_count":"0","filter":"raw"},{"ID":3723,"post_author":"1","post_date":"2022-07-29 13:11:58","post_date_gmt":"2022-07-29 13:11:58","post_content":"","post_title":"Nicole Facciuto (consulting quote only)","post_excerpt":"","post_status":"publish","comment_status":"closed","ping_status":"closed","post_password":"","post_name":"nicole-facciuto-consulting-quote-only","to_ping":"","pinged":"","post_modified":"2022-09-28 23:28:27","post_modified_gmt":"2022-09-28 23:28:27","post_content_filtered":"","post_parent":0,"guid":"https:\/\/www.wevonline.org\/stories\/nicole-facciuto-consulting-quote-only\/","menu_order":0,"post_type":"s_cpt","post_mime_type":"","comment_count":"0","filter":"raw"},{"ID":3724,"post_author":"1","post_date":"2022-07-28 18:34:58","post_date_gmt":"2022-07-28 18:34:58","post_content":"","post_title":"Bridgette Koenig","post_excerpt":"","post_status":"publish","comment_status":"closed","ping_status":"closed","post_password":"","post_name":"bridgette-koenig","to_ping":"","pinged":"","post_modified":"2025-02-25 17:14:37","post_modified_gmt":"2025-02-25 17:14:37","post_content_filtered":"","post_parent":0,"guid":"https:\/\/www.wevonline.org\/stories\/bridgette-koenig\/","menu_order":0,"post_type":"s_cpt","post_mime_type":"","comment_count":"0","filter":"raw"}],"heading":"","description":"","cta_link":null,"image":false,"all_stories_cta":{"title":"Todas las historias","url":"https:\/\/www.wevonline.org\/es\/historias-wev\/","target":""}},{"acf_fc_layout":"cb09_faq_drawers","block_id":"consulting-faqs","margin_top":"","margin_bottom":"","add_custom_css_class":"","heading":"Preguntas frecuentes","default_faq_image":"https:\/\/wevonline.org\/wp-content\/uploads\/2022\/08\/Business-Consulting-FAQ-Default.jpg","faq_drawer":[{"ID":2030,"post_author":"1","post_date":"2022-07-18 07:28:29","post_date_gmt":"2022-07-18 07:28:29","post_content":"","post_title":"\u00bfQu\u00e9 significa \"Tarifa regular\"?","post_excerpt":"","post_status":"publish","comment_status":"closed","ping_status":"closed","post_password":"","post_name":"what-does-basic-fee-mean","to_ping":"","pinged":"","post_modified":"2025-07-21 23:41:54","post_modified_gmt":"2025-07-21 23:41:54","post_content_filtered":"","post_parent":0,"guid":"https:\/\/www.wevonline.org\/f_cpt\/what-does-basic-fee-mean\/","menu_order":0,"post_type":"f_cpt","post_mime_type":"","comment_count":"0","filter":"raw"},{"ID":3640,"post_author":"1","post_date":"2022-07-28 18:37:58","post_date_gmt":"2022-07-28 18:37:58","post_content":"","post_title":"\u00bfCu\u00e1ndo puedo inscribirme?","post_excerpt":"","post_status":"publish","comment_status":"closed","ping_status":"closed","post_password":"","post_name":"cuando-puedo-inscribirme","to_ping":"","pinged":"","post_modified":"2022-08-31 20:11:22","post_modified_gmt":"2022-08-31 20:11:22","post_content_filtered":"","post_parent":0,"guid":"https:\/\/www.wevonline.org\/f_cpt\/cuando-puedo-inscribirme\/","menu_order":0,"post_type":"f_cpt","post_mime_type":"","comment_count":"0","filter":"raw"},{"ID":3641,"post_author":"1","post_date":"2022-07-28 18:39:28","post_date_gmt":"2022-07-28 18:39:28","post_content":"","post_title":"\u00bfCu\u00e1nto cuestan los programas de asesor\u00eda de WEV?","post_excerpt":"","post_status":"publish","comment_status":"closed","ping_status":"closed","post_password":"","post_name":"cuanto-cuestan-los-programas-de-asesoria-de-wev","to_ping":"","pinged":"","post_modified":"2022-08-24 20:53:31","post_modified_gmt":"2022-08-24 20:53:31","post_content_filtered":"","post_parent":0,"guid":"https:\/\/www.wevonline.org\/f_cpt\/cuanto-cuestan-los-programas-de-asesoria-de-wev\/","menu_order":0,"post_type":"f_cpt","post_mime_type":"","comment_count":"0","filter":"raw"},{"ID":3642,"post_author":"1","post_date":"2022-07-28 18:39:56","post_date_gmt":"2022-07-28 18:39:56","post_content":"","post_title":"\u00bfCu\u00e1nto dura cada uno de los programas de Asesor\u00eda de WEV?","post_excerpt":"","post_status":"publish","comment_status":"closed","ping_status":"closed","post_password":"","post_name":"cuanto-dura-cada-uno-de-los-programas-de-asesoria-de-wev","to_ping":"","pinged":"","post_modified":"2025-05-02 16:51:02","post_modified_gmt":"2025-05-02 16:51:02","post_content_filtered":"","post_parent":0,"guid":"https:\/\/www.wevonline.org\/f_cpt\/cuanto-dura-cada-uno-de-los-programas-de-asesoria-de-wev\/","menu_order":0,"post_type":"f_cpt","post_mime_type":"","comment_count":"0","filter":"raw"},{"ID":3643,"post_author":"1","post_date":"2022-07-28 18:41:24","post_date_gmt":"2022-07-28 18:41:24","post_content":"","post_title":"\u00bfQu\u00e9 pasa si solo quiero ayuda a corto plazo?","post_excerpt":"","post_status":"publish","comment_status":"closed","ping_status":"closed","post_password":"","post_name":"que-pasa-si-solo-quiero-ayuda-a-corto-plazo","to_ping":"","pinged":"","post_modified":"2022-08-31 20:10:56","post_modified_gmt":"2022-08-31 20:10:56","post_content_filtered":"","post_parent":0,"guid":"https:\/\/www.wevonline.org\/f_cpt\/que-pasa-si-solo-quiero-ayuda-a-corto-plazo\/","menu_order":0,"post_type":"f_cpt","post_mime_type":"","comment_count":"0","filter":"raw"},{"ID":3644,"post_author":"1","post_date":"2022-07-28 18:42:49","post_date_gmt":"2022-07-28 18:42:49","post_content":"","post_title":"\u00bfCon qu\u00e9 asesor(a) de negocios trabajar\u00e9?","post_excerpt":"","post_status":"publish","comment_status":"closed","ping_status":"closed","post_password":"","post_name":"con-que-asesora-de-negocios-trabajare","to_ping":"","pinged":"","post_modified":"2022-08-31 20:10:46","post_modified_gmt":"2022-08-31 20:10:46","post_content_filtered":"","post_parent":0,"guid":"https:\/\/www.wevonline.org\/f_cpt\/con-que-asesora-de-negocios-trabajare\/","menu_order":0,"post_type":"f_cpt","post_mime_type":"","comment_count":"0","filter":"raw"},{"ID":14981,"post_author":"3","post_date":"2026-03-05 18:49:04","post_date_gmt":"2026-03-05 18:49:04","post_content":"","post_title":"\u00bfD\u00f3nde puedo acceder a mi Portal de Recursos de Asesor\u00eda Empresarial de WEV?","post_excerpt":"","post_status":"publish","comment_status":"closed","ping_status":"closed","post_password":"","post_name":"donde-puedo-acceder-a-mi-portal-de-recursos-de-asesoria-empresarial-de-wev","to_ping":"","pinged":"","post_modified":"2026-03-05 18:54:26","post_modified_gmt":"2026-03-05 18:54:26","post_content_filtered":"","post_parent":0,"guid":"https:\/\/www.wevonline.org\/f_cpt\/donde-puedo-acceder-a-mi-portal-de-recursos-de-asesoria-empresarial-de-wev\/","menu_order":0,"post_type":"f_cpt","post_mime_type":"","comment_count":"0","filter":"raw"}]}]},"yoast_head":"<!-- This site is optimized with the Yoast SEO plugin v27.2 - https:\/\/yoast.com\/product\/yoast-seo-wordpress\/ -->\n<title>Asesor\u00eda de Negocios - WEV<\/title>\n<meta name=\"description\" content=\"Servicios de asesor\u00eda de negocios para apoyarte en todas las etapas de tu viaje comercial. Explora los servicios de asesor\u00eda para ti.\" \/>\n<meta name=\"robots\" content=\"index, follow, max-snippet:-1, max-image-preview:large, max-video-preview:-1\" \/>\n<link rel=\"canonical\" href=\"https:\/\/www.wevonline.org\/consulting\/\" \/>\n<meta property=\"og:locale\" content=\"es_ES\" \/>\n<meta property=\"og:type\" content=\"article\" \/>\n<meta property=\"og:title\" content=\"Asesor\u00eda de Negocios - WEV\" \/>\n<meta property=\"og:description\" content=\"Servicios de asesor\u00eda de negocios para apoyarte en todas las etapas de tu viaje comercial. Explora los servicios de asesor\u00eda para ti.\" \/>\n<meta property=\"og:url\" content=\"https:\/\/www.wevonline.org\/consulting\/\" \/>\n<meta property=\"og:site_name\" content=\"WEV\" \/>\n<meta property=\"article:publisher\" content=\"https:\/\/www.facebook.com\/WomensEconomicVentures\" \/>\n<meta property=\"article:modified_time\" content=\"2026-03-05T18:56:26+00:00\" \/>\n<meta property=\"og:image\" content=\"https:\/\/www.wevonline.org\/wp-content\/uploads\/2022\/08\/Business-Consulting-Banner.jpg\" \/>\n\t<meta property=\"og:image:width\" content=\"1370\" \/>\n\t<meta property=\"og:image:height\" content=\"1100\" \/>\n\t<meta property=\"og:image:type\" content=\"image\/jpeg\" \/>\n<meta name=\"twitter:card\" content=\"summary_large_image\" \/>\n<script type=\"application\/ld+json\" class=\"yoast-schema-graph\">{\"@context\":\"https:\/\/schema.org\",\"@graph\":[{\"@type\":\"WebPage\",\"@id\":\"https:\/\/www.wevonline.org\/consulting\/\",\"url\":\"https:\/\/www.wevonline.org\/consulting\/\",\"name\":\"Asesor\u00eda de Negocios - WEV\",\"isPartOf\":{\"@id\":\"https:\/\/www.wevonline.org\/#website\"},\"primaryImageOfPage\":{\"@id\":\"https:\/\/www.wevonline.org\/consulting\/#primaryimage\"},\"image\":{\"@id\":\"https:\/\/www.wevonline.org\/consulting\/#primaryimage\"},\"thumbnailUrl\":\"https:\/\/wevonline.org\/wp-content\/uploads\/2022\/08\/Business-Consulting-Banner.jpg\",\"datePublished\":\"2022-06-14T11:17:23+00:00\",\"dateModified\":\"2026-03-05T18:56:26+00:00\",\"description\":\"Servicios de asesor\u00eda de negocios para apoyarte en todas las etapas de tu viaje comercial. Explora los servicios de asesor\u00eda para ti.\",\"breadcrumb\":{\"@id\":\"https:\/\/www.wevonline.org\/consulting\/#breadcrumb\"},\"inLanguage\":\"es-ES\",\"potentialAction\":[{\"@type\":\"ReadAction\",\"target\":[\"https:\/\/www.wevonline.org\/consulting\/\"]}]},{\"@type\":\"ImageObject\",\"inLanguage\":\"es-ES\",\"@id\":\"https:\/\/www.wevonline.org\/consulting\/#primaryimage\",\"url\":\"https:\/\/wevonline.org\/wp-content\/uploads\/2022\/08\/Business-Consulting-Banner.jpg\",\"contentUrl\":\"https:\/\/wevonline.org\/wp-content\/uploads\/2022\/08\/Business-Consulting-Banner.jpg\",\"width\":1370,\"height\":1100,\"caption\":\"La propietaria de la empresa, Catalina Esteves, consulta con un miembro del personal de WEV para obtener asesoramiento de negocios.\"},{\"@type\":\"BreadcrumbList\",\"@id\":\"https:\/\/www.wevonline.org\/consulting\/#breadcrumb\",\"itemListElement\":[{\"@type\":\"ListItem\",\"position\":1,\"name\":\"Home\",\"item\":\"https:\/\/www.wevonline.org\/es\/\"},{\"@type\":\"ListItem\",\"position\":2,\"name\":\"Asesor\u00eda de Negocios\"}]},{\"@type\":\"WebSite\",\"@id\":\"https:\/\/www.wevonline.org\/#website\",\"url\":\"https:\/\/www.wevonline.org\/\",\"name\":\"WEV\",\"description\":\"Women&#039;s Economic Ventures\",\"publisher\":{\"@id\":\"https:\/\/www.wevonline.org\/#organization\"},\"potentialAction\":[{\"@type\":\"SearchAction\",\"target\":{\"@type\":\"EntryPoint\",\"urlTemplate\":\"https:\/\/www.wevonline.org\/?s={search_term_string}\"},\"query-input\":{\"@type\":\"PropertyValueSpecification\",\"valueRequired\":true,\"valueName\":\"search_term_string\"}}],\"inLanguage\":\"es-ES\"},{\"@type\":\"Organization\",\"@id\":\"https:\/\/www.wevonline.org\/#organization\",\"name\":\"Women's Economic Ventures\",\"url\":\"https:\/\/www.wevonline.org\/\",\"logo\":{\"@type\":\"ImageObject\",\"inLanguage\":\"es-ES\",\"@id\":\"https:\/\/www.wevonline.org\/#\/schema\/logo\/image\/\",\"url\":\"https:\/\/www.wevonline.org\/wp-content\/uploads\/2022\/08\/WEV-Spanish-Logo_Website-Header.png\",\"contentUrl\":\"https:\/\/www.wevonline.org\/wp-content\/uploads\/2022\/08\/WEV-Spanish-Logo_Website-Header.png\",\"width\":506,\"height\":127,\"caption\":\"Women's Economic Ventures\"},\"image\":{\"@id\":\"https:\/\/www.wevonline.org\/#\/schema\/logo\/image\/\"},\"sameAs\":[\"https:\/\/www.facebook.com\/WomensEconomicVentures\",\"https:\/\/www.instagram.com\/womenseconomicventures\/?hl=en\"]}]}<\/script>\n<!-- \/ Yoast SEO plugin. -->","yoast_head_json":{"title":"Asesor\u00eda de Negocios - WEV","description":"Servicios de asesor\u00eda de negocios para apoyarte en todas las etapas de tu viaje comercial. Explora los servicios de asesor\u00eda para ti.","robots":{"index":"index","follow":"follow","max-snippet":"max-snippet:-1","max-image-preview":"max-image-preview:large","max-video-preview":"max-video-preview:-1"},"canonical":"https:\/\/www.wevonline.org\/consulting\/","og_locale":"es_ES","og_type":"article","og_title":"Asesor\u00eda de Negocios - WEV","og_description":"Servicios de asesor\u00eda de negocios para apoyarte en todas las etapas de tu viaje comercial. Explora los servicios de asesor\u00eda para ti.","og_url":"https:\/\/www.wevonline.org\/consulting\/","og_site_name":"WEV","article_publisher":"https:\/\/www.facebook.com\/WomensEconomicVentures","article_modified_time":"2026-03-05T18:56:26+00:00","og_image":[{"width":1370,"height":1100,"url":"https:\/\/www.wevonline.org\/wp-content\/uploads\/2022\/08\/Business-Consulting-Banner.jpg","type":"image\/jpeg"}],"twitter_card":"summary_large_image","schema":{"@context":"https:\/\/schema.org","@graph":[{"@type":"WebPage","@id":"https:\/\/www.wevonline.org\/consulting\/","url":"https:\/\/www.wevonline.org\/consulting\/","name":"Asesor\u00eda de Negocios - WEV","isPartOf":{"@id":"https:\/\/www.wevonline.org\/#website"},"primaryImageOfPage":{"@id":"https:\/\/www.wevonline.org\/consulting\/#primaryimage"},"image":{"@id":"https:\/\/www.wevonline.org\/consulting\/#primaryimage"},"thumbnailUrl":"https:\/\/wevonline.org\/wp-content\/uploads\/2022\/08\/Business-Consulting-Banner.jpg","datePublished":"2022-06-14T11:17:23+00:00","dateModified":"2026-03-05T18:56:26+00:00","description":"Servicios de asesor\u00eda de negocios para apoyarte en todas las etapas de tu viaje comercial. Explora los servicios de asesor\u00eda para ti.","breadcrumb":{"@id":"https:\/\/www.wevonline.org\/consulting\/#breadcrumb"},"inLanguage":"es-ES","potentialAction":[{"@type":"ReadAction","target":["https:\/\/www.wevonline.org\/consulting\/"]}]},{"@type":"ImageObject","inLanguage":"es-ES","@id":"https:\/\/www.wevonline.org\/consulting\/#primaryimage","url":"https:\/\/wevonline.org\/wp-content\/uploads\/2022\/08\/Business-Consulting-Banner.jpg","contentUrl":"https:\/\/wevonline.org\/wp-content\/uploads\/2022\/08\/Business-Consulting-Banner.jpg","width":1370,"height":1100,"caption":"La propietaria de la empresa, Catalina Esteves, consulta con un miembro del personal de WEV para obtener asesoramiento de negocios."},{"@type":"BreadcrumbList","@id":"https:\/\/www.wevonline.org\/consulting\/#breadcrumb","itemListElement":[{"@type":"ListItem","position":1,"name":"Home","item":"https:\/\/www.wevonline.org\/es\/"},{"@type":"ListItem","position":2,"name":"Asesor\u00eda de Negocios"}]},{"@type":"WebSite","@id":"https:\/\/www.wevonline.org\/#website","url":"https:\/\/www.wevonline.org\/","name":"WEV","description":"Women&#039;s Economic Ventures","publisher":{"@id":"https:\/\/www.wevonline.org\/#organization"},"potentialAction":[{"@type":"SearchAction","target":{"@type":"EntryPoint","urlTemplate":"https:\/\/www.wevonline.org\/?s={search_term_string}"},"query-input":{"@type":"PropertyValueSpecification","valueRequired":true,"valueName":"search_term_string"}}],"inLanguage":"es-ES"},{"@type":"Organization","@id":"https:\/\/www.wevonline.org\/#organization","name":"Women's Economic Ventures","url":"https:\/\/www.wevonline.org\/","logo":{"@type":"ImageObject","inLanguage":"es-ES","@id":"https:\/\/www.wevonline.org\/#\/schema\/logo\/image\/","url":"https:\/\/www.wevonline.org\/wp-content\/uploads\/2022\/08\/WEV-Spanish-Logo_Website-Header.png","contentUrl":"https:\/\/www.wevonline.org\/wp-content\/uploads\/2022\/08\/WEV-Spanish-Logo_Website-Header.png","width":506,"height":127,"caption":"Women's Economic Ventures"},"image":{"@id":"https:\/\/www.wevonline.org\/#\/schema\/logo\/image\/"},"sameAs":["https:\/\/www.facebook.com\/WomensEconomicVentures","https:\/\/www.instagram.com\/womenseconomicventures\/?hl=en"]}]}},"_links":{"self":[{"href":"https:\/\/wevonline.org\/es\/wp-json\/wp\/v2\/pages\/643","targetHints":{"allow":["GET"]}}],"collection":[{"href":"https:\/\/wevonline.org\/es\/wp-json\/wp\/v2\/pages"}],"about":[{"href":"https:\/\/wevonline.org\/es\/wp-json\/wp\/v2\/types\/page"}],"author":[{"embeddable":true,"href":"https:\/\/wevonline.org\/es\/wp-json\/wp\/v2\/users\/1"}],"replies":[{"embeddable":true,"href":"https:\/\/wevonline.org\/es\/wp-json\/wp\/v2\/comments?post=643"}],"version-history":[{"count":8,"href":"https:\/\/wevonline.org\/es\/wp-json\/wp\/v2\/pages\/643\/revisions"}],"predecessor-version":[{"id":7070,"href":"https:\/\/wevonline.org\/es\/wp-json\/wp\/v2\/pages\/643\/revisions\/7070"}],"wp:featuredmedia":[{"embeddable":true,"href":"https:\/\/wevonline.org\/es\/wp-json\/wp\/v2\/media\/5308"}],"wp:attachment":[{"href":"https:\/\/wevonline.org\/es\/wp-json\/wp\/v2\/media?parent=643"}],"curies":[{"name":"wp","href":"https:\/\/api.w.org\/{rel}","templated":true}]}}