{"id":654,"date":"2022-06-14T11:25:29","date_gmt":"2022-06-14T11:25:29","guid":{"rendered":"https:\/\/www.wevonline.org\/impacto\/"},"modified":"2025-06-11T16:13:49","modified_gmt":"2025-06-11T16:13:49","slug":"impacto","status":"publish","type":"page","link":"https:\/\/wevonline.org\/es\/acerca-de-wev\/impacto\/","title":{"rendered":"Impacto"},"content":{"rendered":"","protected":false},"excerpt":{"rendered":"","protected":false},"author":1,"featured_media":5198,"parent":628,"menu_order":0,"comment_status":"closed","ping_status":"closed","template":"","meta":{"_acf_changed":false,"footnotes":""},"class_list":["post-654","page","type-page","status-publish","has-post-thumbnail","hentry"],"acf":{"floating_cta_enable":"enable","flexible_blocks":[{"acf_fc_layout":"cb07_interior_banner","block_id":"","margin_top":"","margin_bottom":"","add_custom_css_class":"","headline":"Impacto de WEV","sub_headline":"","image":"https:\/\/wevonline.org\/wp-content\/uploads\/2022\/08\/Impact-Banner.jpg"},{"acf_fc_layout":"cb10_impact_feature","block_id":"","margin_top":"","margin_bottom":"","add_custom_css_class":"","slider":[{"heading":"Retorno de la inversi\u00f3n","description":"<p>Por cada d\u00f3lar que recauda WEV, se devuelven $15 a la comunidad y la econom\u00eda local a trav\u00e9s de mayores ingresos para los due\u00f1os de negocios, salarios m\u00e1s altos pagados a los empleados e ingresos fiscales locales.<\/p>\n","cta_link":"","left_side_content":"image","stat_drawer":false,"image_1":"https:\/\/wevonline.org\/wp-content\/uploads\/2022\/08\/Return-on-Investment-ROI_Impact_Impact-Graphic_English_Large.png","image_2":"https:\/\/wevonline.org\/wp-content\/uploads\/2022\/08\/Celebrating-Biz-Growth-Impact-Slider-Small-1.jpg","video":null},{"heading":"Impulsando la econom\u00eda local","description":"<p>Los peque\u00f1os negocios son fuertes motores de desarrollo econ\u00f3mico. En los \u00faltimos 5 a\u00f1os, las empresas iniciadas o ampliadas por la clientela de WEV han tenido gran impacto creando cientos de empleos y generando millones en ingresos en la comunidad.<\/p>\n","cta_link":{"title":"Celebrando el crecimiento de los negocios","url":"https:\/\/www.wevonline.org\/es\/historias-wev\/celebrando-el-crecimiento-de-los-negocios\/","target":""},"left_side_content":"states","stat_drawer":[{"icon":false,"sub_heading_first":"Cerca de","stat":"1500","sub_heading_second":"Empresas asistidas","text":"A trav\u00e9s de los programas de WEV en los \u00faltimos 5 a\u00f1os."},{"icon":false,"sub_heading_first":"M\u00e1s de","stat":"4000","sub_heading_second":"Empleos estimados creados o mantenidos","text":"Por empresas asistidas por WEV. En promedio, cada una de estas empresas respalda 3 puestos de trabajo."},{"icon":false,"sub_heading_first":"WEV invertido m\u00e1s de","stat":"$5M","sub_heading_second":"","text":"En peque\u00f1as empresas locales a trav\u00e9s de los programas de pr\u00e9stamos y subvenciones de WEV."},{"icon":false,"sub_heading_first":"WEV Negocios Generados","stat":"$14M","sub_heading_second":"","text":"En los ingresos por impuestos locales estimados. En promedio, cada negocio genera $111,572 en ingresos anuales."}],"image_1":false,"image_2":false,"video":null},{"heading":"Empoderando a la comunidad","description":"<p>WEV cree que debemos trabajar juntos para elevar y apoyar a nuestra comunidad en identificar y quitar las barreras para lograr el \u00e9xito econ\u00f3mico.<\/p>\n","cta_link":{"title":"Conozca las Iniciativas Comunitarias de WEV","url":"https:\/\/www.wevonline.org\/es\/acerca-de-wev\/iniciativas-comunitarias\/","target":""},"left_side_content":"image","stat_drawer":[{"icon":false,"sub_heading_first":"En los \u00faltimos cinco a\u00f1os,","stat":"81%","sub_heading_second":"","text":"De las(os) clientas(es) que WEV ayud\u00f3 a identificar como mujeres."},{"icon":false,"sub_heading_first":"Gente de color compuesta","stat":"47%","sub_heading_second":"","text":"De la poblaci\u00f3n total de clientas(es) de WEV."},{"icon":false,"sub_heading_first":"","stat":"26%","sub_heading_second":"De las(os) clientas(es)","text":"De WEV son inmigrantes a los Estados Unidos."},{"icon":false,"sub_heading_first":"","stat":"28%","sub_heading_second":"De las(os) clientas(es)","text":"De WEV tienen m\u00e1s de 50 a\u00f1os cuando acuden a WEV en busca de asistencia."}],"image_1":"https:\/\/wevonline.org\/wp-content\/uploads\/2022\/08\/About-Impact-Slider-Large-1.jpg","image_2":false,"video":null},{"heading":"Mejorar la seguridad financiera","description":"<p>El esp\u00edritu empresarial es una estrategia comprobada para lograr un mayor poder adquisitivo. Las(os) clientas(es) encuestadas(os) en la Evaluaci\u00f3n Anual de WEV constantemente aumentos en los ingresos del hogar y salir de la pobreza despu\u00e9s de recibir servicios de WEV.<\/p>\n","cta_link":"","left_side_content":"states","stat_drawer":[{"icon":false,"sub_heading_first":"","stat":"58%","sub_heading_second":"De las(os) clientas(es)","text":"De WEV aumentan sus ingresos familiares."},{"icon":false,"sub_heading_first":"M\u00e1s de","stat":"50%","sub_heading_second":"","text":"De los clientas(es) de WEV informan que agregan dinero a sus ahorros."}],"image_1":false,"image_2":false,"video":null}]},{"acf_fc_layout":"cb06_stories_and_speakers","block_id":"","margin_top":"","margin_bottom":"","add_custom_css_class":"","stories_speakers":"stories","select_stories":[{"ID":3750,"post_author":"3","post_date":"2022-08-14 02:37:09","post_date_gmt":"2022-08-14 02:37:09","post_content":"","post_title":"Matthew Berger","post_excerpt":"","post_status":"publish","comment_status":"closed","ping_status":"closed","post_password":"","post_name":"matthew-berger","to_ping":"","pinged":"","post_modified":"2025-02-25 01:06:19","post_modified_gmt":"2025-02-25 01:06:19","post_content_filtered":"","post_parent":0,"guid":"https:\/\/www.wevonline.org\/stories\/matthew-berger\/","menu_order":0,"post_type":"s_cpt","post_mime_type":"","comment_count":"0","filter":"raw"},{"ID":3890,"post_author":"3","post_date":"2022-08-15 02:50:32","post_date_gmt":"2022-08-15 02:50:32","post_content":"","post_title":"Ana Guerrero","post_excerpt":"","post_status":"publish","comment_status":"closed","ping_status":"closed","post_password":"","post_name":"ana-guerrero","to_ping":"","pinged":"","post_modified":"2025-02-25 17:33:02","post_modified_gmt":"2025-02-25 17:33:02","post_content_filtered":"","post_parent":0,"guid":"https:\/\/www.wevonline.org\/stories\/ana-guerrero\/","menu_order":0,"post_type":"s_cpt","post_mime_type":"","comment_count":"0","filter":"raw"},{"ID":3891,"post_author":"3","post_date":"2022-08-15 02:51:29","post_date_gmt":"2022-08-15 02:51:29","post_content":"","post_title":"Marsha Bailey (impact quote only)","post_excerpt":"","post_status":"publish","comment_status":"closed","ping_status":"closed","post_password":"","post_name":"marsha-bailey-impact-quote-only","to_ping":"","pinged":"","post_modified":"2022-09-02 21:55:43","post_modified_gmt":"2022-09-02 21:55:43","post_content_filtered":"","post_parent":0,"guid":"https:\/\/www.wevonline.org\/stories\/marsha-bailey-impact-quote-only\/","menu_order":0,"post_type":"s_cpt","post_mime_type":"","comment_count":"0","filter":"raw"},{"ID":4915,"post_author":"1","post_date":"2022-07-28 02:43:44","post_date_gmt":"2022-07-28 02:43:44","post_content":"","post_title":"Lizzy Lewis","post_excerpt":"","post_status":"publish","comment_status":"closed","ping_status":"closed","post_password":"","post_name":"lizzy-lewis","to_ping":"","pinged":"","post_modified":"2025-02-25 17:16:57","post_modified_gmt":"2025-02-25 17:16:57","post_content_filtered":"","post_parent":0,"guid":"https:\/\/www.wevonline.org\/stories\/lizzy-lewis\/","menu_order":0,"post_type":"s_cpt","post_mime_type":"","comment_count":"0","filter":"raw"}],"heading":"","description":"","cta_link":null,"image":false,"all_stories_cta":{"title":"Todas las historias","url":"https:\/\/www.wevonline.org\/es\/historias-wev\/","target":""}},{"acf_fc_layout":"cb11_text_editor","block_id":"","margin_top":"","margin_bottom":"","add_custom_css_class":"","editor":"<h2>Impacto de Medici\u00f3n<\/h2>\n<p>WEV cree que medir el impacto es fundamental para el \u00e9xito de la organizaci\u00f3n y valora mucho la capacidad de mejorar continuamente los programas, as\u00ed como comunicar nuestro impacto a las partes interesadas. Para hacer esto, WEV recopila informaci\u00f3n de referencia s\u00f3lida de cada clienta(e) cuando se inscribe en los programas de WEV y luego medimos sistem\u00e1ticamente los cambios varias veces despu\u00e9s de la finalizaci\u00f3n del programa. Este enfoque s\u00f3lido y sofisticado para la recopilaci\u00f3n y el an\u00e1lisis de datos permite a WEV realizar un seguimiento e informar con confianza los resultados detallados de las(os) clientas(es).<\/p>\n<p>\u00a0<\/p>\n<h3 class=\"p-heading-2\">Reporte de impacto de WEV 2024<\/h3>\n<p>El reporte de impacto anual de WEV ilustra el crecimiento y la adaptaci\u00f3n de la organizaci\u00f3n para satisfacer las necesidades de la comunidad en 2024, bas\u00e1ndose en el s\u00f3lido seguimiento de resultados de WEV, la investigaci\u00f3n externa y las historias de los miembros de la comunidad.<\/p>\n<p><a href=\"https:\/\/www.wevonline.org\/wp-content\/uploads\/2025\/06\/WEV-2024-Reporte-de-Impacto.pdf\" target=\"_blank\" rel=\"noopener\"><button>Ver y descargar el reporte aqu\u00ed.<br \/>\n<\/button><\/a><\/p>\n<p>\u00a0<\/p>\n<h3 class=\"p-heading-2\">Reporte de investigaci\u00f3n de resultados del cliente WEV 2021<\/h3>\n<p>Cada a\u00f1o, WEV publica un reporte que resume los hallazgos clave de su investigaci\u00f3n sobre los resultados de los clientes.<\/p>\n<p><a href=\"https:\/\/www.wevonline.org\/wp-content\/uploads\/2022\/08\/WEV-2021-Client-Outcomes-Research-Report.pdf\" target=\"_blank\" rel=\"noopener\"><button>Ver y descargar el reporte aqu\u00ed.<\/button><\/a><\/p>\n<h3 class=\"p-heading-2\">Reportes anteriores<\/h3>\n<p><a href=\"https:\/\/www.wevonline.org\/wp-content\/uploads\/2024\/05\/WEV-2023-Reporte-de-Impacto.pdf\" target=\"_blank\" rel=\"noopener\">2023 Reporte de Impacto<\/a><\/p>\n<p><a href=\"https:\/\/www.wevonline.org\/wp-content\/uploads\/2023\/05\/WEV-2022-Reporte-de-Impacto.pdf\" target=\"_blank\" rel=\"noopener\">2022 Reporte de Impacto<\/a><br \/>\n\u00a0\u00a0<\/p>\n<h3 class=\"p-heading-2\">Reportes anteriores<\/h3>\n<p><a href=\"https:\/\/www.wevonline.org\/wp-content\/uploads\/2022\/08\/WEV-2021-Reporte-de-Impacto.pdf\" target=\"_blank\" rel=\"noopener\">2021 Reporte de Impacto<\/a><\/p>\n<p><a href=\"https:\/\/www.wevonline.org\/wp-content\/uploads\/2022\/08\/WEV-2020-Annual-Report.pdf\" target=\"_blank\" rel=\"noopener\">Reporte anual 2020: Cambiando el rostro de los negocios<\/a><br \/>\n\u00a0<br \/>\n<a href=\"https:\/\/www.wevonline.org\/wp-content\/uploads\/2022\/08\/WEV-2020-Entrepreneurial-Research-Report.pdf\" target=\"_blank\" rel=\"noopener\">Reporte de investigaci\u00f3n empresarial WEV 2020<\/a><\/p>\n<p><a href=\"https:\/\/www.wevonline.org\/wp-content\/uploads\/2022\/08\/WEV-2019-Annual-Report.pdf\" target=\"_blank\" rel=\"noopener\">Reporte anual 2019: Cambiando el rostro de los negocios<\/a><\/p>\n<p><a href=\"https:\/\/www.wevonline.org\/wp-content\/uploads\/2022\/08\/WEV-2019-Client-Outcomes-Research-Report.pdf\" target=\"_blank\" rel=\"noopener\">Reporte de investigaci\u00f3n de resultados del cliente WEV 2019<\/a><\/p>\n"},{"acf_fc_layout":"cb19_donate","donate_image":"https:\/\/wevonline.org\/wp-content\/uploads\/2024\/01\/Blanca-Hoffmeier-Donation-CTA-Block.jpg","donate_icon":{"ID":12367,"id":12367,"title":"icon-donate","filename":"icon-donate.png","filesize":3994,"url":"https:\/\/wevonline.org\/wp-content\/uploads\/2023\/12\/icon-donate.png","link":"https:\/\/wevonline.org\/es\/acerca-de-wev\/icon-donate-3-2\/","alt":"","author":"1","description":"","caption":"","name":"icon-donate-3-2","status":"inherit","uploaded_to":628,"date":"2023-12-18 20:24:59","modified":"2023-12-18 20:24:59","menu_order":0,"mime_type":"image\/png","type":"image","subtype":"png","icon":"https:\/\/wevonline.org\/wp-includes\/images\/media\/default.png","width":111,"height":103,"sizes":{"thumbnail":"https:\/\/wevonline.org\/wp-content\/uploads\/2023\/12\/icon-donate.png","thumbnail-width":111,"thumbnail-height":103,"medium":"https:\/\/wevonline.org\/wp-content\/uploads\/2023\/12\/icon-donate.png","medium-width":111,"medium-height":103,"medium_large":"https:\/\/wevonline.org\/wp-content\/uploads\/2023\/12\/icon-donate.png","medium_large-width":111,"medium_large-height":103,"large":"https:\/\/wevonline.org\/wp-content\/uploads\/2023\/12\/icon-donate.png","large-width":111,"large-height":103,"1536x1536":"https:\/\/wevonline.org\/wp-content\/uploads\/2023\/12\/icon-donate.png","1536x1536-width":111,"1536x1536-height":103,"2048x2048":"https:\/\/wevonline.org\/wp-content\/uploads\/2023\/12\/icon-donate.png","2048x2048-width":111,"2048x2048-height":103,"ajax-load-more-custom":"https:\/\/wevonline.org\/wp-content\/uploads\/2023\/12\/icon-donate.png","ajax-load-more-custom-width":111,"ajax-load-more-custom-height":103,"alm-thumbnail":"https:\/\/wevonline.org\/wp-content\/uploads\/2023\/12\/icon-donate.png","alm-thumbnail-width":111,"alm-thumbnail-height":103,"gform-image-choice-sm":"https:\/\/wevonline.org\/wp-content\/uploads\/2023\/12\/icon-donate.png","gform-image-choice-sm-width":111,"gform-image-choice-sm-height":103,"gform-image-choice-md":"https:\/\/wevonline.org\/wp-content\/uploads\/2023\/12\/icon-donate.png","gform-image-choice-md-width":111,"gform-image-choice-md-height":103,"gform-image-choice-lg":"https:\/\/wevonline.org\/wp-content\/uploads\/2023\/12\/icon-donate.png","gform-image-choice-lg-width":111,"gform-image-choice-lg-height":103}},"donate_cb_headline":"Conviertete en donante de WEV","donate_cb_body":"Muestra tu apoyo para generar un cambio transformador convirti\u00e9ndote hoy en donante de WEV.","donate_cb_link":{"title":"EXPLORA BENEFICIOS PARA DONANTES","url":"https:\/\/www.wevonline.org\/es\/dona\/","target":"_blank"}},{"acf_fc_layout":"cb12_related_content","block_id":"","margin_top":"","margin_bottom":"","add_custom_css_class":"","heading":"Tambi\u00e9n te puede interesar","classes_resources":"manual_enter","show_latest":null,"drawer":[{"sub_heading":"M\u00e1s informaci\u00f3n sobre WEV","title":"Iniciativas Comunitarias","cta_link":{"title":"Aprende m\u00e1s","url":"https:\/\/www.wevonline.org\/es\/acerca-de-wev\/iniciativas-comunitarias\/","target":""},"image":"https:\/\/wevonline.org\/wp-content\/uploads\/2024\/04\/Community-Initiatives_Related-Content.jpg"},{"sub_heading":"M\u00e1s informaci\u00f3n sobre WEV","title":"Acerca de WEV","cta_link":{"title":"Lee m\u00e1s","url":"https:\/\/www.wevonline.org\/es\/acerca-de-wev\/","target":""},"image":"https:\/\/wevonline.org\/wp-content\/uploads\/2022\/08\/About-WEV-Related-Content.jpg"},{"sub_heading":"M\u00e1s informaci\u00f3n sobre WEV","title":"Celebrando el crecimiento de los negocios","cta_link":{"title":"Aprende m\u00e1s","url":"https:\/\/www.wevonline.org\/es\/historias-wev\/celebrando-el-crecimiento-de-los-negocios\/","target":""},"image":"https:\/\/wevonline.org\/wp-content\/uploads\/2022\/08\/Celebrating-Business-Growth_Related-Content.jpg"}]}]},"yoast_head":"<!-- This site is optimized with the Yoast SEO plugin v27.2 - https:\/\/yoast.com\/product\/yoast-seo-wordpress\/ -->\n<title>Impacto - WEV<\/title>\n<meta name=\"description\" content=\"Vea el impacto del trabajo de WEV en las peque\u00f1as empresas, las(os) miembras(os) de la comunidad y la econom\u00eda local. Descargar Informes de Impacto WEV.\" \/>\n<meta name=\"robots\" content=\"index, follow, max-snippet:-1, max-image-preview:large, max-video-preview:-1\" \/>\n<link rel=\"canonical\" href=\"https:\/\/wevonline.org\/es\/acerca-de-wev\/impacto\/\" \/>\n<meta property=\"og:locale\" content=\"es_ES\" \/>\n<meta property=\"og:type\" content=\"article\" \/>\n<meta property=\"og:title\" content=\"Impacto - WEV\" \/>\n<meta property=\"og:description\" content=\"Vea el impacto del trabajo de WEV en las peque\u00f1as empresas, las(os) miembras(os) de la comunidad y la econom\u00eda local. Descargar Informes de Impacto WEV.\" \/>\n<meta property=\"og:url\" content=\"https:\/\/wevonline.org\/es\/acerca-de-wev\/impacto\/\" \/>\n<meta property=\"og:site_name\" content=\"WEV\" \/>\n<meta property=\"article:publisher\" content=\"https:\/\/www.facebook.com\/WomensEconomicVentures\" \/>\n<meta property=\"article:modified_time\" content=\"2025-06-11T16:13:49+00:00\" \/>\n<meta property=\"og:image\" content=\"https:\/\/wevonline.org\/wp-content\/uploads\/2022\/08\/Impact-Banner.jpg\" \/>\n\t<meta property=\"og:image:width\" content=\"1370\" \/>\n\t<meta property=\"og:image:height\" content=\"1100\" \/>\n\t<meta property=\"og:image:type\" content=\"image\/jpeg\" \/>\n<meta name=\"twitter:card\" content=\"summary_large_image\" \/>\n<meta name=\"twitter:label1\" content=\"Est. reading time\" \/>\n\t<meta name=\"twitter:data1\" content=\"1 minute\" \/>\n<script type=\"application\/ld+json\" class=\"yoast-schema-graph\">{\"@context\":\"https:\/\/schema.org\",\"@graph\":[{\"@type\":\"WebPage\",\"@id\":\"https:\/\/wevonline.org\/es\/acerca-de-wev\/impacto\/\",\"url\":\"https:\/\/wevonline.org\/es\/acerca-de-wev\/impacto\/\",\"name\":\"Impacto - WEV\",\"isPartOf\":{\"@id\":\"https:\/\/www.wevonline.org\/#website\"},\"primaryImageOfPage\":{\"@id\":\"https:\/\/wevonline.org\/es\/acerca-de-wev\/impacto\/#primaryimage\"},\"image\":{\"@id\":\"https:\/\/wevonline.org\/es\/acerca-de-wev\/impacto\/#primaryimage\"},\"thumbnailUrl\":\"https:\/\/wevonline.org\/wp-content\/uploads\/2022\/08\/Impact-Banner.jpg\",\"datePublished\":\"2022-06-14T11:25:29+00:00\",\"dateModified\":\"2025-06-11T16:13:49+00:00\",\"description\":\"Vea el impacto del trabajo de WEV en las peque\u00f1as empresas, las(os) miembras(os) de la comunidad y la econom\u00eda local. Descargar Informes de Impacto WEV.\",\"breadcrumb\":{\"@id\":\"https:\/\/wevonline.org\/es\/acerca-de-wev\/impacto\/#breadcrumb\"},\"inLanguage\":\"es-ES\",\"potentialAction\":[{\"@type\":\"ReadAction\",\"target\":[\"https:\/\/wevonline.org\/es\/acerca-de-wev\/impacto\/\"]}]},{\"@type\":\"ImageObject\",\"inLanguage\":\"es-ES\",\"@id\":\"https:\/\/wevonline.org\/es\/acerca-de-wev\/impacto\/#primaryimage\",\"url\":\"https:\/\/wevonline.org\/wp-content\/uploads\/2022\/08\/Impact-Banner.jpg\",\"contentUrl\":\"https:\/\/wevonline.org\/wp-content\/uploads\/2022\/08\/Impact-Banner.jpg\",\"width\":1370,\"height\":1100,\"caption\":\"Due\u00f1os y due\u00f1as de negocios se grad\u00faan de la clase de marketing digital en espa\u00f1ol de WEV.\"},{\"@type\":\"BreadcrumbList\",\"@id\":\"https:\/\/wevonline.org\/es\/acerca-de-wev\/impacto\/#breadcrumb\",\"itemListElement\":[{\"@type\":\"ListItem\",\"position\":1,\"name\":\"Home\",\"item\":\"https:\/\/www.wevonline.org\/es\/\"},{\"@type\":\"ListItem\",\"position\":2,\"name\":\"Acerca de WEV\",\"item\":\"https:\/\/www.wevonline.org\/es\/acerca-de-wev\/\"},{\"@type\":\"ListItem\",\"position\":3,\"name\":\"Impacto\"}]},{\"@type\":\"WebSite\",\"@id\":\"https:\/\/www.wevonline.org\/#website\",\"url\":\"https:\/\/www.wevonline.org\/\",\"name\":\"WEV\",\"description\":\"Women&#039;s Economic Ventures\",\"publisher\":{\"@id\":\"https:\/\/www.wevonline.org\/#organization\"},\"potentialAction\":[{\"@type\":\"SearchAction\",\"target\":{\"@type\":\"EntryPoint\",\"urlTemplate\":\"https:\/\/www.wevonline.org\/?s={search_term_string}\"},\"query-input\":{\"@type\":\"PropertyValueSpecification\",\"valueRequired\":true,\"valueName\":\"search_term_string\"}}],\"inLanguage\":\"es-ES\"},{\"@type\":\"Organization\",\"@id\":\"https:\/\/www.wevonline.org\/#organization\",\"name\":\"Women's Economic Ventures\",\"url\":\"https:\/\/www.wevonline.org\/\",\"logo\":{\"@type\":\"ImageObject\",\"inLanguage\":\"es-ES\",\"@id\":\"https:\/\/www.wevonline.org\/#\/schema\/logo\/image\/\",\"url\":\"https:\/\/www.wevonline.org\/wp-content\/uploads\/2022\/08\/WEV-Spanish-Logo_Website-Header.png\",\"contentUrl\":\"https:\/\/www.wevonline.org\/wp-content\/uploads\/2022\/08\/WEV-Spanish-Logo_Website-Header.png\",\"width\":506,\"height\":127,\"caption\":\"Women's Economic Ventures\"},\"image\":{\"@id\":\"https:\/\/www.wevonline.org\/#\/schema\/logo\/image\/\"},\"sameAs\":[\"https:\/\/www.facebook.com\/WomensEconomicVentures\",\"https:\/\/www.instagram.com\/womenseconomicventures\/?hl=en\"]}]}<\/script>\n<!-- \/ Yoast SEO plugin. -->","yoast_head_json":{"title":"Impacto - WEV","description":"Vea el impacto del trabajo de WEV en las peque\u00f1as empresas, las(os) miembras(os) de la comunidad y la econom\u00eda local. Descargar Informes de Impacto WEV.","robots":{"index":"index","follow":"follow","max-snippet":"max-snippet:-1","max-image-preview":"max-image-preview:large","max-video-preview":"max-video-preview:-1"},"canonical":"https:\/\/wevonline.org\/es\/acerca-de-wev\/impacto\/","og_locale":"es_ES","og_type":"article","og_title":"Impacto - WEV","og_description":"Vea el impacto del trabajo de WEV en las peque\u00f1as empresas, las(os) miembras(os) de la comunidad y la econom\u00eda local. Descargar Informes de Impacto WEV.","og_url":"https:\/\/wevonline.org\/es\/acerca-de-wev\/impacto\/","og_site_name":"WEV","article_publisher":"https:\/\/www.facebook.com\/WomensEconomicVentures","article_modified_time":"2025-06-11T16:13:49+00:00","og_image":[{"width":1370,"height":1100,"url":"https:\/\/wevonline.org\/wp-content\/uploads\/2022\/08\/Impact-Banner.jpg","type":"image\/jpeg"}],"twitter_card":"summary_large_image","twitter_misc":{"Est. reading time":"1 minute"},"schema":{"@context":"https:\/\/schema.org","@graph":[{"@type":"WebPage","@id":"https:\/\/wevonline.org\/es\/acerca-de-wev\/impacto\/","url":"https:\/\/wevonline.org\/es\/acerca-de-wev\/impacto\/","name":"Impacto - WEV","isPartOf":{"@id":"https:\/\/www.wevonline.org\/#website"},"primaryImageOfPage":{"@id":"https:\/\/wevonline.org\/es\/acerca-de-wev\/impacto\/#primaryimage"},"image":{"@id":"https:\/\/wevonline.org\/es\/acerca-de-wev\/impacto\/#primaryimage"},"thumbnailUrl":"https:\/\/wevonline.org\/wp-content\/uploads\/2022\/08\/Impact-Banner.jpg","datePublished":"2022-06-14T11:25:29+00:00","dateModified":"2025-06-11T16:13:49+00:00","description":"Vea el impacto del trabajo de WEV en las peque\u00f1as empresas, las(os) miembras(os) de la comunidad y la econom\u00eda local. Descargar Informes de Impacto WEV.","breadcrumb":{"@id":"https:\/\/wevonline.org\/es\/acerca-de-wev\/impacto\/#breadcrumb"},"inLanguage":"es-ES","potentialAction":[{"@type":"ReadAction","target":["https:\/\/wevonline.org\/es\/acerca-de-wev\/impacto\/"]}]},{"@type":"ImageObject","inLanguage":"es-ES","@id":"https:\/\/wevonline.org\/es\/acerca-de-wev\/impacto\/#primaryimage","url":"https:\/\/wevonline.org\/wp-content\/uploads\/2022\/08\/Impact-Banner.jpg","contentUrl":"https:\/\/wevonline.org\/wp-content\/uploads\/2022\/08\/Impact-Banner.jpg","width":1370,"height":1100,"caption":"Due\u00f1os y due\u00f1as de negocios se grad\u00faan de la clase de marketing digital en espa\u00f1ol de WEV."},{"@type":"BreadcrumbList","@id":"https:\/\/wevonline.org\/es\/acerca-de-wev\/impacto\/#breadcrumb","itemListElement":[{"@type":"ListItem","position":1,"name":"Home","item":"https:\/\/www.wevonline.org\/es\/"},{"@type":"ListItem","position":2,"name":"Acerca de WEV","item":"https:\/\/www.wevonline.org\/es\/acerca-de-wev\/"},{"@type":"ListItem","position":3,"name":"Impacto"}]},{"@type":"WebSite","@id":"https:\/\/www.wevonline.org\/#website","url":"https:\/\/www.wevonline.org\/","name":"WEV","description":"Women&#039;s Economic Ventures","publisher":{"@id":"https:\/\/www.wevonline.org\/#organization"},"potentialAction":[{"@type":"SearchAction","target":{"@type":"EntryPoint","urlTemplate":"https:\/\/www.wevonline.org\/?s={search_term_string}"},"query-input":{"@type":"PropertyValueSpecification","valueRequired":true,"valueName":"search_term_string"}}],"inLanguage":"es-ES"},{"@type":"Organization","@id":"https:\/\/www.wevonline.org\/#organization","name":"Women's Economic Ventures","url":"https:\/\/www.wevonline.org\/","logo":{"@type":"ImageObject","inLanguage":"es-ES","@id":"https:\/\/www.wevonline.org\/#\/schema\/logo\/image\/","url":"https:\/\/www.wevonline.org\/wp-content\/uploads\/2022\/08\/WEV-Spanish-Logo_Website-Header.png","contentUrl":"https:\/\/www.wevonline.org\/wp-content\/uploads\/2022\/08\/WEV-Spanish-Logo_Website-Header.png","width":506,"height":127,"caption":"Women's Economic Ventures"},"image":{"@id":"https:\/\/www.wevonline.org\/#\/schema\/logo\/image\/"},"sameAs":["https:\/\/www.facebook.com\/WomensEconomicVentures","https:\/\/www.instagram.com\/womenseconomicventures\/?hl=en"]}]}},"_links":{"self":[{"href":"https:\/\/wevonline.org\/es\/wp-json\/wp\/v2\/pages\/654","targetHints":{"allow":["GET"]}}],"collection":[{"href":"https:\/\/wevonline.org\/es\/wp-json\/wp\/v2\/pages"}],"about":[{"href":"https:\/\/wevonline.org\/es\/wp-json\/wp\/v2\/types\/page"}],"author":[{"embeddable":true,"href":"https:\/\/wevonline.org\/es\/wp-json\/wp\/v2\/users\/1"}],"replies":[{"embeddable":true,"href":"https:\/\/wevonline.org\/es\/wp-json\/wp\/v2\/comments?post=654"}],"version-history":[{"count":11,"href":"https:\/\/wevonline.org\/es\/wp-json\/wp\/v2\/pages\/654\/revisions"}],"predecessor-version":[{"id":14270,"href":"https:\/\/wevonline.org\/es\/wp-json\/wp\/v2\/pages\/654\/revisions\/14270"}],"up":[{"embeddable":true,"href":"https:\/\/wevonline.org\/es\/wp-json\/wp\/v2\/pages\/628"}],"wp:featuredmedia":[{"embeddable":true,"href":"https:\/\/wevonline.org\/es\/wp-json\/wp\/v2\/media\/5198"}],"wp:attachment":[{"href":"https:\/\/wevonline.org\/es\/wp-json\/wp\/v2\/media?parent=654"}],"curies":[{"name":"wp","href":"https:\/\/api.w.org\/{rel}","templated":true}]}}