{"id":655,"date":"2022-06-14T09:19:15","date_gmt":"2022-06-14T09:19:15","guid":{"rendered":"https:\/\/www.wevonline.org\/unete-a-la-liga-de-mujeres-extraordinarias\/"},"modified":"2026-03-10T17:03:54","modified_gmt":"2026-03-10T17:03:54","slug":"la-liga","status":"publish","type":"page","link":"https:\/\/wevonline.org\/es\/dona\/la-liga\/","title":{"rendered":"Liga de Mujeres Extraordinarias"},"content":{"rendered":"","protected":false},"excerpt":{"rendered":"","protected":false},"author":1,"featured_media":6588,"parent":3765,"menu_order":0,"comment_status":"closed","ping_status":"closed","template":"","meta":{"_acf_changed":false,"footnotes":""},"class_list":["post-655","page","type-page","status-publish","has-post-thumbnail","hentry"],"acf":{"floating_cta_enable":"disable","flexible_blocks":[{"acf_fc_layout":"cb07_interior_banner","block_id":"","margin_top":"","margin_bottom":"","add_custom_css_class":"","headline":"Liga de Mujeres Extraordinarias","sub_headline":"","image":"https:\/\/wevonline.org\/wp-content\/uploads\/2023\/08\/League-Banner-updated-0823.jpg"},{"acf_fc_layout":"cb11_text_editor","block_id":"","margin_top":"","margin_bottom":"","add_custom_css_class":"","editor":"<h2>Beneficios De La Liga De Mujeres Extraordinarias<\/h2>\n<p>Tu generosidad transforma vidas, fortalece nuestra econom\u00eda y empodera a mujeres para que construyan los negocios vibrantes que hacen prosperar a nuestra comunidad. Unirte a la Liga de Mujeres Extraordinarias significa comprometerte una vez al a\u00f1o para sostener la misi\u00f3n de WEV. Cada donativo anual brinda el apoyo constante que las mujeres necesitan para salir adelante y lograr independencia financiera. Ya seas una mujer extraordinaria o quieras rendir homenaje a una, te invitamos a formar parte de este incre\u00edble c\u00edrculo de personas que generan un cambio duradero. <a href=\"https:\/\/www.canva.com\/design\/DAHBCCz7r6g\/nPrAk4siWBBGUzDKJ3CTTQ\/view?utm_content=DAHBCCz7r6g&#038;utm_campaign=designshare&#038;utm_medium=link2&#038;utm_source=uniquelinks&#038;utlId=h571787a893\" target=\"_blank\" rel=\"noopener\">Conoce a los miembros de la Liga<\/a>.<\/p>\n<h3 class=\"p-heading-2\" style=\"padding-left: 40px;\"><a href=\"https:\/\/form-renderer-app.donorperfect.io\/give\/womens-economic-ventures\/league\" target=\"_blank\" rel=\"noopener\">$1,000 | Nivel Liga<\/a><\/h3>\n<ul>\n<li style=\"list-style-type: none;\">\n<ul>\n<li>Invitaci\u00f3n a dos eventos anuales emblem\u00e1ticos de agradecimiento a la Liga:\n<ul>\n<li><em>Almuerzo del\u202fD\u00eda\u202fInternacional de la Mujer<\/em> (Condado de Ventura, marzo)<\/li>\n<li><em>Almuerzo del\u202fD\u00eda Nacional de Donar a Mujeres\u202fy\u202fNi\u00f1as<\/em> (Condado de Santa\u202fB\u00e1rbara, octubre)<\/li>\n<\/ul>\n<\/li>\n<li>Boletines electr\u00f3nicos trimestrales con historias de impacto, destacados de League y actualizaciones del programa\u202fWEV<\/li>\n<li>Reconocimiento en el <em>Reporte Anual de Impacto<\/em> de\u202fWEV (enviado a tu domicilio u oficina)<\/li>\n<li>Reconocimiento en el sitio web de\u202fWEV y en colocaciones en medios pagados<\/li>\n<\/ul>\n<\/li>\n<\/ul>\n<h3 class=\"p-heading-2\" style=\"padding-left: 40px;\"><a href=\"https:\/\/form-renderer-app.donorperfect.io\/give\/womens-economic-ventures\/league\" target=\"_blank\" rel=\"noopener\">$2,500 | Nivel Luminar<\/a><\/h3>\n<ul>\n<li style=\"list-style-type: none;\">\n<ul>\n<li><em>Todo incluido en el Nivel Liga plus<\/em><\/li>\n<li>Invitaci\u00f3n especial para asistir a dos presentaciones de pitches de negocios del programa <em>Smart\u202fEntrepreneurial\u202fTraining\u202f(SET)<\/em>; vive de primera mano c\u00f3mo las(os) clientas(es) de\u202fWEV hacen realidad sus ideas de negocio<\/li>\n<\/ul>\n<\/li>\n<\/ul>\n<h3 class=\"p-heading-2\" style=\"padding-left: 40px;\"><a href=\"https:\/\/form-renderer-app.donorperfect.io\/give\/womens-economic-ventures\/league\" target=\"_blank\" rel=\"noopener\">$5,000 | Nivel Extraordinaria(o)<\/a><\/h3>\n<ul>\n<li style=\"list-style-type: none;\">\n<ul>\n<li><em>Todo incluido en el Nivel Luminar plus<\/em><\/li>\n<li>Mensaje personal de agradecimiento de parte de la CEO de\u202fWEV<\/li>\n<li>Oportunidad de reunirte uno a uno con la CEO de\u202fWEV o con una de las directoras para una conversaci\u00f3n interna sobre la visi\u00f3n e el impacto de\u202fWEV<\/li>\n<\/ul>\n<\/li>\n<\/ul>\n<h3 class=\"p-heading-2\" style=\"padding-left: 40px;\"><a href=\"https:\/\/form-renderer-app.donorperfect.io\/give\/womens-economic-ventures\/league\" target=\"_blank\" rel=\"noopener\">$10,000 | Nivel\u202fVisionaria(o)<\/a><\/h3>\n<ul>\n<li style=\"list-style-type: none;\">\n<ul>\n<li><em>Todo incluido en el Nivel Extraordinaria(o) plus<br \/>\n<\/em><\/li>\n<li>Reconocimiento como <em>Socia del Programa<\/em> SET de\u202fWEV; tu apoyo garantiza directamente que las mujeres accedan a estos cursos transformadores a bajo costo o sin costo alguno para ellas\n<ul>\n<li>Reconocimiento verbal en el evento\u202fSET<\/li>\n<\/ul>\n<\/li>\n<\/ul>\n<\/li>\n<\/ul>\n<h3 class=\"p-heading-2\" style=\"padding-left: 40px;\"><a href=\"https:\/\/form-renderer-app.donorperfect.io\/give\/womens-economic-ventures\/league\" target=\"_blank\" rel=\"noopener\">$25,000 | Nivel\u202fInversionista<\/a><\/h3>\n<ul>\n<li style=\"list-style-type: none;\">\n<ul>\n<li><em>Todo incluido en el Nivel Visionaria(o) plus<br \/>\n<\/em><\/li>\n<li>Oportunidad de financiar un programa de\u202fWEV, creando una programaci\u00f3n educativa y financiera sin igual para las mujeres de nuestra comunidad<\/li>\n<li>Reuni\u00f3n semestral con la CEO de\u202fWEV sobre la visi\u00f3n del programa y el impacto de tu inversi\u00f3n<\/li>\n<\/ul>\n<\/li>\n<\/ul>\n<p><div class=\"inline-buttons\"><a href=\"https:\/\/form-renderer-app.donorperfect.io\/give\/womens-economic-ventures\/league\" target=\"_blank\"><button><span>SELECCIONA UN NIVEL DE DONACI\u00d3N<\/span><\/button><\/a><\/div><br \/>\n\u00a0<\/p>\n<div class=\"quote-section left_image\"><div class=\"left-image\" style=\"background-image:url(https:\/\/wevonline.org\/wp-content\/themes\/wev\/assets\/imgs\/purple-swash-bg.png)\"><img src=\"https:\/\/www.wevonline.org\/wp-content\/uploads\/2022\/08\/Juliana-Ramirez_WEV-Instructor_Staff_-Bio-Photo.jpg\" alt=\"Quote\"><\/div><div class=\"right-content\"><blockquote>\u201cComo clienta, WEV me permiti\u00f3 poder estructurar y construir un negocio viable con pasi\u00f3n y prop\u00f3sito. Como miembro de la Liga, tengo el honor de brindar esa misma oportunidad a otras mujeres empresarias. Retribuir a trav\u00e9s de mi contribuci\u00f3n como miembro de la Liga es un testimonio de que los programas y servicios de WEV tienen un impacto en nuestra comunidad.\u201d<\/blockquote><p class=\"subhead\">Juliana Ramirez, JR Bookkeeping<\/p><\/div><\/div>\n"},{"acf_fc_layout":"cb11_text_editor","block_id":"","margin_top":"","margin_bottom":"","add_custom_css_class":"","editor":"<p><img loading=\"lazy\" decoding=\"async\" class=\"aligncenter wp-image-13427 size-full\" src=\"https:\/\/www.wevonline.org\/wp-content\/uploads\/2024\/08\/League_WYSIWYG_Full-Width-Feature_New.jpg\" alt=\"La Liga de Mujeres Extraordinarias une a los miembros de la comunidad en la misi\u00f3n com\u00fan de empoderar a las mujeres.\" width=\"1800\" height=\"1200\" srcset=\"https:\/\/wevonline.org\/wp-content\/uploads\/2024\/08\/League_WYSIWYG_Full-Width-Feature_New.jpg 1800w, https:\/\/wevonline.org\/wp-content\/uploads\/2024\/08\/League_WYSIWYG_Full-Width-Feature_New-300x200.jpg 300w, https:\/\/wevonline.org\/wp-content\/uploads\/2024\/08\/League_WYSIWYG_Full-Width-Feature_New-1024x683.jpg 1024w, https:\/\/wevonline.org\/wp-content\/uploads\/2024\/08\/League_WYSIWYG_Full-Width-Feature_New-768x512.jpg 768w, https:\/\/wevonline.org\/wp-content\/uploads\/2024\/08\/League_WYSIWYG_Full-Width-Feature_New-1536x1024.jpg 1536w\" sizes=\"auto, (max-width: 1800px) 100vw, 1800px\" \/><\/p>\n"},{"acf_fc_layout":"cb06_stories_and_speakers","block_id":"","margin_top":"","margin_bottom":"","add_custom_css_class":"","stories_speakers":"stories","select_stories":[{"ID":3804,"post_author":"3","post_date":"2022-08-14 18:51:29","post_date_gmt":"2022-08-14 18:51:29","post_content":"","post_title":"Pam Tanase","post_excerpt":"","post_status":"publish","comment_status":"closed","ping_status":"closed","post_password":"","post_name":"pam-tanase","to_ping":"","pinged":"","post_modified":"2025-02-25 01:05:52","post_modified_gmt":"2025-02-25 01:05:52","post_content_filtered":"","post_parent":0,"guid":"https:\/\/www.wevonline.org\/stories\/pam-tanase\/","menu_order":0,"post_type":"s_cpt","post_mime_type":"","comment_count":"0","filter":"raw"},{"ID":3805,"post_author":"3","post_date":"2022-08-14 18:52:57","post_date_gmt":"2022-08-14 18:52:57","post_content":"","post_title":"Seana-Marie Sesma (league quote only)","post_excerpt":"","post_status":"publish","comment_status":"closed","ping_status":"closed","post_password":"","post_name":"seana-marie-sesma-league-quote-only","to_ping":"","pinged":"","post_modified":"2022-09-02 22:16:24","post_modified_gmt":"2022-09-02 22:16:24","post_content_filtered":"","post_parent":0,"guid":"https:\/\/www.wevonline.org\/stories\/seana-marie-sesma-league-quote-only\/","menu_order":0,"post_type":"s_cpt","post_mime_type":"","comment_count":"0","filter":"raw"},{"ID":3806,"post_author":"3","post_date":"2022-08-14 18:55:35","post_date_gmt":"2022-08-14 18:55:35","post_content":"","post_title":"Devyn Duex (league quote only)","post_excerpt":"","post_status":"publish","comment_status":"closed","ping_status":"closed","post_password":"","post_name":"devyn-duex-league-quote-only","to_ping":"","pinged":"","post_modified":"2022-09-02 22:13:47","post_modified_gmt":"2022-09-02 22:13:47","post_content_filtered":"","post_parent":0,"guid":"https:\/\/www.wevonline.org\/stories\/devyn-duex-league-quote-only\/","menu_order":0,"post_type":"s_cpt","post_mime_type":"","comment_count":"0","filter":"raw"},{"ID":3807,"post_author":"3","post_date":"2022-08-14 18:57:08","post_date_gmt":"2022-08-14 18:57:08","post_content":"","post_title":"Junemarie Justus (league quote only)","post_excerpt":"","post_status":"publish","comment_status":"closed","ping_status":"closed","post_password":"","post_name":"junemarie-justus-league-quote-only","to_ping":"","pinged":"","post_modified":"2022-09-02 22:11:53","post_modified_gmt":"2022-09-02 22:11:53","post_content_filtered":"","post_parent":0,"guid":"https:\/\/www.wevonline.org\/stories\/junemarie-justus-league-quote-only\/","menu_order":0,"post_type":"s_cpt","post_mime_type":"","comment_count":"0","filter":"raw"}],"heading":"","description":"","cta_link":null,"image":false,"all_stories_cta":{"title":"Todas las historias","url":"https:\/\/wevonline.org\/es\/historias-wev\/","target":""}},{"acf_fc_layout":"cb09_faq_drawers","block_id":"league-faqs","margin_top":"","margin_bottom":"","add_custom_css_class":"","heading":"Preguntas frecuentes","default_faq_image":"https:\/\/wevonline.org\/wp-content\/uploads\/2022\/08\/League-FAQ-Default.jpg","faq_drawer":[{"ID":3695,"post_author":"3","post_date":"2022-08-13 20:26:59","post_date_gmt":"2022-08-13 20:26:59","post_content":"","post_title":"\u00bfQui\u00e9n est\u00e1 en la Liga de Mujeres Extraordinarias?","post_excerpt":"","post_status":"publish","comment_status":"closed","ping_status":"closed","post_password":"","post_name":"quien-deberia-ser-miembro-de-la-liga","to_ping":"","pinged":"","post_modified":"2025-02-07 00:20:42","post_modified_gmt":"2025-02-07 00:20:42","post_content_filtered":"","post_parent":0,"guid":"https:\/\/www.wevonline.org\/f_cpt\/quien-deberia-ser-miembro-de-la-liga\/","menu_order":0,"post_type":"f_cpt","post_mime_type":"","comment_count":"0","filter":"raw"},{"ID":3698,"post_author":"3","post_date":"2022-08-13 20:31:41","post_date_gmt":"2022-08-13 20:31:41","post_content":"","post_title":"\u00bfDono anualmente?","post_excerpt":"","post_status":"publish","comment_status":"closed","ping_status":"closed","post_password":"","post_name":"tengo-que-pagar-mi-compromiso-anualmente","to_ping":"","pinged":"","post_modified":"2025-01-24 23:56:14","post_modified_gmt":"2025-01-24 23:56:14","post_content_filtered":"","post_parent":0,"guid":"https:\/\/www.wevonline.org\/f_cpt\/tengo-que-pagar-mi-compromiso-anualmente\/","menu_order":0,"post_type":"f_cpt","post_mime_type":"","comment_count":"0","filter":"raw"},{"ID":13435,"post_author":"3","post_date":"2024-08-09 22:33:09","post_date_gmt":"2024-08-09 22:33:09","post_content":"","post_title":"\u00bfCon qui\u00e9n me comunico si tengo preguntas sobre la Liga?","post_excerpt":"","post_status":"publish","comment_status":"closed","ping_status":"closed","post_password":"","post_name":"con-quien-me-comunico-si-tengo-preguntas-sobre-la-liga","to_ping":"","pinged":"","post_modified":"2024-08-09 22:33:09","post_modified_gmt":"2024-08-09 22:33:09","post_content_filtered":"","post_parent":0,"guid":"https:\/\/www.wevonline.org\/f_cpt\/con-quien-me-comunico-si-tengo-preguntas-sobre-la-liga\/","menu_order":0,"post_type":"f_cpt","post_mime_type":"","comment_count":"0","filter":"raw"},{"ID":14655,"post_author":"3","post_date":"2025-10-16 15:50:49","post_date_gmt":"2025-10-16 15:50:49","post_content":"","post_title":"\u00bfC\u00f3mo puedo seguir siendo parte de la Liga de Mujeres Extraordinarias?","post_excerpt":"","post_status":"publish","comment_status":"closed","ping_status":"closed","post_password":"","post_name":"como-puedo-seguir-siendo-parte-de-la-liga-de-mujeres-extraordinarias","to_ping":"","pinged":"","post_modified":"2025-10-16 15:50:49","post_modified_gmt":"2025-10-16 15:50:49","post_content_filtered":"","post_parent":0,"guid":"https:\/\/www.wevonline.org\/f_cpt\/como-puedo-seguir-siendo-parte-de-la-liga-de-mujeres-extraordinarias\/","menu_order":0,"post_type":"f_cpt","post_mime_type":"","comment_count":"0","filter":"raw"}]},{"acf_fc_layout":"cb12_related_content","block_id":"","margin_top":"","margin_bottom":"","add_custom_css_class":"","heading":"Tambi\u00e9n te puede interesar","classes_resources":"manual_enter","show_latest":null,"drawer":[{"sub_heading":"M\u00e1s informaci\u00f3n sobre WEV","title":"Impacto","cta_link":{"title":"Aprende m\u00e1s","url":"https:\/\/www.wevonline.org\/es\/acerca-de-wev\/","target":""},"image":"https:\/\/wevonline.org\/wp-content\/uploads\/2022\/08\/Impact-Related-Content.jpg"},{"sub_heading":"Apoya a WEV","title":"Apoya la Misi\u00f3n de WEV","cta_link":{"title":"Aprende m\u00e1s","url":"https:\/\/www.wevonline.org\/es\/dona\/","target":""},"image":"https:\/\/wevonline.org\/wp-content\/uploads\/2022\/08\/Support-Related-Content.jpg"},{"sub_heading":"\u00danete a la comunidad WEV","title":"Eventos de Conexiones","cta_link":{"title":"Acomp\u00e1\u00f1anos","url":"https:\/\/www.wevonline.org\/es\/events-calendar\/category\/eventos-de-conexiones\/","target":""},"image":"https:\/\/wevonline.org\/wp-content\/uploads\/2022\/08\/SWSC_Related-Content-Image_Karine-Rodriguez-Hervouet-1.jpg"}]}]},"yoast_head":"<!-- This site is optimized with the Yoast SEO plugin v27.2 - https:\/\/yoast.com\/product\/yoast-seo-wordpress\/ -->\n<title>Liga de Mujeres Extraordinarias - WEV<\/title>\n<meta name=\"description\" content=\"Haga una donaci\u00f3n para fortalecer los negocios locales propiedad de mujeres y empoderar a las mujeres. \u00danete a la Liga.\" \/>\n<meta name=\"robots\" content=\"index, follow, max-snippet:-1, max-image-preview:large, max-video-preview:-1\" \/>\n<link rel=\"canonical\" href=\"https:\/\/www.wevonline.org\/donate\/the-league\/\" \/>\n<meta property=\"og:locale\" content=\"es_ES\" \/>\n<meta property=\"og:type\" content=\"article\" \/>\n<meta property=\"og:title\" content=\"Liga de Mujeres Extraordinarias - WEV\" \/>\n<meta property=\"og:description\" content=\"Haga una donaci\u00f3n para fortalecer los negocios locales propiedad de mujeres y empoderar a las mujeres. \u00danete a la Liga.\" \/>\n<meta property=\"og:url\" content=\"https:\/\/www.wevonline.org\/donate\/the-league\/\" \/>\n<meta property=\"og:site_name\" content=\"WEV\" \/>\n<meta property=\"article:publisher\" content=\"https:\/\/www.facebook.com\/WomensEconomicVentures\" \/>\n<meta property=\"article:modified_time\" content=\"2026-03-10T17:03:54+00:00\" \/>\n<meta property=\"og:image\" content=\"https:\/\/www.wevonline.org\/wp-content\/uploads\/2022\/09\/Support_League_Featured-Image-updated-2023.jpg\" \/>\n\t<meta property=\"og:image:width\" content=\"700\" \/>\n\t<meta property=\"og:image:height\" content=\"454\" \/>\n\t<meta property=\"og:image:type\" content=\"image\/jpeg\" \/>\n<meta name=\"twitter:card\" content=\"summary_large_image\" \/>\n<meta name=\"twitter:label1\" content=\"Est. reading time\" \/>\n\t<meta name=\"twitter:data1\" content=\"1 minute\" \/>\n<script type=\"application\/ld+json\" class=\"yoast-schema-graph\">{\"@context\":\"https:\/\/schema.org\",\"@graph\":[{\"@type\":\"WebPage\",\"@id\":\"https:\/\/www.wevonline.org\/donate\/the-league\/\",\"url\":\"https:\/\/www.wevonline.org\/donate\/the-league\/\",\"name\":\"Liga de Mujeres Extraordinarias - WEV\",\"isPartOf\":{\"@id\":\"https:\/\/www.wevonline.org\/#website\"},\"primaryImageOfPage\":{\"@id\":\"https:\/\/www.wevonline.org\/donate\/the-league\/#primaryimage\"},\"image\":{\"@id\":\"https:\/\/www.wevonline.org\/donate\/the-league\/#primaryimage\"},\"thumbnailUrl\":\"https:\/\/wevonline.org\/wp-content\/uploads\/2022\/09\/Support_League_Featured-Image-updated-2023.jpg\",\"datePublished\":\"2022-06-14T09:19:15+00:00\",\"dateModified\":\"2026-03-10T17:03:54+00:00\",\"description\":\"Haga una donaci\u00f3n para fortalecer los negocios locales propiedad de mujeres y empoderar a las mujeres. \u00danete a la Liga.\",\"breadcrumb\":{\"@id\":\"https:\/\/www.wevonline.org\/donate\/the-league\/#breadcrumb\"},\"inLanguage\":\"es-ES\",\"potentialAction\":[{\"@type\":\"ReadAction\",\"target\":[\"https:\/\/www.wevonline.org\/donate\/the-league\/\"]}]},{\"@type\":\"ImageObject\",\"inLanguage\":\"es-ES\",\"@id\":\"https:\/\/www.wevonline.org\/donate\/the-league\/#primaryimage\",\"url\":\"https:\/\/wevonline.org\/wp-content\/uploads\/2022\/09\/Support_League_Featured-Image-updated-2023.jpg\",\"contentUrl\":\"https:\/\/wevonline.org\/wp-content\/uploads\/2022\/09\/Support_League_Featured-Image-updated-2023.jpg\",\"width\":700,\"height\":454,\"caption\":\"Miembros de la liga, empoderan a las mujeres en un evento de WEV\"},{\"@type\":\"BreadcrumbList\",\"@id\":\"https:\/\/www.wevonline.org\/donate\/the-league\/#breadcrumb\",\"itemListElement\":[{\"@type\":\"ListItem\",\"position\":1,\"name\":\"Home\",\"item\":\"https:\/\/www.wevonline.org\/es\/\"},{\"@type\":\"ListItem\",\"position\":2,\"name\":\"Dona a WEV\",\"item\":\"https:\/\/www.wevonline.org\/es\/dona\/\"},{\"@type\":\"ListItem\",\"position\":3,\"name\":\"Liga de Mujeres Extraordinarias\"}]},{\"@type\":\"WebSite\",\"@id\":\"https:\/\/www.wevonline.org\/#website\",\"url\":\"https:\/\/www.wevonline.org\/\",\"name\":\"WEV\",\"description\":\"Women&#039;s Economic Ventures\",\"publisher\":{\"@id\":\"https:\/\/www.wevonline.org\/#organization\"},\"potentialAction\":[{\"@type\":\"SearchAction\",\"target\":{\"@type\":\"EntryPoint\",\"urlTemplate\":\"https:\/\/www.wevonline.org\/?s={search_term_string}\"},\"query-input\":{\"@type\":\"PropertyValueSpecification\",\"valueRequired\":true,\"valueName\":\"search_term_string\"}}],\"inLanguage\":\"es-ES\"},{\"@type\":\"Organization\",\"@id\":\"https:\/\/www.wevonline.org\/#organization\",\"name\":\"Women's Economic Ventures\",\"url\":\"https:\/\/www.wevonline.org\/\",\"logo\":{\"@type\":\"ImageObject\",\"inLanguage\":\"es-ES\",\"@id\":\"https:\/\/www.wevonline.org\/#\/schema\/logo\/image\/\",\"url\":\"https:\/\/www.wevonline.org\/wp-content\/uploads\/2022\/08\/WEV-Spanish-Logo_Website-Header.png\",\"contentUrl\":\"https:\/\/www.wevonline.org\/wp-content\/uploads\/2022\/08\/WEV-Spanish-Logo_Website-Header.png\",\"width\":506,\"height\":127,\"caption\":\"Women's Economic Ventures\"},\"image\":{\"@id\":\"https:\/\/www.wevonline.org\/#\/schema\/logo\/image\/\"},\"sameAs\":[\"https:\/\/www.facebook.com\/WomensEconomicVentures\",\"https:\/\/www.instagram.com\/womenseconomicventures\/?hl=en\"]}]}<\/script>\n<!-- \/ Yoast SEO plugin. -->","yoast_head_json":{"title":"Liga de Mujeres Extraordinarias - WEV","description":"Haga una donaci\u00f3n para fortalecer los negocios locales propiedad de mujeres y empoderar a las mujeres. \u00danete a la Liga.","robots":{"index":"index","follow":"follow","max-snippet":"max-snippet:-1","max-image-preview":"max-image-preview:large","max-video-preview":"max-video-preview:-1"},"canonical":"https:\/\/www.wevonline.org\/donate\/the-league\/","og_locale":"es_ES","og_type":"article","og_title":"Liga de Mujeres Extraordinarias - WEV","og_description":"Haga una donaci\u00f3n para fortalecer los negocios locales propiedad de mujeres y empoderar a las mujeres. \u00danete a la Liga.","og_url":"https:\/\/www.wevonline.org\/donate\/the-league\/","og_site_name":"WEV","article_publisher":"https:\/\/www.facebook.com\/WomensEconomicVentures","article_modified_time":"2026-03-10T17:03:54+00:00","og_image":[{"width":700,"height":454,"url":"https:\/\/www.wevonline.org\/wp-content\/uploads\/2022\/09\/Support_League_Featured-Image-updated-2023.jpg","type":"image\/jpeg"}],"twitter_card":"summary_large_image","twitter_misc":{"Est. reading time":"1 minute"},"schema":{"@context":"https:\/\/schema.org","@graph":[{"@type":"WebPage","@id":"https:\/\/www.wevonline.org\/donate\/the-league\/","url":"https:\/\/www.wevonline.org\/donate\/the-league\/","name":"Liga de Mujeres Extraordinarias - WEV","isPartOf":{"@id":"https:\/\/www.wevonline.org\/#website"},"primaryImageOfPage":{"@id":"https:\/\/www.wevonline.org\/donate\/the-league\/#primaryimage"},"image":{"@id":"https:\/\/www.wevonline.org\/donate\/the-league\/#primaryimage"},"thumbnailUrl":"https:\/\/wevonline.org\/wp-content\/uploads\/2022\/09\/Support_League_Featured-Image-updated-2023.jpg","datePublished":"2022-06-14T09:19:15+00:00","dateModified":"2026-03-10T17:03:54+00:00","description":"Haga una donaci\u00f3n para fortalecer los negocios locales propiedad de mujeres y empoderar a las mujeres. \u00danete a la Liga.","breadcrumb":{"@id":"https:\/\/www.wevonline.org\/donate\/the-league\/#breadcrumb"},"inLanguage":"es-ES","potentialAction":[{"@type":"ReadAction","target":["https:\/\/www.wevonline.org\/donate\/the-league\/"]}]},{"@type":"ImageObject","inLanguage":"es-ES","@id":"https:\/\/www.wevonline.org\/donate\/the-league\/#primaryimage","url":"https:\/\/wevonline.org\/wp-content\/uploads\/2022\/09\/Support_League_Featured-Image-updated-2023.jpg","contentUrl":"https:\/\/wevonline.org\/wp-content\/uploads\/2022\/09\/Support_League_Featured-Image-updated-2023.jpg","width":700,"height":454,"caption":"Miembros de la liga, empoderan a las mujeres en un evento de WEV"},{"@type":"BreadcrumbList","@id":"https:\/\/www.wevonline.org\/donate\/the-league\/#breadcrumb","itemListElement":[{"@type":"ListItem","position":1,"name":"Home","item":"https:\/\/www.wevonline.org\/es\/"},{"@type":"ListItem","position":2,"name":"Dona a WEV","item":"https:\/\/www.wevonline.org\/es\/dona\/"},{"@type":"ListItem","position":3,"name":"Liga de Mujeres Extraordinarias"}]},{"@type":"WebSite","@id":"https:\/\/www.wevonline.org\/#website","url":"https:\/\/www.wevonline.org\/","name":"WEV","description":"Women&#039;s Economic Ventures","publisher":{"@id":"https:\/\/www.wevonline.org\/#organization"},"potentialAction":[{"@type":"SearchAction","target":{"@type":"EntryPoint","urlTemplate":"https:\/\/www.wevonline.org\/?s={search_term_string}"},"query-input":{"@type":"PropertyValueSpecification","valueRequired":true,"valueName":"search_term_string"}}],"inLanguage":"es-ES"},{"@type":"Organization","@id":"https:\/\/www.wevonline.org\/#organization","name":"Women's Economic Ventures","url":"https:\/\/www.wevonline.org\/","logo":{"@type":"ImageObject","inLanguage":"es-ES","@id":"https:\/\/www.wevonline.org\/#\/schema\/logo\/image\/","url":"https:\/\/www.wevonline.org\/wp-content\/uploads\/2022\/08\/WEV-Spanish-Logo_Website-Header.png","contentUrl":"https:\/\/www.wevonline.org\/wp-content\/uploads\/2022\/08\/WEV-Spanish-Logo_Website-Header.png","width":506,"height":127,"caption":"Women's Economic Ventures"},"image":{"@id":"https:\/\/www.wevonline.org\/#\/schema\/logo\/image\/"},"sameAs":["https:\/\/www.facebook.com\/WomensEconomicVentures","https:\/\/www.instagram.com\/womenseconomicventures\/?hl=en"]}]}},"_links":{"self":[{"href":"https:\/\/wevonline.org\/es\/wp-json\/wp\/v2\/pages\/655","targetHints":{"allow":["GET"]}}],"collection":[{"href":"https:\/\/wevonline.org\/es\/wp-json\/wp\/v2\/pages"}],"about":[{"href":"https:\/\/wevonline.org\/es\/wp-json\/wp\/v2\/types\/page"}],"author":[{"embeddable":true,"href":"https:\/\/wevonline.org\/es\/wp-json\/wp\/v2\/users\/1"}],"replies":[{"embeddable":true,"href":"https:\/\/wevonline.org\/es\/wp-json\/wp\/v2\/comments?post=655"}],"version-history":[{"count":10,"href":"https:\/\/wevonline.org\/es\/wp-json\/wp\/v2\/pages\/655\/revisions"}],"predecessor-version":[{"id":14658,"href":"https:\/\/wevonline.org\/es\/wp-json\/wp\/v2\/pages\/655\/revisions\/14658"}],"up":[{"embeddable":true,"href":"https:\/\/wevonline.org\/es\/wp-json\/wp\/v2\/pages\/3765"}],"wp:featuredmedia":[{"embeddable":true,"href":"https:\/\/wevonline.org\/es\/wp-json\/wp\/v2\/media\/6588"}],"wp:attachment":[{"href":"https:\/\/wevonline.org\/es\/wp-json\/wp\/v2\/media?parent=655"}],"curies":[{"name":"wp","href":"https:\/\/api.w.org\/{rel}","templated":true}]}}