{"id":663,"date":"2022-06-14T09:18:37","date_gmt":"2022-06-14T09:18:37","guid":{"rendered":"https:\/\/www.wevonline.org\/asociese-con-wev\/"},"modified":"2025-12-10T18:07:35","modified_gmt":"2025-12-10T18:07:35","slug":"asociate","status":"publish","type":"page","link":"https:\/\/wevonline.org\/es\/asociate\/","title":{"rendered":"As\u00f3ciate con WEV"},"content":{"rendered":"","protected":false},"excerpt":{"rendered":"","protected":false},"author":1,"featured_media":14700,"parent":0,"menu_order":0,"comment_status":"closed","ping_status":"closed","template":"","meta":{"_acf_changed":false,"footnotes":""},"class_list":["post-663","page","type-page","status-publish","has-post-thumbnail","hentry"],"acf":{"floating_cta_enable":"disable","flexible_blocks":[{"acf_fc_layout":"cb07_interior_banner","block_id":"","margin_top":"","margin_bottom":"","add_custom_css_class":"","headline":"As\u00f3ciate con WEV","sub_headline":"","image":"https:\/\/wevonline.org\/wp-content\/uploads\/2025\/12\/Partner_Banner.jpg"},{"acf_fc_layout":"cb11_text_editor","block_id":"","margin_top":"","margin_bottom":"","add_custom_css_class":"","editor":"<h2 class=\"p-heading-1\">Desbloquea habilidades. Fortalece tu confianza. Genera el cambio.<\/h2>\n<p><strong>Lleva la capacitaci\u00f3n comprobada de WEV a tu equipo.<\/strong><\/p>\n<p>Women\u2019s Economic Ventures tiene m\u00e1s de 30 a\u00f1os ofreciendo programas enfocados en equidad econ\u00f3mica, emprendimiento y resiliencia financiera. Nos asociamos con organizaciones sin fines de lucro, negocios y grupos comunitarios para ofrecer talleres y entrenamientos de alta calidad\u2014adaptados a tu equipo y tu comunidad.<\/p>\n"},{"acf_fc_layout":"cb10_impact_feature","block_id":"","margin_top":"","margin_bottom":"","add_custom_css_class":"","slider":[{"heading":"Impacto con resultados reales","description":"<p>Quienes participan en los programas de WEV dicen que les ayuda a ganar confianza, reducir el estr\u00e9s y tomar decisiones hacia una mayor seguridad financiera.<\/p>\n","cta_link":null,"left_side_content":"states","stat_drawer":[{"icon":false,"sub_heading_first":"","stat":"91%","sub_heading_second":"Tienen menos estr\u00e9s financiero","text":""},{"icon":false,"sub_heading_first":"","stat":"88%","sub_heading_second":"Crearon y siguen un presupuesto","text":""},{"icon":false,"sub_heading_first":"","stat":"85%","sub_heading_second":"Est\u00e1n ahorrando para el futuro","text":""},{"icon":false,"sub_heading_first":"","stat":"86%","sub_heading_second":"Est\u00e1n manejando y pagando sus deudas","text":""}],"image_1":false,"image_2":false,"video":null}]},{"acf_fc_layout":"cb11_text_editor","block_id":"","margin_top":"","margin_bottom":"","add_custom_css_class":"","editor":"<h3 class=\"p-heading-1 p-heading-2\">Explora oportunidades de colaboraci\u00f3n<\/h3>\n<p>El empoderamiento econ\u00f3mico empieza contigo y tu equipo. Y en WEV estamos aqu\u00ed para apoyarte con servicios adaptados a tus necesidades.<\/p>\n<p>\u00a0<\/p>\n<h4>Empoderamiento financiero y habilidades con el dinero<\/h4>\n<p>Ayuda a tu equipo y comunidad a desarrollar confianza financiera duradera con sesiones como:<\/p>\n<ul>\n<li><strong>Mentalidad Financiera<\/strong>\n<ul>\n<li>Explora tu relaci\u00f3n con el dinero y mejora tus h\u00e1bitos financieros. Crea un plan de ahorro y gastos alineado con tus valores y metas.<\/li>\n<li>Taller de 1 hora con instructor(a).<\/li>\n<li>Disponible en ingl\u00e9s y espa\u00f1ol.<\/li>\n<\/ul>\n<\/li>\n<\/ul>\n<p>\u00a0<\/p>\n<ul>\n<li><strong>Empoderamiento Financiero<\/strong>\n<ul>\n<li>Aprende pasos pr\u00e1cticos para entender tus finanzas, tomar control de tu dinero y reducir el estr\u00e9s financiero.<\/li>\n<li>Crea un plan financiero simple y realista con estrategias para salir de deudas y fijar metas significativas.<\/li>\n<li>Curso de 3 horas con instructor(a). Tambi\u00e9n disponible en versi\u00f3n autodidacta.<\/li>\n<li>Disponible en ingl\u00e9s y espa\u00f1ol.<\/li>\n<\/ul>\n<\/li>\n<\/ul>\n<p>\u00a0<\/p>\n<ul>\n<li><strong>Fundamentos para Construir Cr\u00e9dito<\/strong>\n<ul>\n<li>Aprende c\u00f3mo funciona el cr\u00e9dito y c\u00f3mo usarlo como herramienta para construir tu futuro financiero.<\/li>\n<li>Este programa pr\u00e1ctico e interactivo explica c\u00f3mo funciona el sistema de cr\u00e9dito, estrategias para construir o reparar tu historial, y c\u00f3mo crear un plan de acci\u00f3n personalizado.<\/li>\n<li>Curso de 6 semanas con instructor(a).<\/li>\n<li>Disponible en ingl\u00e9s y espa\u00f1ol.<\/li>\n<\/ul>\n<\/li>\n<\/ul>\n<p>\u00a0<\/p>\n<h4>Desarrollo profesional y liderazgo<\/h4>\n<p>Apoya a tu personal en su crecimiento personal y en mejorando sus habilidades profesionales con cursos como:<\/p>\n<ul>\n<li><strong>Autodefensa y Negociaci\u00f3n<\/strong>\n<ul>\n<li>Fortalece tu confianza para expresarte, hacerte escuchar y abogar por ti y por otras(os).<\/li>\n<li>Curso de 2 horas con instructor(a).<\/li>\n<li>Disponible en ingl\u00e9s y espa\u00f1ol.<\/li>\n<\/ul>\n<\/li>\n<\/ul>\n<p>\u00a0<\/p>\n<ul>\n<li><strong>Alianzas y Abogac\u00eda<\/strong>\n<ul>\n<li>Adquiere herramientas y conocimientos para ser una mejor aliada(o) y defensora(or) de otras personas.<\/li>\n<li>Curso de 2 horas con instructor(a).<\/li>\n<li>Disponible en ingl\u00e9s y espa\u00f1ol.<\/li>\n<\/ul>\n<\/li>\n<\/ul>\n<p>\u00a0<\/p>\n<h4>Licencia el contenido de WEV<\/h4>\n<p>Brinda a tu comunidad las herramientas, confianza y estrategias para hacer crecer su negocio o tomar el control de sus finanzas personales. Lleva los programas de desarrollo de negocios y alfabetizaci\u00f3n financiera de WEV a tu comunidad a trav\u00e9s de:<\/p>\n<ul>\n<li><strong>Emprendedoras de Guarder\u00eda<\/strong>\n<ul>\n<li>Curso de 8 semanas sobre c\u00f3mo iniciar y hacer crecer un negocio de cuidado infantil en casa con licencia.<\/li>\n<\/ul>\n<\/li>\n<\/ul>\n<p>\u00a0<\/p>\n<ul>\n<li><strong>Pon Tu Peque\u00f1o Negocio En L\u00ednea<\/strong>\n<ul>\n<li>Curso de 9 semanas que ense\u00f1a habilidades digitales clave para llevar negocios al entorno digital. El contenido es de c\u00f3digo abierto a trav\u00e9s del <a href=\"https:\/\/digital-upskilling.edcollaborative.com\/\">EDC<\/a>. WEV ofrece facilitaci\u00f3n del curso y eventos de capacitaci\u00f3n para formadoras(es).<\/li>\n<\/ul>\n<\/li>\n<\/ul>\n<p>\u00a0<\/p>\n<h3 class=\"p-heading-2\">\u00bfPara qui\u00e9nes son estos recursos?<\/h3>\n<p>Est\u00e1n dise\u00f1ados para organizaciones sin fines de lucro, asociaciones, grupos comunitarios, empleadoras(es), agencias gubernamentales y otras organizaciones que buscan fortalecer la confianza financiera, habilidades de liderazgo y movilidad econ\u00f3mica de las personas a las que sirven.<\/p>\n<p>\u00a0<\/p>\n<h3 class=\"p-heading-2\">\u00bfPor qu\u00e9 asociarte con WEV?<\/h3>\n<p>Con m\u00e1s de 30 a\u00f1os de experiencia, WEV ofrece entrenamientos confiables, biling\u00fces y enfocados en la comunidad que ayudan a las personas a desarrollar habilidades, confianza y estabilidad econ\u00f3mica. Cada taller se adapta a tu audiencia para asegurar relevancia, participaci\u00f3n y un impacto significativo. Juntas(os), podemos ampliar oportunidades y fortalecer tu comunidad.<\/p>\n<h4><\/h4>\n<h4>Nuestro proceso:<\/h4>\n<ol>\n<li><strong>Exploraci\u00f3n<\/strong> \u2013 Empezamos con una consulta de 30 minutos para conocer tus necesidades y personalizar el contenido.<\/li>\n<li><strong>Propuesta personalizada<\/strong> \u2013 Te compartimos una propuesta con el alcance del proyecto, tiempos y costos.<\/li>\n<li><strong>An\u00e1lisis y dise\u00f1o<\/strong> \u2013 Recopilamos informaci\u00f3n, analizamos requerimientos y dise\u00f1amos una soluci\u00f3n alineada con tus objetivos.<\/li>\n<li><strong>Entrega<\/strong> \u2013 Finalizamos y te presentamos el contenido listo para usar y con impacto asegurado.<\/li>\n<\/ol>\n<p>\u00a0<\/p>\n<p>Este proceso colaborativo permite a WEV ofrecer contenido de alto impacto, adaptado a tu audiencia, de manera r\u00e1pida y accesible.<\/p>\n<p>\u00a0<\/p>\n<h3 class=\"p-heading-2\">Precios<\/h3>\n<p>Disponible bajo petici\u00f3n.<\/p>\n<h3 class=\"p-heading-2\">Concreta una alianza con WEV<\/h3>\n<p><a href=\"https:\/\/calendly.com\/agoldstein-7\/wev-partnership-conversation\" target=\"_blank\" rel=\"noopener\"><strong>Agenda tu llamada exploratoria de 30 minutos aqu\u00ed<\/strong><\/a>.<\/p>\n"},{"acf_fc_layout":"cb13_reviews"},{"acf_fc_layout":"cb12_related_content","block_id":"","margin_top":"","margin_bottom":"","add_custom_css_class":"","heading":"Tambi\u00e9n te puede interesar","classes_resources":"manual_enter","show_latest":null,"drawer":[{"sub_heading":"M\u00e1s informaci\u00f3n sobre WEV","title":"Acerca de WEV","cta_link":{"title":"Aprende m\u00e1s","url":"https:\/\/www.wevonline.org\/es\/acerca-de-wev\/","target":""},"image":"https:\/\/wevonline.org\/wp-content\/uploads\/2022\/08\/About-WEV-Related-Content.jpg"},{"sub_heading":"Explora Empoderamiento Financiero","title":"Empoderamiento Financiero","cta_link":{"title":"Empieza","url":"https:\/\/www.wevonline.org\/es\/empoderamiento-financiero\/","target":""},"image":"https:\/\/wevonline.org\/wp-content\/uploads\/2022\/08\/Financial-Empowerment_Related-Content.jpg"},{"sub_heading":"Explora Recursos para Negocios","title":"Clases de Negocios","cta_link":{"title":"Empieza","url":"https:\/\/www.wevonline.org\/es\/clases\/","target":""},"image":"https:\/\/wevonline.org\/wp-content\/uploads\/2022\/08\/Business-Classes-Related-Content-2.jpg"}]}]},"yoast_head":"<!-- This site is optimized with the Yoast SEO plugin v27.2 - https:\/\/yoast.com\/product\/yoast-seo-wordpress\/ -->\n<title>As\u00f3ciate con WEV - WEV<\/title>\n<meta name=\"description\" content=\"As\u00f3ciate con WEV para ofrecer programas de finanzas personales, emprendimiento, y desarrollo profesional que fortalecen la confianza de tu equipo y generan un impacto duradero.\" \/>\n<meta name=\"robots\" content=\"index, follow, max-snippet:-1, max-image-preview:large, max-video-preview:-1\" \/>\n<link rel=\"canonical\" href=\"http:\/\/live-wev.pantheonsite.io\/partner\/\" \/>\n<meta property=\"og:locale\" content=\"es_ES\" \/>\n<meta property=\"og:type\" content=\"article\" \/>\n<meta property=\"og:title\" content=\"As\u00f3ciate con WEV - WEV\" \/>\n<meta property=\"og:description\" content=\"As\u00f3ciate con WEV para ofrecer programas de finanzas personales, emprendimiento, y desarrollo profesional que fortalecen la confianza de tu equipo y generan un impacto duradero.\" \/>\n<meta property=\"og:url\" content=\"http:\/\/live-wev.pantheonsite.io\/partner\/\" \/>\n<meta property=\"og:site_name\" content=\"WEV\" \/>\n<meta property=\"article:publisher\" content=\"https:\/\/www.facebook.com\/WomensEconomicVentures\" \/>\n<meta property=\"article:modified_time\" content=\"2025-12-10T18:07:35+00:00\" \/>\n<meta property=\"og:image\" content=\"http:\/\/live-wev.pantheonsite.io\/wp-content\/uploads\/2025\/12\/Partner_Featured-Image.jpg\" \/>\n\t<meta property=\"og:image:width\" content=\"700\" \/>\n\t<meta property=\"og:image:height\" content=\"454\" \/>\n\t<meta property=\"og:image:type\" content=\"image\/jpeg\" \/>\n<meta name=\"twitter:card\" content=\"summary_large_image\" \/>\n<script type=\"application\/ld+json\" class=\"yoast-schema-graph\">{\"@context\":\"https:\/\/schema.org\",\"@graph\":[{\"@type\":\"WebPage\",\"@id\":\"http:\/\/live-wev.pantheonsite.io\/partner\/\",\"url\":\"http:\/\/live-wev.pantheonsite.io\/partner\/\",\"name\":\"As\u00f3ciate con WEV - WEV\",\"isPartOf\":{\"@id\":\"https:\/\/www.wevonline.org\/#website\"},\"primaryImageOfPage\":{\"@id\":\"http:\/\/live-wev.pantheonsite.io\/partner\/#primaryimage\"},\"image\":{\"@id\":\"http:\/\/live-wev.pantheonsite.io\/partner\/#primaryimage\"},\"thumbnailUrl\":\"https:\/\/wevonline.org\/wp-content\/uploads\/2025\/12\/Partner_Featured-Image.jpg\",\"datePublished\":\"2022-06-14T09:18:37+00:00\",\"dateModified\":\"2025-12-10T18:07:35+00:00\",\"description\":\"As\u00f3ciate con WEV para ofrecer programas de finanzas personales, emprendimiento, y desarrollo profesional que fortalecen la confianza de tu equipo y generan un impacto duradero.\",\"breadcrumb\":{\"@id\":\"http:\/\/live-wev.pantheonsite.io\/partner\/#breadcrumb\"},\"inLanguage\":\"es-ES\",\"potentialAction\":[{\"@type\":\"ReadAction\",\"target\":[\"http:\/\/live-wev.pantheonsite.io\/partner\/\"]}]},{\"@type\":\"ImageObject\",\"inLanguage\":\"es-ES\",\"@id\":\"http:\/\/live-wev.pantheonsite.io\/partner\/#primaryimage\",\"url\":\"https:\/\/wevonline.org\/wp-content\/uploads\/2025\/12\/Partner_Featured-Image.jpg\",\"contentUrl\":\"https:\/\/wevonline.org\/wp-content\/uploads\/2025\/12\/Partner_Featured-Image.jpg\",\"width\":700,\"height\":454,\"caption\":\"WEV Staff members sit at a table, coordinating with a client\"},{\"@type\":\"BreadcrumbList\",\"@id\":\"http:\/\/live-wev.pantheonsite.io\/partner\/#breadcrumb\",\"itemListElement\":[{\"@type\":\"ListItem\",\"position\":1,\"name\":\"Home\",\"item\":\"https:\/\/www.wevonline.org\/es\/\"},{\"@type\":\"ListItem\",\"position\":2,\"name\":\"As\u00f3ciate con WEV\"}]},{\"@type\":\"WebSite\",\"@id\":\"https:\/\/www.wevonline.org\/#website\",\"url\":\"https:\/\/www.wevonline.org\/\",\"name\":\"WEV\",\"description\":\"Women&#039;s Economic Ventures\",\"publisher\":{\"@id\":\"https:\/\/www.wevonline.org\/#organization\"},\"potentialAction\":[{\"@type\":\"SearchAction\",\"target\":{\"@type\":\"EntryPoint\",\"urlTemplate\":\"https:\/\/www.wevonline.org\/?s={search_term_string}\"},\"query-input\":{\"@type\":\"PropertyValueSpecification\",\"valueRequired\":true,\"valueName\":\"search_term_string\"}}],\"inLanguage\":\"es-ES\"},{\"@type\":\"Organization\",\"@id\":\"https:\/\/www.wevonline.org\/#organization\",\"name\":\"Women's Economic Ventures\",\"url\":\"https:\/\/www.wevonline.org\/\",\"logo\":{\"@type\":\"ImageObject\",\"inLanguage\":\"es-ES\",\"@id\":\"https:\/\/www.wevonline.org\/#\/schema\/logo\/image\/\",\"url\":\"https:\/\/www.wevonline.org\/wp-content\/uploads\/2022\/08\/WEV-Spanish-Logo_Website-Header.png\",\"contentUrl\":\"https:\/\/www.wevonline.org\/wp-content\/uploads\/2022\/08\/WEV-Spanish-Logo_Website-Header.png\",\"width\":506,\"height\":127,\"caption\":\"Women's Economic Ventures\"},\"image\":{\"@id\":\"https:\/\/www.wevonline.org\/#\/schema\/logo\/image\/\"},\"sameAs\":[\"https:\/\/www.facebook.com\/WomensEconomicVentures\",\"https:\/\/www.instagram.com\/womenseconomicventures\/?hl=en\"]}]}<\/script>\n<!-- \/ Yoast SEO plugin. -->","yoast_head_json":{"title":"As\u00f3ciate con WEV - WEV","description":"As\u00f3ciate con WEV para ofrecer programas de finanzas personales, emprendimiento, y desarrollo profesional que fortalecen la confianza de tu equipo y generan un impacto duradero.","robots":{"index":"index","follow":"follow","max-snippet":"max-snippet:-1","max-image-preview":"max-image-preview:large","max-video-preview":"max-video-preview:-1"},"canonical":"http:\/\/live-wev.pantheonsite.io\/partner\/","og_locale":"es_ES","og_type":"article","og_title":"As\u00f3ciate con WEV - WEV","og_description":"As\u00f3ciate con WEV para ofrecer programas de finanzas personales, emprendimiento, y desarrollo profesional que fortalecen la confianza de tu equipo y generan un impacto duradero.","og_url":"http:\/\/live-wev.pantheonsite.io\/partner\/","og_site_name":"WEV","article_publisher":"https:\/\/www.facebook.com\/WomensEconomicVentures","article_modified_time":"2025-12-10T18:07:35+00:00","og_image":[{"width":700,"height":454,"url":"http:\/\/live-wev.pantheonsite.io\/wp-content\/uploads\/2025\/12\/Partner_Featured-Image.jpg","type":"image\/jpeg"}],"twitter_card":"summary_large_image","schema":{"@context":"https:\/\/schema.org","@graph":[{"@type":"WebPage","@id":"http:\/\/live-wev.pantheonsite.io\/partner\/","url":"http:\/\/live-wev.pantheonsite.io\/partner\/","name":"As\u00f3ciate con WEV - WEV","isPartOf":{"@id":"https:\/\/www.wevonline.org\/#website"},"primaryImageOfPage":{"@id":"http:\/\/live-wev.pantheonsite.io\/partner\/#primaryimage"},"image":{"@id":"http:\/\/live-wev.pantheonsite.io\/partner\/#primaryimage"},"thumbnailUrl":"https:\/\/wevonline.org\/wp-content\/uploads\/2025\/12\/Partner_Featured-Image.jpg","datePublished":"2022-06-14T09:18:37+00:00","dateModified":"2025-12-10T18:07:35+00:00","description":"As\u00f3ciate con WEV para ofrecer programas de finanzas personales, emprendimiento, y desarrollo profesional que fortalecen la confianza de tu equipo y generan un impacto duradero.","breadcrumb":{"@id":"http:\/\/live-wev.pantheonsite.io\/partner\/#breadcrumb"},"inLanguage":"es-ES","potentialAction":[{"@type":"ReadAction","target":["http:\/\/live-wev.pantheonsite.io\/partner\/"]}]},{"@type":"ImageObject","inLanguage":"es-ES","@id":"http:\/\/live-wev.pantheonsite.io\/partner\/#primaryimage","url":"https:\/\/wevonline.org\/wp-content\/uploads\/2025\/12\/Partner_Featured-Image.jpg","contentUrl":"https:\/\/wevonline.org\/wp-content\/uploads\/2025\/12\/Partner_Featured-Image.jpg","width":700,"height":454,"caption":"WEV Staff members sit at a table, coordinating with a client"},{"@type":"BreadcrumbList","@id":"http:\/\/live-wev.pantheonsite.io\/partner\/#breadcrumb","itemListElement":[{"@type":"ListItem","position":1,"name":"Home","item":"https:\/\/www.wevonline.org\/es\/"},{"@type":"ListItem","position":2,"name":"As\u00f3ciate con WEV"}]},{"@type":"WebSite","@id":"https:\/\/www.wevonline.org\/#website","url":"https:\/\/www.wevonline.org\/","name":"WEV","description":"Women&#039;s Economic Ventures","publisher":{"@id":"https:\/\/www.wevonline.org\/#organization"},"potentialAction":[{"@type":"SearchAction","target":{"@type":"EntryPoint","urlTemplate":"https:\/\/www.wevonline.org\/?s={search_term_string}"},"query-input":{"@type":"PropertyValueSpecification","valueRequired":true,"valueName":"search_term_string"}}],"inLanguage":"es-ES"},{"@type":"Organization","@id":"https:\/\/www.wevonline.org\/#organization","name":"Women's Economic Ventures","url":"https:\/\/www.wevonline.org\/","logo":{"@type":"ImageObject","inLanguage":"es-ES","@id":"https:\/\/www.wevonline.org\/#\/schema\/logo\/image\/","url":"https:\/\/www.wevonline.org\/wp-content\/uploads\/2022\/08\/WEV-Spanish-Logo_Website-Header.png","contentUrl":"https:\/\/www.wevonline.org\/wp-content\/uploads\/2022\/08\/WEV-Spanish-Logo_Website-Header.png","width":506,"height":127,"caption":"Women's Economic Ventures"},"image":{"@id":"https:\/\/www.wevonline.org\/#\/schema\/logo\/image\/"},"sameAs":["https:\/\/www.facebook.com\/WomensEconomicVentures","https:\/\/www.instagram.com\/womenseconomicventures\/?hl=en"]}]}},"_links":{"self":[{"href":"https:\/\/wevonline.org\/es\/wp-json\/wp\/v2\/pages\/663","targetHints":{"allow":["GET"]}}],"collection":[{"href":"https:\/\/wevonline.org\/es\/wp-json\/wp\/v2\/pages"}],"about":[{"href":"https:\/\/wevonline.org\/es\/wp-json\/wp\/v2\/types\/page"}],"author":[{"embeddable":true,"href":"https:\/\/wevonline.org\/es\/wp-json\/wp\/v2\/users\/1"}],"replies":[{"embeddable":true,"href":"https:\/\/wevonline.org\/es\/wp-json\/wp\/v2\/comments?post=663"}],"version-history":[{"count":4,"href":"https:\/\/wevonline.org\/es\/wp-json\/wp\/v2\/pages\/663\/revisions"}],"predecessor-version":[{"id":6753,"href":"https:\/\/wevonline.org\/es\/wp-json\/wp\/v2\/pages\/663\/revisions\/6753"}],"wp:featuredmedia":[{"embeddable":true,"href":"https:\/\/wevonline.org\/es\/wp-json\/wp\/v2\/media\/14700"}],"wp:attachment":[{"href":"https:\/\/wevonline.org\/es\/wp-json\/wp\/v2\/media?parent=663"}],"curies":[{"name":"wp","href":"https:\/\/api.w.org\/{rel}","templated":true}]}}