{"id":669,"date":"2022-06-14T09:19:25","date_gmt":"2022-06-14T09:19:25","guid":{"rendered":"https:\/\/www.wevonline.org\/patrocinador\/"},"modified":"2025-08-05T16:33:05","modified_gmt":"2025-08-05T16:33:05","slug":"patrocinio","status":"publish","type":"page","link":"https:\/\/wevonline.org\/es\/dona\/patrocinio\/","title":{"rendered":"Patrocinio"},"content":{"rendered":"","protected":false},"excerpt":{"rendered":"","protected":false},"author":1,"featured_media":5264,"parent":3765,"menu_order":0,"comment_status":"closed","ping_status":"closed","template":"","meta":{"_acf_changed":false,"footnotes":""},"class_list":["post-669","page","type-page","status-publish","has-post-thumbnail","hentry"],"acf":{"floating_cta_enable":"enable","flexible_blocks":[{"acf_fc_layout":"cb07_interior_banner","block_id":"","margin_top":"","margin_bottom":"","add_custom_css_class":"","headline":"\u00danete a WEV como patrocinador(a)","sub_headline":"","image":"https:\/\/wevonline.org\/wp-content\/uploads\/2022\/08\/Sponsor-Banner.jpg"},{"acf_fc_layout":"cb11_text_editor","block_id":"","margin_top":"","margin_bottom":"","add_custom_css_class":"","editor":"<h2>Patrocinio corporativo que genera impacto<\/h2>\n<div class=\"quote-section no_image\"><div class=\"right-content\"><blockquote>\u201cMuchos obst\u00e1culos externos contin\u00faan desafiando a las mujeres mientras trabajan para hacer crecer sus negocios y lograr la seguridad financiera. No podemos anticipar todos los desaf\u00edos que puede traer el futuro. Pero con su apoyo, WEV continuar\u00e1 enfrentando esos desaf\u00edos con los tipos de programas y estrategias innovadores por los que hemos sido reconocidos a nivel nacional.\u201d<\/blockquote><p class=\"subhead\">Marsha Bailey, Fundadora de WEV<\/p><\/div><\/div>\n<h2>Invierte en negocios locales y fortalece la econom\u00eda de nuestra comunidad.<\/h2>\n<p>Como socio(a) patrocinador(a) de WEV, est\u00e1s invirtiendo en negocios locales y fortaleciendo la econom\u00eda de nuestra comunidad durante este momento extraordinariamente desafiante. Te invitamos a asociarte con WEV para apoyar a las empresas locales.<\/p>\n<p>WEV ofrece oportunidades de visibilidad prominentes dise\u00f1adas para resaltar el impacto significativo de tu filantrop\u00eda.<\/p>\n<p><a href=\"https:\/\/www.wevonline.org\/wp-content\/uploads\/2025\/08\/WEV-Sponsorship-Opportunities-2025.pdf\" target=\"_blank\" rel=\"noopener\"><button>Oportunidades de patroc\u00ednio<\/button><\/a><\/p>\n"},{"acf_fc_layout":"cb06_stories_and_speakers","block_id":"","margin_top":"","margin_bottom":"","add_custom_css_class":"","stories_speakers":"stories","select_stories":[{"ID":3786,"post_author":"3","post_date":"2022-08-14 06:04:52","post_date_gmt":"2022-08-14 06:04:52","post_content":"","post_title":"Lorie Pointer (sponsor quote only)","post_excerpt":"","post_status":"publish","comment_status":"closed","ping_status":"closed","post_password":"","post_name":"lorie-pointer-sponsor-quote-only","to_ping":"","pinged":"","post_modified":"2022-09-02 22:19:11","post_modified_gmt":"2022-09-02 22:19:11","post_content_filtered":"","post_parent":0,"guid":"https:\/\/www.wevonline.org\/stories\/lorie-pointer-sponsor-quote-only\/","menu_order":0,"post_type":"s_cpt","post_mime_type":"","comment_count":"0","filter":"raw"},{"ID":3787,"post_author":"3","post_date":"2022-08-14 06:03:44","post_date_gmt":"2022-08-14 06:03:44","post_content":"","post_title":"Midge Campbell-Thomas (sponsor quote only)","post_excerpt":"","post_status":"publish","comment_status":"closed","ping_status":"closed","post_password":"","post_name":"midge-campbell-thomas-sponsor-quote-only","to_ping":"","pinged":"","post_modified":"2022-09-02 22:20:49","post_modified_gmt":"2022-09-02 22:20:49","post_content_filtered":"","post_parent":0,"guid":"https:\/\/www.wevonline.org\/stories\/midge-campbell-thomas-sponsor-quote-only\/","menu_order":0,"post_type":"s_cpt","post_mime_type":"","comment_count":"0","filter":"raw"}],"heading":"","description":"","cta_link":null,"image":false,"all_stories_cta":{"title":"Todas las historias","url":"https:\/\/www.wevonline.org\/es\/historias-wev\/","target":""}},{"acf_fc_layout":"cb12_related_content","block_id":"","margin_top":"","margin_bottom":"","add_custom_css_class":"","heading":"Tambi\u00e9n te puede interesar","classes_resources":"manual_enter","show_latest":null,"drawer":[{"sub_heading":"Apoya a WEV","title":"Liga de Mujeres Extraordinarias","cta_link":{"title":"APRENDE M\u00c1S","url":"https:\/\/www.wevonline.org\/es\/dona\/la-liga\/","target":""},"image":"https:\/\/wevonline.org\/wp-content\/uploads\/2022\/08\/League-Related-Content-Updated-2023.jpg"},{"sub_heading":"Apoya a WEV","title":"Voluntariado con WEV","cta_link":{"title":"EMPIEZA","url":"https:\/\/www.wevonline.org\/es\/voluntariado\/","target":""},"image":"https:\/\/wevonline.org\/wp-content\/uploads\/2022\/08\/Volunteer-Related-Content-2.jpg"},{"sub_heading":"M\u00c1S INFORMACI\u00d3N SOBRE WEV","title":"Impacto de WEV","cta_link":{"title":"APRENDE M\u00c1S","url":"https:\/\/www.wevonline.org\/es\/impacto\/","target":""},"image":"https:\/\/wevonline.org\/wp-content\/uploads\/2022\/08\/Impact-Related-Content.jpg"}]}]},"yoast_head":"<!-- This site is optimized with the Yoast SEO plugin v27.2 - https:\/\/yoast.com\/product\/yoast-seo-wordpress\/ -->\n<title>Patrocinio - WEV<\/title>\n<meta name=\"description\" content=\"Explora las oportunidades de asociaci\u00f3n de colaboraci\u00f3n y reconocimiento para los partidarios corporativos de la econom\u00eda local vibrante y empoderada de WEV.\" \/>\n<meta name=\"robots\" content=\"index, follow, max-snippet:-1, max-image-preview:large, max-video-preview:-1\" \/>\n<link rel=\"canonical\" href=\"https:\/\/wevonline.org\/es\/dona\/patrocinio\/\" \/>\n<meta property=\"og:locale\" content=\"es_ES\" \/>\n<meta property=\"og:type\" content=\"article\" \/>\n<meta property=\"og:title\" content=\"Patrocinio - WEV\" \/>\n<meta property=\"og:description\" content=\"Explora las oportunidades de asociaci\u00f3n de colaboraci\u00f3n y reconocimiento para los partidarios corporativos de la econom\u00eda local vibrante y empoderada de WEV.\" \/>\n<meta property=\"og:url\" content=\"https:\/\/wevonline.org\/es\/dona\/patrocinio\/\" \/>\n<meta property=\"og:site_name\" content=\"WEV\" \/>\n<meta property=\"article:publisher\" content=\"https:\/\/www.facebook.com\/WomensEconomicVentures\" \/>\n<meta property=\"article:modified_time\" content=\"2025-08-05T16:33:05+00:00\" \/>\n<meta property=\"og:image\" content=\"https:\/\/wevonline.org\/wp-content\/uploads\/2022\/08\/Sponsor-Banner.jpg\" \/>\n\t<meta property=\"og:image:width\" content=\"1370\" \/>\n\t<meta property=\"og:image:height\" content=\"1100\" \/>\n\t<meta property=\"og:image:type\" content=\"image\/jpeg\" \/>\n<meta name=\"twitter:card\" content=\"summary_large_image\" \/>\n<script type=\"application\/ld+json\" class=\"yoast-schema-graph\">{\"@context\":\"https:\/\/schema.org\",\"@graph\":[{\"@type\":\"WebPage\",\"@id\":\"https:\/\/wevonline.org\/es\/dona\/patrocinio\/\",\"url\":\"https:\/\/wevonline.org\/es\/dona\/patrocinio\/\",\"name\":\"Patrocinio - WEV\",\"isPartOf\":{\"@id\":\"https:\/\/www.wevonline.org\/#website\"},\"primaryImageOfPage\":{\"@id\":\"https:\/\/wevonline.org\/es\/dona\/patrocinio\/#primaryimage\"},\"image\":{\"@id\":\"https:\/\/wevonline.org\/es\/dona\/patrocinio\/#primaryimage\"},\"thumbnailUrl\":\"https:\/\/wevonline.org\/wp-content\/uploads\/2022\/08\/Sponsor-Banner.jpg\",\"datePublished\":\"2022-06-14T09:19:25+00:00\",\"dateModified\":\"2025-08-05T16:33:05+00:00\",\"description\":\"Explora las oportunidades de asociaci\u00f3n de colaboraci\u00f3n y reconocimiento para los partidarios corporativos de la econom\u00eda local vibrante y empoderada de WEV.\",\"breadcrumb\":{\"@id\":\"https:\/\/wevonline.org\/es\/dona\/patrocinio\/#breadcrumb\"},\"inLanguage\":\"es-ES\",\"potentialAction\":[{\"@type\":\"ReadAction\",\"target\":[\"https:\/\/wevonline.org\/es\/dona\/patrocinio\/\"]}]},{\"@type\":\"ImageObject\",\"inLanguage\":\"es-ES\",\"@id\":\"https:\/\/wevonline.org\/es\/dona\/patrocinio\/#primaryimage\",\"url\":\"https:\/\/wevonline.org\/wp-content\/uploads\/2022\/08\/Sponsor-Banner.jpg\",\"contentUrl\":\"https:\/\/wevonline.org\/wp-content\/uploads\/2022\/08\/Sponsor-Banner.jpg\",\"width\":1370,\"height\":1100,\"caption\":\"Marsha Bailey, fundadora de WEV, y Kathy Odell, directora ejecutiva, con la patrocinadora Janet Garufis en un evento de WEV.\"},{\"@type\":\"BreadcrumbList\",\"@id\":\"https:\/\/wevonline.org\/es\/dona\/patrocinio\/#breadcrumb\",\"itemListElement\":[{\"@type\":\"ListItem\",\"position\":1,\"name\":\"Home\",\"item\":\"https:\/\/www.wevonline.org\/es\/\"},{\"@type\":\"ListItem\",\"position\":2,\"name\":\"Dona a WEV\",\"item\":\"https:\/\/www.wevonline.org\/es\/dona\/\"},{\"@type\":\"ListItem\",\"position\":3,\"name\":\"Patrocinio\"}]},{\"@type\":\"WebSite\",\"@id\":\"https:\/\/www.wevonline.org\/#website\",\"url\":\"https:\/\/www.wevonline.org\/\",\"name\":\"WEV\",\"description\":\"Women&#039;s Economic Ventures\",\"publisher\":{\"@id\":\"https:\/\/www.wevonline.org\/#organization\"},\"potentialAction\":[{\"@type\":\"SearchAction\",\"target\":{\"@type\":\"EntryPoint\",\"urlTemplate\":\"https:\/\/www.wevonline.org\/?s={search_term_string}\"},\"query-input\":{\"@type\":\"PropertyValueSpecification\",\"valueRequired\":true,\"valueName\":\"search_term_string\"}}],\"inLanguage\":\"es-ES\"},{\"@type\":\"Organization\",\"@id\":\"https:\/\/www.wevonline.org\/#organization\",\"name\":\"Women's Economic Ventures\",\"url\":\"https:\/\/www.wevonline.org\/\",\"logo\":{\"@type\":\"ImageObject\",\"inLanguage\":\"es-ES\",\"@id\":\"https:\/\/www.wevonline.org\/#\/schema\/logo\/image\/\",\"url\":\"https:\/\/www.wevonline.org\/wp-content\/uploads\/2022\/08\/WEV-Spanish-Logo_Website-Header.png\",\"contentUrl\":\"https:\/\/www.wevonline.org\/wp-content\/uploads\/2022\/08\/WEV-Spanish-Logo_Website-Header.png\",\"width\":506,\"height\":127,\"caption\":\"Women's Economic Ventures\"},\"image\":{\"@id\":\"https:\/\/www.wevonline.org\/#\/schema\/logo\/image\/\"},\"sameAs\":[\"https:\/\/www.facebook.com\/WomensEconomicVentures\",\"https:\/\/www.instagram.com\/womenseconomicventures\/?hl=en\"]}]}<\/script>\n<!-- \/ Yoast SEO plugin. -->","yoast_head_json":{"title":"Patrocinio - WEV","description":"Explora las oportunidades de asociaci\u00f3n de colaboraci\u00f3n y reconocimiento para los partidarios corporativos de la econom\u00eda local vibrante y empoderada de WEV.","robots":{"index":"index","follow":"follow","max-snippet":"max-snippet:-1","max-image-preview":"max-image-preview:large","max-video-preview":"max-video-preview:-1"},"canonical":"https:\/\/wevonline.org\/es\/dona\/patrocinio\/","og_locale":"es_ES","og_type":"article","og_title":"Patrocinio - WEV","og_description":"Explora las oportunidades de asociaci\u00f3n de colaboraci\u00f3n y reconocimiento para los partidarios corporativos de la econom\u00eda local vibrante y empoderada de WEV.","og_url":"https:\/\/wevonline.org\/es\/dona\/patrocinio\/","og_site_name":"WEV","article_publisher":"https:\/\/www.facebook.com\/WomensEconomicVentures","article_modified_time":"2025-08-05T16:33:05+00:00","og_image":[{"width":1370,"height":1100,"url":"https:\/\/wevonline.org\/wp-content\/uploads\/2022\/08\/Sponsor-Banner.jpg","type":"image\/jpeg"}],"twitter_card":"summary_large_image","schema":{"@context":"https:\/\/schema.org","@graph":[{"@type":"WebPage","@id":"https:\/\/wevonline.org\/es\/dona\/patrocinio\/","url":"https:\/\/wevonline.org\/es\/dona\/patrocinio\/","name":"Patrocinio - WEV","isPartOf":{"@id":"https:\/\/www.wevonline.org\/#website"},"primaryImageOfPage":{"@id":"https:\/\/wevonline.org\/es\/dona\/patrocinio\/#primaryimage"},"image":{"@id":"https:\/\/wevonline.org\/es\/dona\/patrocinio\/#primaryimage"},"thumbnailUrl":"https:\/\/wevonline.org\/wp-content\/uploads\/2022\/08\/Sponsor-Banner.jpg","datePublished":"2022-06-14T09:19:25+00:00","dateModified":"2025-08-05T16:33:05+00:00","description":"Explora las oportunidades de asociaci\u00f3n de colaboraci\u00f3n y reconocimiento para los partidarios corporativos de la econom\u00eda local vibrante y empoderada de WEV.","breadcrumb":{"@id":"https:\/\/wevonline.org\/es\/dona\/patrocinio\/#breadcrumb"},"inLanguage":"es-ES","potentialAction":[{"@type":"ReadAction","target":["https:\/\/wevonline.org\/es\/dona\/patrocinio\/"]}]},{"@type":"ImageObject","inLanguage":"es-ES","@id":"https:\/\/wevonline.org\/es\/dona\/patrocinio\/#primaryimage","url":"https:\/\/wevonline.org\/wp-content\/uploads\/2022\/08\/Sponsor-Banner.jpg","contentUrl":"https:\/\/wevonline.org\/wp-content\/uploads\/2022\/08\/Sponsor-Banner.jpg","width":1370,"height":1100,"caption":"Marsha Bailey, fundadora de WEV, y Kathy Odell, directora ejecutiva, con la patrocinadora Janet Garufis en un evento de WEV."},{"@type":"BreadcrumbList","@id":"https:\/\/wevonline.org\/es\/dona\/patrocinio\/#breadcrumb","itemListElement":[{"@type":"ListItem","position":1,"name":"Home","item":"https:\/\/www.wevonline.org\/es\/"},{"@type":"ListItem","position":2,"name":"Dona a WEV","item":"https:\/\/www.wevonline.org\/es\/dona\/"},{"@type":"ListItem","position":3,"name":"Patrocinio"}]},{"@type":"WebSite","@id":"https:\/\/www.wevonline.org\/#website","url":"https:\/\/www.wevonline.org\/","name":"WEV","description":"Women&#039;s Economic Ventures","publisher":{"@id":"https:\/\/www.wevonline.org\/#organization"},"potentialAction":[{"@type":"SearchAction","target":{"@type":"EntryPoint","urlTemplate":"https:\/\/www.wevonline.org\/?s={search_term_string}"},"query-input":{"@type":"PropertyValueSpecification","valueRequired":true,"valueName":"search_term_string"}}],"inLanguage":"es-ES"},{"@type":"Organization","@id":"https:\/\/www.wevonline.org\/#organization","name":"Women's Economic Ventures","url":"https:\/\/www.wevonline.org\/","logo":{"@type":"ImageObject","inLanguage":"es-ES","@id":"https:\/\/www.wevonline.org\/#\/schema\/logo\/image\/","url":"https:\/\/www.wevonline.org\/wp-content\/uploads\/2022\/08\/WEV-Spanish-Logo_Website-Header.png","contentUrl":"https:\/\/www.wevonline.org\/wp-content\/uploads\/2022\/08\/WEV-Spanish-Logo_Website-Header.png","width":506,"height":127,"caption":"Women's Economic Ventures"},"image":{"@id":"https:\/\/www.wevonline.org\/#\/schema\/logo\/image\/"},"sameAs":["https:\/\/www.facebook.com\/WomensEconomicVentures","https:\/\/www.instagram.com\/womenseconomicventures\/?hl=en"]}]}},"_links":{"self":[{"href":"https:\/\/wevonline.org\/es\/wp-json\/wp\/v2\/pages\/669","targetHints":{"allow":["GET"]}}],"collection":[{"href":"https:\/\/wevonline.org\/es\/wp-json\/wp\/v2\/pages"}],"about":[{"href":"https:\/\/wevonline.org\/es\/wp-json\/wp\/v2\/types\/page"}],"author":[{"embeddable":true,"href":"https:\/\/wevonline.org\/es\/wp-json\/wp\/v2\/users\/1"}],"replies":[{"embeddable":true,"href":"https:\/\/wevonline.org\/es\/wp-json\/wp\/v2\/comments?post=669"}],"version-history":[{"count":6,"href":"https:\/\/wevonline.org\/es\/wp-json\/wp\/v2\/pages\/669\/revisions"}],"predecessor-version":[{"id":7008,"href":"https:\/\/wevonline.org\/es\/wp-json\/wp\/v2\/pages\/669\/revisions\/7008"}],"up":[{"embeddable":true,"href":"https:\/\/wevonline.org\/es\/wp-json\/wp\/v2\/pages\/3765"}],"wp:featuredmedia":[{"embeddable":true,"href":"https:\/\/wevonline.org\/es\/wp-json\/wp\/v2\/media\/5264"}],"wp:attachment":[{"href":"https:\/\/wevonline.org\/es\/wp-json\/wp\/v2\/media?parent=669"}],"curies":[{"name":"wp","href":"https:\/\/api.w.org\/{rel}","templated":true}]}}