{"id":671,"date":"2022-06-14T12:32:08","date_gmt":"2022-06-14T12:32:08","guid":{"rendered":"https:\/\/www.wevonline.org\/condiciones\/"},"modified":"2022-08-23T23:01:12","modified_gmt":"2022-08-23T23:01:12","slug":"terminos","status":"publish","type":"page","link":"https:\/\/wevonline.org\/es\/terminos\/","title":{"rendered":"T\u00e9rminos de Uso"},"content":{"rendered":"","protected":false},"excerpt":{"rendered":"","protected":false},"author":1,"featured_media":0,"parent":0,"menu_order":0,"comment_status":"closed","ping_status":"closed","template":"","meta":{"_acf_changed":false,"footnotes":""},"class_list":["post-671","page","type-page","status-publish","hentry"],"acf":{"flexible_blocks":[{"acf_fc_layout":"cb07_interior_banner","block_id":"","margin_top":"","margin_bottom":"","add_custom_css_class":"","headline":"T\u00e9rminos de Uso","sub_headline":"","image":false},{"acf_fc_layout":"cb11_text_editor","block_id":"","margin_top":"","margin_bottom":"","add_custom_css_class":"","editor":"<p>Bienvenida\/o a WEVonline.org, un sitio web operado por Women\u2019s Economic Ventures de Santa B\u00e1rbara, California una corporaci\u00f3n de beneficio p\u00fablico sin fines de lucro de (\u201cWEV\u201d). Este sitio se mantiene como un servicio para sus visitantes. Estos T\u00e9rminos de uso (\u201cT\u00e9rminos\u201d) se realizan entre WEV y usted (\u201custed\u201d, \u201csu\u201d o \u201cUsuario\u201d). Estos T\u00e9rminos contienen los t\u00e9rminos y condiciones que rigen el uso de este sitio. Al usar este sitio, usted acepta cumplir y estar sujeto a los siguientes t\u00e9rminos de uso. Por favor revise los T\u00e9rminos cuidadosamente. Si no est\u00e1 de acuerdo con estos T\u00e9rminos, no tiene derecho a recibir informaci\u00f3n de WEV, participar en el comercio o a utilizar este sitio. Si no usa este sitio de acuerdo con los siguientes T\u00e9rminos, usted puede estar sujeto a severas sanciones civiles y penales.<\/p>\n<p>\u00a0<\/p>\n<h3>LEA ESTO:<\/h3>\n<p>AL ACCEDER, VISITAR, USAR O INTENTAR INTERACTUAR CON CUALQUIER PARTE DE ESTE SITIO, O CUALQUIERA DE LOS SERVICIOS O SOFTWARE DE WEV (COLECTIVAMENTE, \u201cSERVICIOS\u201d), ACEPTA QUE HA LE\u00cdDO, COMPRENDIDO Y ACEPTA ESTAR OBLIGADO POR ESTOS T\u00c9RMINOS. SI NO ACEPTA ESTAR OBLIGADO POR ESTOS T\u00c9RMINOS, NO ACCEDA NI USE NINGUNA PARTE DE ESTE SITIO. WEV SE RESERVA EL DERECHO, DE VEZ EN CUANDO, CON O SIN NOTIFICACI\u00d3N PARA USTED, HACER CAMBIOS A ESTOS T\u00c9RMINOS A DISCRECI\u00d3N \u00daNICA DE WEV. EL USO CONTINUADO DE CUALQUIER PARTE DE ESTE SITIO CONSTITUYE SU ACEPTACI\u00d3N DE DICHOS CAMBIOS. LA VERSI\u00d3N M\u00c1S ACTUAL DE ESTOS T\u00c9RMINOS, QUE SUCEDE A TODAS LAS VERSIONES ANTERIORES, PUEDE VERLA HACIENDO CLIC EN EL HIPERLINK \u201cT\u00c9RMINOS DE USO\u201d UBICADO EN LA PARTE INFERIOR DE CADA P\u00c1GINA EN WEVONLINE.ORG.<\/p>\n<p>\u00a0<\/p>\n<h3>ACCESO A ESTE SITIO:<\/h3>\n<p>Para acceder a este sitio o algunos de los recursos que ofrece, es posible que se le solicite que proporcione ciertos detalles de registro u otra informaci\u00f3n. Es una condici\u00f3n de su uso de este sitio que toda la informaci\u00f3n que proporcione en este sitio sea correcta, actual y completa. Si WEV cree que la informaci\u00f3n que proporciona no es correcta, actual o completa, WEV tiene el derecho de negarle el acceso a este sitio o de cualquiera de sus recursos, y a rescindir o suspender su acceso en cualquier momento.<\/p>\n<p>\u00a0<\/p>\n<h3>RESTRICCIONES DE USO:<\/h3>\n<p>Puede usar este sitio para fines expresamente permitidos por este sitio. Como condici\u00f3n para el uso del sitio de WEV, usted garantiza a WEV que no utilizar\u00e1 el sitio para ning\u00fan prop\u00f3sito que sea ilegal o prohibido por estos t\u00e9rminos, condiciones y avisos. Por ejemplo, no puede (y no puede autorizar a ninguna otra parte a): (i) compartir como propia la marca, nombre o logo de este sitio,  o (ii) utilizar este sitio como marco de referencia para usted sin el consentimiento previo por escrito de un representante autorizado de WEV. Para fines de estos T\u00e9rminos, \u201cmarca compartida\u201d significa mostrar un nombre, logotipo, marca comercial u otro medio de atribuci\u00f3n o identificaci\u00f3n de cualquier parte de una manera que sea razonablemente probable que le d\u00e9 al usuario la impresi\u00f3n de que esa otra parte tiene el derecho a mostrar, publicar o distribuir este sitio o contenido accesible dentro de este sitio. Usted acepta cooperar con WEV para hacer que cesen de forma inmediata las marcas compartidas, los marcos de referencia o los hiperv\u00ednculos no autorizados. No puede obtener ni intentar obtener ning\u00fan material, contenido o informaci\u00f3n a trav\u00e9s de ning\u00fan medio que no est\u00e9 intencionalmente disponible o proporcionado a trav\u00e9s del sitio.<\/p>\n<p>\u00a0<\/p>\n<h3>LIMITACI\u00d3N DE USO PERSONAL Y NO COMERCIAL:<\/h3>\n<p>WEV le otorga una licencia limitada para acceder y hacer uso personal y no comercial de este sitio. Usted reconoce y acepta que utilizar\u00e1 el sitio WEV y sus contenidos \u00fanicamente para sus fines personales y no comerciales. No puede usar este sitio para ning\u00fan otro prop\u00f3sito, incluido ning\u00fan prop\u00f3sito comercial, sin el previo consentimiento por escrito de WEV. No puede modificar, copiar, distribuir, mostrar, enviar, realizar, reproducir, publicar, licenciar, crear trabajos derivados, transferir o vender ninguna informaci\u00f3n, contenido, software, productos o servicios obtenidos del sitio de WEV o conectados a este. Esta licencia limitada no incluye ninguna reventa o uso comercial de este sitio o sus contenidos; cualquier uso derivado de este sitio o sus contenidos; cualquier descarga o copia de la informaci\u00f3n de la cuenta en beneficio de otro cliente o usuario; o cualquier descompilaci\u00f3n o ingenier\u00eda inversa de este sitio o sus contenidos. WEV se reserva el derecho de controlar su uso del sitio de WEV para garantizar su cumplimiento de estos T\u00e9rminos.<\/p>\n<p>\u00a0<\/p>\n<h3>INFORMACI\u00d3N DEL PROPIETARIO:<\/h3>\n<p>El material y el contenido accesibles desde este sitio, su recopilaci\u00f3n, disposici\u00f3n y montaje (el \u201cContenido\u201d) son propiedad exclusiva e informaci\u00f3n patentada de WEV o de la parte que proporcion\u00f3 u otorg\u00f3 la licencia del Contenido a WEV, por lo que dicha parte proveedora retiene todo derecho, t\u00edtulo e inter\u00e9s en el Contenido. En consecuencia, el Contenido no puede copiarse, distribuirse, republicarse, cargarse, publicarse o transmitirse de ninguna manera sin el consentimiento previo por escrito de WEV o de la parte proveedora, seg\u00fan corresponda, excepto que puede imprimir una copia del Contenido \u00fanicamente para su uso personal u otro uso seg\u00fan lo autorizado por estos T\u00e9rminos. Al hacerlo, no puede eliminar o alterar, o hacer que se elimine o altere, ning\u00fan derecho de autor, marca comercial, nombre comercial, marca de servicio o cualquier otro aviso de propiedad o leyenda que aparezca en cualquiera de los Contenidos. La modificaci\u00f3n o el uso del Contenido, excepto lo dispuesto expresamente en estos T\u00e9rminos, viola estos T\u00e9rminos. Ni el t\u00edtulo ni los derechos de propiedad intelectual de WEV se le transfieren a usted mediante el acceso a este sitio.<\/p>\n<p>\u00a0<\/p>\n<h3>HIPERVINCULOS:<\/h3>\n<p>Este sitio puede estar vinculado a otros sitios que no son mantenidos por, o relacionados con, WEV. Los hiperv\u00ednculos a dichos sitios se proporcionan como un servicio a los usuarios y no est\u00e1n patrocinados ni afiliados a este sitio o WEV. WEV no monitorea ni revisa de manera continua ninguno de estos sitios y no es responsable por el contenido de dichos sitios. Se debe acceder a los hiperv\u00ednculos bajo el propio riesgo del usuario, y WEV no se responsabiliza ni garantiza el contenido, la integridad o la precisi\u00f3n de estos hiperv\u00ednculos o los sitios hipervinculados a este sitio. WEV proporciona hiperv\u00ednculos como una conveniencia, y la inclusi\u00f3n de cualquier hiperv\u00ednculo a un sitio de terceros no implica necesariamente la aprobaci\u00f3n por parte de WEV de ese sitio o ninguna asociaci\u00f3n con sus operadores.<\/p>\n<p>\u00a0<\/p>\n<h3>PRESENTACIONES:<\/h3>\n<p>Cualquier informaci\u00f3n, materiales, sugerencias, ideas, comentarios u otra informaci\u00f3n comunicada a WEV a trav\u00e9s de este sitio (la \u201cPresentaci\u00f3n\u201d) no ser\u00e1 tratada como informaci\u00f3n confidencial, de propiedad o secreto comercial. A trav\u00e9s de su Presentaci\u00f3n, usted otorga a WEV el derecho y la licencia no exclusivos, perpetuos, irrevocables, mundiales, no exclusivos para usar, reproducir, modificar, adaptar, publicar, traducir, crear trabajos derivados, distribuir, realizar y mostrar la Presentaci\u00f3n, e incorporar cualquier Presentaci\u00f3n en otras obras en cualquier forma, medio o tecnolog\u00eda ahora conocida o desarrollada m\u00e1s adelante. WEV no tendr\u00e1 la obligaci\u00f3n de tratar ninguna Presentaci\u00f3n como confidencial, y puede utilizar cualquier Presentaci\u00f3n en su negocio sin incurrir en ninguna responsabilidad por regal\u00edas o cualquier otra consideraci\u00f3n de ning\u00fan tipo, y no incurrir\u00e1 en ninguna responsabilidad como resultado de las similitudes que puedan aparecer en futuras operaciones de WEV. No obstante lo anterior, WEV tratar\u00e1 cualquier informaci\u00f3n personal que env\u00ede a trav\u00e9s de este sitio de acuerdo con su P\u00f3liza de privacidad, a la que puede acceder haciendo clic en el hiperv\u00ednculo \u201cP\u00d3LIZA DE PRIVACIDAD\u201d en el sitio web de WEV. Debe ser selectiva\/o en los env\u00edos (las presentaciones) publicados en este sitio y proporcionados a otros usuarios. WEV se reserva el derecho de investigar y tomar las acciones legales apropiadas contra cualquier persona que viole esta secci\u00f3n, lo que incluye, entre otros, eliminar la Presentaci\u00f3n ofensiva de este sitio y finalizar el acceso a este sin previo aviso. Si se entera de cualquier uso indebido de este sitio por parte de cualquier persona, comun\u00edquese con WEV haciendo clic en el hiperv\u00ednculo \u201cCont\u00e1ctenos\u201d en la parte inferior de cada p\u00e1gina de este sitio. WEV se reserva el derecho, a su exclusivo criterio, de rechazar, negarse a publicar o eliminar cualquier publicaci\u00f3n suya, o de restringir, suspender o finalizar su acceso a todo o parte de este sitio en cualquier momento, por cualquier motivo o sin motivo alguno, con o sin previo aviso, y sin riesgo ni responsabilidad. Por la presente, usted declara y garantiza que es due\u00f1o del Contenido y la Presentaci\u00f3n o que tiene los derechos para otorgar la licencia descrita en este documento, y que dicha Presentaci\u00f3n no viola los derechos de privacidad, derechos de publicidad, derechos de autor, derechos contractuales o cualquier otro derecho de cualquier otra persona.<\/p>\n<p>\u00a0<\/p>\n<h3>DESCARGO DE RESPONSABILIDAD:<\/h3>\n<p>Usted comprende que WEV no puede garantizar ni garantiza que los archivos disponibles para la descarga desde Internet estar\u00e1n libres de virus, gusanos u otro c\u00f3digo que pueda manifestar propiedades contaminantes o destructivas. Usted es responsable de implementar procedimientos y puntos de control suficientes para satisfacer sus requisitos particulares de precisi\u00f3n de entrada y salida de datos, y de mantener un medio externo a este sitio para cualquier reconstrucci\u00f3n de datos perdidos. WEV no asume ninguna responsabilidad o riesgo por su uso de Internet.<\/p>\n<p>SU USO DE ESTE SITIO ES BAJO SU PROPIO RIESGO. EL CONTENIDO SE PROPORCIONA \u201cTAL CUAL\u201d Y SIN GARANT\u00cdAS DE NING\u00daN TIPO, EXPRESAS O IMPL\u00cdCITAS. WEV RENUNCIA A TODAS LAS GARANT\u00cdAS, INCLUYENDO CUALQUIER GARANT\u00cdA IMPL\u00cdCITA DE COMERCIABILIDAD, APTITUD PARA UN PROP\u00d3SITO, T\u00cdTULO O NO INFRACCI\u00d3N PARTICULAR. WEV NO GARANTIZA QUE LAS FUNCIONES O CONTENIDO EN ESTE SITIO SER\u00c1N ININTERRUMPIDOS O SIN ERRORES, QUE LOS DEFECTOS SER\u00c1N CORREGIDOS, O QUE ESTE SITIO O EL SERVIDOR QUE LO HACE DISPONIBLE EST\u00c9 LIBRE DE VIRUS U OTROS COMPONENTES DA\u00d1INOS. WEV NO GARANTIZA NI HACE NINGUNA REPRESENTACI\u00d3N SOBRE EL USO, O EL RESULTADO DE USO, DEL CONTENIDO EN T\u00c9RMINOS DE PRECISI\u00d3N, CONFIABILIDAD, O DE OTRA MANERA. EL CONTENIDO PUEDE INCLUIR IMPRECISIONES T\u00c9CNICAS O ERRORES TIPOGR\u00c1FICOS, Y PODEMOS HACER CAMBIOS O MEJORAS EN CUALQUIER MOMENTO. USTED, Y NO WEV, ASUME EL COSTO TOTAL DE TODOS LOS SERVICIOS, REPARACIONES O CORRECCIONES NECESARIAS EN CASO DE CUALQUIER P\u00c9RDIDA O DA\u00d1O DERIVADO DEL USO DE ESTE SITIO O SU CONTENIDO. WEV NO OFRECE GARANT\u00cdAS DE QUE SU USO DEL CONTENIDO NO INFRINGIR\u00c1 EN LOS DERECHOS DE OTROS Y NO ASUME NINGUNA RIESGO O RESPONSABILIDAD POR ERRORES U OMISIONES EN DICHO CONTENIDO.<\/p>\n<p>Toda la informaci\u00f3n en este sitio, ya sea de naturaleza hist\u00f3rica o prospectiva, solo habla a partir de la fecha en que se publica la informaci\u00f3n en este sitio, y WEV no asume ninguna obligaci\u00f3n de actualizar dicha informaci\u00f3n despu\u00e9s de que se publique o eliminar informaci\u00f3n de este sitio si no es, o si ya no es precisa o completa.<\/p>\n<p>\u00a0<\/p>\n<h3>LIMITACI\u00d3N DE RESPONSABILIDAD:<\/h3>\n<p>WEV, SUS AFILIADOS, LICENCIANTES, PROVEEDORES DE SERVICIOS, EMPLEADOS, AGENTES, OFICIALES Y DIRECTORES NO SER\u00c1N RESPONSABLES DE NING\u00daN DA\u00d1O INCIDENTAL, DIRECTO, INDIRECTO, PUNITIVO, REAL, CONSECUENTE, ESPECIAL, EJEMPLAR U OTROS DA\u00d1OS, INCLUYENDO P\u00c9RDIDAS DE INGRESOS DOLOR Y SUFRIMIENTO, DISTRESS EMOCIONAL O DA\u00d1OS SIMILARES, INCLUSO SI SE HA INFORMADO DE LA POSIBILIDAD DE TALES DA\u00d1OS. EN NING\u00daN CASO LA RESPONSABILIDAD COLECTIVA DE WEV Y LAS PARTES REFERIDAS ANTERIORMENTE A CUALQUIER PARTE (SIN IMPORTAR LA FORMA DE ACCI\u00d3N, YA SEA POR CONTRATO, TORT U OTRO) EXCEDIERA MAS DE $ 100 O LA CANTIDAD QUE HAYA PAGADO A WEV POR EL CONTENIDO APLICABLE O SERVICIO POR EL CUAL SURGI\u00d3 LA RESPONSABILIDAD.<\/p>\n<p>\u00a0<\/p>\n<h3>TERMINACI\u00d3N O RESTRICCI\u00d3N DE ACCESO:<\/h3>\n<p>WEV se reserva el derecho, a su exclusivo criterio, de cancelar su acceso a cualquiera o todos los sitios de WEV y los servicios relacionados o cualquier parte de los mismos en cualquier momento, sin previo aviso, por cualquier motivo y sin motivo alguno.<\/p>\n<p>\u00a0<\/p>\n<h3>INDEMNIDAD:<\/h3>\n<p>Indemnizar\u00e1 y eximir\u00e1 a WEV, sus afiliados, licenciantes, proveedores de servicios, empleados, agentes, funcionarios y directores (las \u201cPartes indemnizadas\u201d) de cualquier incumplimiento de estos T\u00e9rminos por parte de usted, incluido cualquier uso de Contenido que no est\u00e9 expresamente autorizado en estos t\u00e9rminos. Usted acepta que las Partes indemnizadas no tendr\u00e1n ninguna responsabilidad en relaci\u00f3n con dicho incumplimiento o uso no autorizado, y acepta indemnizar todas y cada una de las p\u00e9rdidas, da\u00f1os, sentencias, laudos, costos, gastos y honorarios de abogados de las Partes indemnizadas resultantes. con eso. Tambi\u00e9n indemnizar\u00e1 y eximir\u00e1 a las Partes indemnizadas de cualquier reclamo presentado por terceros que surja de su uso de la informaci\u00f3n accedida desde este sitio.<\/p>\n<p>\u00a0<\/p>\n<h3>MARCAS Y DERECHOS DE AUTOR:<\/h3>\n<p>Las marcas comerciales, las marcas de servicio, los logotipos y las obras con derechos de autor que aparecen en este sitio son propiedad de WEV o de la parte que proporcion\u00f3 las marcas comerciales, marcas de servicio, logotipos y obras con derechos de autor a WEV. WEV y cualquiera de las partes proveedoras conservan todos los derechos con respecto a cualquiera de sus respectivas marcas registradas, marcas de servicio, logotipos y trabajos con derechos de autor que aparecen en este sitio. Todo el contenido de los sitios de WEV son: Copyright \u00a9 2022 Women\u2019s Economic Ventures, 21 East Canon Perdido Street, Santa B\u00e1rbara, California 93101. Todos los derechos reservados. La notificaci\u00f3n de la supuesta infracci\u00f3n de derechos de autor debe enviarse al Agente Designado del Proveedor de servicios.<\/p>\n<p>\u00a0<\/p>\n<h3>SEGURIDAD:<\/h3>\n<p>Las contrase\u00f1as utilizadas para este sitio son solo para su uso individual. Usted ser\u00e1 responsable de la seguridad de su contrase\u00f1a. WEV tendr\u00e1 derecho a controlar su contrase\u00f1a y, a su discreci\u00f3n, le exigir\u00e1 que la cambie. Si usa una contrase\u00f1a que WEV considera insegura, WEV tendr\u00e1 derecho a exigir que se cambie la contrase\u00f1a y \/ o cancelar su cuenta. WEV se reserva el derecho de cooperar completamente con cualquier agencia de aplicaci\u00f3n de la ley u orden judicial que solicite u ordene a WEV que revele la identidad de cualquier persona que ponga a disposici\u00f3n cualquier material que se considere que viola estos T\u00e9rminos. AL ACEPTAR ESTOS T\u00c9RMINOS, USTED RENUNCIA Y SE ABSTIENE DE DEMANDAR A WEV POR CUALQUIER RECLAMACI\u00d3N RESULTANTE DE CUALQUIER ACCI\u00d3N TOMADA POR WEV DURANTE O COMO RESULTADO DE SUS INVESTIGACIONES Y \/ O DE CUALQUIER ACCI\u00d3N TOMADA COMO UNA CONSECUENCIA DE LAS INVESTIGACIONES POR CUALQUIER AGENCIA DE LEY O WEV.<\/p>\n<p>\u00a0<\/p>\n<h3>MISCEL\u00c1NEO:<\/h3>\n<p>Estos T\u00e9rminos se regir\u00e1n e interpretar\u00e1n de conformidad con las leyes del Estado de California, Estados Unidos de Am\u00e9rica, sin dar efecto a ning\u00fan principio de conflicto de leyes. Usted acepta espec\u00edficamente la jurisdicci\u00f3n personal en California en relaci\u00f3n con cualquier disputa entre usted y WEV que surja de estos T\u00e9rminos o pertenezca al tema presente. Las partes de estos T\u00e9rminos acuerdan que el lugar exclusivo para cualquier disputa entre las partes que surja de estos T\u00e9rminos ser\u00e1 en Santa B\u00e1rbara, California. Si alguna parte de estos T\u00e9rminos es ilegal, nula o inaplicable, esa parte se considerar\u00e1 separable y no afectar\u00e1 la validez y aplicabilidad de las disposiciones restantes. Usted acepta que no existe una relaci\u00f3n de empresa conjunta, sociedad, empleo o agencia entre usted y WEV como resultado de estos T\u00e9rminos o el uso del sitio de WEV. Estos T\u00e9rminos y la P\u00f3liza de Privacidad constituyen el acuerdo completo entre las partes en relaci\u00f3n con el tema del presente y reemplaza todas las comunicaciones y propuestas anteriores o contempor\u00e1neas, con respecto al sitio de WEV. Una versi\u00f3n impresa de estos T\u00e9rminos y de cualquier notificaci\u00f3n dada en forma electr\u00f3nica ser\u00e1 admisible en procedimientos judiciales o administrativos basados en o relacionados con estos T\u00e9rminos en la misma medida y sujeto a las mismas condiciones que otros documentos y registros comerciales originalmente generados y mantenidos en forma impresa. No obstante lo anterior, los t\u00e9rminos y condiciones adicionales en este sitio regir\u00e1n los elementos a los que pertenecen. WEV puede revisar estos T\u00e9rminos en cualquier momento actualizando esta publicaci\u00f3n.<\/p>\n<p class=\"subhead\">\u00daltima actualizaci\u00f3n en Julio de 2020<\/p>\n"}]},"yoast_head":"<!-- This site is optimized with the Yoast SEO plugin v27.2 - https:\/\/yoast.com\/product\/yoast-seo-wordpress\/ -->\n<title>T\u00e9rminos de Uso - WEV<\/title>\n<meta name=\"robots\" content=\"index, follow, max-snippet:-1, max-image-preview:large, max-video-preview:-1\" \/>\n<link rel=\"canonical\" href=\"https:\/\/www.wevonline.org\/es\/terminos\/\" \/>\n<meta property=\"og:locale\" content=\"es_ES\" \/>\n<meta property=\"og:type\" content=\"article\" \/>\n<meta property=\"og:title\" content=\"T\u00e9rminos de Uso - WEV\" \/>\n<meta property=\"og:url\" content=\"https:\/\/www.wevonline.org\/es\/terminos\/\" \/>\n<meta property=\"og:site_name\" content=\"WEV\" \/>\n<meta property=\"article:publisher\" content=\"https:\/\/www.facebook.com\/WomensEconomicVentures\" \/>\n<meta property=\"article:modified_time\" content=\"2022-08-23T23:01:12+00:00\" \/>\n<meta name=\"twitter:card\" content=\"summary_large_image\" \/>\n<script type=\"application\/ld+json\" class=\"yoast-schema-graph\">{\"@context\":\"https:\/\/schema.org\",\"@graph\":[{\"@type\":\"WebPage\",\"@id\":\"https:\/\/www.wevonline.org\/es\/terminos\/\",\"url\":\"https:\/\/www.wevonline.org\/es\/terminos\/\",\"name\":\"T\u00e9rminos de Uso - WEV\",\"isPartOf\":{\"@id\":\"https:\/\/www.wevonline.org\/#website\"},\"datePublished\":\"2022-06-14T12:32:08+00:00\",\"dateModified\":\"2022-08-23T23:01:12+00:00\",\"breadcrumb\":{\"@id\":\"https:\/\/www.wevonline.org\/es\/terminos\/#breadcrumb\"},\"inLanguage\":\"es-ES\",\"potentialAction\":[{\"@type\":\"ReadAction\",\"target\":[\"https:\/\/www.wevonline.org\/es\/terminos\/\"]}]},{\"@type\":\"BreadcrumbList\",\"@id\":\"https:\/\/www.wevonline.org\/es\/terminos\/#breadcrumb\",\"itemListElement\":[{\"@type\":\"ListItem\",\"position\":1,\"name\":\"Home\",\"item\":\"https:\/\/www.wevonline.org\/es\/\"},{\"@type\":\"ListItem\",\"position\":2,\"name\":\"T\u00e9rminos de Uso\"}]},{\"@type\":\"WebSite\",\"@id\":\"https:\/\/www.wevonline.org\/#website\",\"url\":\"https:\/\/www.wevonline.org\/\",\"name\":\"WEV\",\"description\":\"Women&#039;s Economic Ventures\",\"publisher\":{\"@id\":\"https:\/\/www.wevonline.org\/#organization\"},\"potentialAction\":[{\"@type\":\"SearchAction\",\"target\":{\"@type\":\"EntryPoint\",\"urlTemplate\":\"https:\/\/www.wevonline.org\/?s={search_term_string}\"},\"query-input\":{\"@type\":\"PropertyValueSpecification\",\"valueRequired\":true,\"valueName\":\"search_term_string\"}}],\"inLanguage\":\"es-ES\"},{\"@type\":\"Organization\",\"@id\":\"https:\/\/www.wevonline.org\/#organization\",\"name\":\"Women's Economic Ventures\",\"url\":\"https:\/\/www.wevonline.org\/\",\"logo\":{\"@type\":\"ImageObject\",\"inLanguage\":\"es-ES\",\"@id\":\"https:\/\/www.wevonline.org\/#\/schema\/logo\/image\/\",\"url\":\"https:\/\/www.wevonline.org\/wp-content\/uploads\/2022\/08\/WEV-Spanish-Logo_Website-Header.png\",\"contentUrl\":\"https:\/\/www.wevonline.org\/wp-content\/uploads\/2022\/08\/WEV-Spanish-Logo_Website-Header.png\",\"width\":506,\"height\":127,\"caption\":\"Women's Economic Ventures\"},\"image\":{\"@id\":\"https:\/\/www.wevonline.org\/#\/schema\/logo\/image\/\"},\"sameAs\":[\"https:\/\/www.facebook.com\/WomensEconomicVentures\",\"https:\/\/www.instagram.com\/womenseconomicventures\/?hl=en\"]}]}<\/script>\n<!-- \/ Yoast SEO plugin. -->","yoast_head_json":{"title":"T\u00e9rminos de Uso - WEV","robots":{"index":"index","follow":"follow","max-snippet":"max-snippet:-1","max-image-preview":"max-image-preview:large","max-video-preview":"max-video-preview:-1"},"canonical":"https:\/\/www.wevonline.org\/es\/terminos\/","og_locale":"es_ES","og_type":"article","og_title":"T\u00e9rminos de Uso - WEV","og_url":"https:\/\/www.wevonline.org\/es\/terminos\/","og_site_name":"WEV","article_publisher":"https:\/\/www.facebook.com\/WomensEconomicVentures","article_modified_time":"2022-08-23T23:01:12+00:00","twitter_card":"summary_large_image","schema":{"@context":"https:\/\/schema.org","@graph":[{"@type":"WebPage","@id":"https:\/\/www.wevonline.org\/es\/terminos\/","url":"https:\/\/www.wevonline.org\/es\/terminos\/","name":"T\u00e9rminos de Uso - WEV","isPartOf":{"@id":"https:\/\/www.wevonline.org\/#website"},"datePublished":"2022-06-14T12:32:08+00:00","dateModified":"2022-08-23T23:01:12+00:00","breadcrumb":{"@id":"https:\/\/www.wevonline.org\/es\/terminos\/#breadcrumb"},"inLanguage":"es-ES","potentialAction":[{"@type":"ReadAction","target":["https:\/\/www.wevonline.org\/es\/terminos\/"]}]},{"@type":"BreadcrumbList","@id":"https:\/\/www.wevonline.org\/es\/terminos\/#breadcrumb","itemListElement":[{"@type":"ListItem","position":1,"name":"Home","item":"https:\/\/www.wevonline.org\/es\/"},{"@type":"ListItem","position":2,"name":"T\u00e9rminos de Uso"}]},{"@type":"WebSite","@id":"https:\/\/www.wevonline.org\/#website","url":"https:\/\/www.wevonline.org\/","name":"WEV","description":"Women&#039;s Economic Ventures","publisher":{"@id":"https:\/\/www.wevonline.org\/#organization"},"potentialAction":[{"@type":"SearchAction","target":{"@type":"EntryPoint","urlTemplate":"https:\/\/www.wevonline.org\/?s={search_term_string}"},"query-input":{"@type":"PropertyValueSpecification","valueRequired":true,"valueName":"search_term_string"}}],"inLanguage":"es-ES"},{"@type":"Organization","@id":"https:\/\/www.wevonline.org\/#organization","name":"Women's Economic Ventures","url":"https:\/\/www.wevonline.org\/","logo":{"@type":"ImageObject","inLanguage":"es-ES","@id":"https:\/\/www.wevonline.org\/#\/schema\/logo\/image\/","url":"https:\/\/www.wevonline.org\/wp-content\/uploads\/2022\/08\/WEV-Spanish-Logo_Website-Header.png","contentUrl":"https:\/\/www.wevonline.org\/wp-content\/uploads\/2022\/08\/WEV-Spanish-Logo_Website-Header.png","width":506,"height":127,"caption":"Women's Economic Ventures"},"image":{"@id":"https:\/\/www.wevonline.org\/#\/schema\/logo\/image\/"},"sameAs":["https:\/\/www.facebook.com\/WomensEconomicVentures","https:\/\/www.instagram.com\/womenseconomicventures\/?hl=en"]}]}},"_links":{"self":[{"href":"https:\/\/wevonline.org\/es\/wp-json\/wp\/v2\/pages\/671","targetHints":{"allow":["GET"]}}],"collection":[{"href":"https:\/\/wevonline.org\/es\/wp-json\/wp\/v2\/pages"}],"about":[{"href":"https:\/\/wevonline.org\/es\/wp-json\/wp\/v2\/types\/page"}],"author":[{"embeddable":true,"href":"https:\/\/wevonline.org\/es\/wp-json\/wp\/v2\/users\/1"}],"replies":[{"embeddable":true,"href":"https:\/\/wevonline.org\/es\/wp-json\/wp\/v2\/comments?post=671"}],"version-history":[{"count":1,"href":"https:\/\/wevonline.org\/es\/wp-json\/wp\/v2\/pages\/671\/revisions"}],"predecessor-version":[{"id":3931,"href":"https:\/\/wevonline.org\/es\/wp-json\/wp\/v2\/pages\/671\/revisions\/3931"}],"wp:attachment":[{"href":"https:\/\/wevonline.org\/es\/wp-json\/wp\/v2\/media?parent=671"}],"curies":[{"name":"wp","href":"https:\/\/api.w.org\/{rel}","templated":true}]}}