{"id":7033,"date":"2022-12-06T18:33:51","date_gmt":"2022-12-06T18:33:51","guid":{"rendered":"https:\/\/www.wevonline.org\/?page_id=7033"},"modified":"2025-06-11T15:53:36","modified_gmt":"2025-06-11T15:53:36","slug":"legacy","status":"publish","type":"page","link":"https:\/\/wevonline.org\/es\/dona\/legacy\/","title":{"rendered":"Legacy Society"},"content":{"rendered":"","protected":false},"excerpt":{"rendered":"","protected":false},"author":3,"featured_media":7031,"parent":3765,"menu_order":0,"comment_status":"closed","ping_status":"closed","template":"","meta":{"_acf_changed":false,"footnotes":""},"class_list":["post-7033","page","type-page","status-publish","has-post-thumbnail","hentry"],"acf":{"flexible_blocks":[{"acf_fc_layout":"cb07_interior_banner","block_id":"","margin_top":"","margin_bottom":"","add_custom_css_class":"","headline":"Legacy Society","sub_headline":"","image":"https:\/\/wevonline.org\/wp-content\/uploads\/2022\/12\/Legacy-Banner.jpg"},{"acf_fc_layout":"cb11_text_editor","block_id":"","margin_top":"","margin_bottom":"","add_custom_css_class":"","editor":"<h2>Un Legado Poderoso<\/h2>\n<p>\u00a0<\/p>\n<p>Con una donaci\u00f3n planificada a Women&#8217;s Economic Venture&#8217;s, creas un poderoso legado, impulsando el trabajo de WEV mientras promueves tus metas financieras. A trav\u00e9s de nuestra Legacy Society, honraremos y agradeceremos a patrocinadoras(es) que incluyan WEV en sus testamentos, fideicomisos y otras donaciones planificadas.<\/p>\n<p>Miembros de Legacy Society de WEV recibir\u00e1n invitaciones a una reuni\u00f3n anual de Legacy Society y reconocimiento en otros eventos especiales de WEV durante todo el a\u00f1o.<\/p>\n<p>\u00a0<\/p>\n<div class=\"quote-section no_image\"><div class=\"right-content\"><blockquote>\u201cMe siento privilegiada de poder apoyar la misi\u00f3n de WEV de una manera tan significativa.\u201d<\/blockquote><p class=\"subhead\">Miembro de la Legacy Society, Nancy Crouse<\/p><\/div><\/div>\n<p>\u00a0<\/p>\n<p>Notif\u00edcanos cuando organices un legado u otro obsequio planificado para WEV, o si ya lo has hecho, para que podamos incorporarte como miembro para honrar tu visi\u00f3n y dedicaci\u00f3n a las mujeres en microempresas. Tu generoso apoyo puede ser reconocido p\u00fablicamente a menos que prefieras dar de forma an\u00f3nima.<\/p>\n<p>Para obtener m\u00e1s informaci\u00f3n sobre Legacy Society o donaciones planificadas, comun\u00edcate con Lauren Lafferty, Directora Asociada de Desarrollo, al <a href=\"tel:18059080093\">(805) 908-0093<\/a>.<\/p>\n"},{"acf_fc_layout":"cb12_related_content","block_id":"","margin_top":"","margin_bottom":"","add_custom_css_class":"","heading":"Tambi\u00e9n te puede interesar","classes_resources":"manual_enter","show_latest":null,"drawer":[{"sub_heading":"Apoya a WEV","title":"Apoya la Misi\u00f3n de WEV","cta_link":{"title":"Aprende m\u00e1s","url":"https:\/\/www.wevonline.org\/es\/dona\/","target":""},"image":"https:\/\/wevonline.org\/wp-content\/uploads\/2022\/08\/Support-Related-Content.jpg"},{"sub_heading":"Apoya a WEV","title":"Voluntariado con WEV","cta_link":{"title":"Empieza","url":"https:\/\/www.wevonline.org\/es\/voluntariado\/","target":""},"image":"https:\/\/wevonline.org\/wp-content\/uploads\/2022\/08\/Volunteer-Related-Content-2.jpg"},{"sub_heading":"Apoya a WEV","title":"Liga de Mujeres Extraordinarias","cta_link":{"title":"Aprende m\u00e1s","url":"https:\/\/www.wevonline.org\/es\/dona\/la-liga\/","target":""},"image":"https:\/\/wevonline.org\/wp-content\/uploads\/2022\/08\/League-Related-Content-Updated-2023.jpg"}]}],"floating_cta_enable":"disable"},"yoast_head":"<!-- This site is optimized with the Yoast SEO plugin v27.2 - https:\/\/yoast.com\/product\/yoast-seo-wordpress\/ -->\n<title>Legacy Society - WEV<\/title>\n<meta name=\"description\" content=\"Apoye a las(os) due\u00f1as(os) de negocios locales y la misi\u00f3n de WEV con una donaci\u00f3n planificada .\" \/>\n<meta name=\"robots\" content=\"index, follow, max-snippet:-1, max-image-preview:large, max-video-preview:-1\" \/>\n<link rel=\"canonical\" href=\"http:\/\/live-wev.pantheonsite.io\/donate\/legacy\/\" \/>\n<meta property=\"og:locale\" content=\"es_ES\" \/>\n<meta property=\"og:type\" content=\"article\" \/>\n<meta property=\"og:title\" content=\"Legacy Society - WEV\" \/>\n<meta property=\"og:description\" content=\"Apoye a las(os) due\u00f1as(os) de negocios locales y la misi\u00f3n de WEV con una donaci\u00f3n planificada .\" \/>\n<meta property=\"og:url\" content=\"http:\/\/live-wev.pantheonsite.io\/donate\/legacy\/\" \/>\n<meta property=\"og:site_name\" content=\"WEV\" \/>\n<meta property=\"article:publisher\" content=\"https:\/\/www.facebook.com\/WomensEconomicVentures\" \/>\n<meta property=\"article:modified_time\" content=\"2025-06-11T15:53:36+00:00\" \/>\n<meta property=\"og:image\" content=\"http:\/\/live-wev.pantheonsite.io\/wp-content\/uploads\/2022\/12\/Legacy-Banner.jpg\" \/>\n\t<meta property=\"og:image:width\" content=\"1370\" \/>\n\t<meta property=\"og:image:height\" content=\"1100\" \/>\n\t<meta property=\"og:image:type\" content=\"image\/jpeg\" \/>\n<meta name=\"twitter:card\" content=\"summary_large_image\" \/>\n<script type=\"application\/ld+json\" class=\"yoast-schema-graph\">{\"@context\":\"https:\/\/schema.org\",\"@graph\":[{\"@type\":\"WebPage\",\"@id\":\"http:\/\/live-wev.pantheonsite.io\/donate\/legacy\/\",\"url\":\"http:\/\/live-wev.pantheonsite.io\/donate\/legacy\/\",\"name\":\"Legacy Society - WEV\",\"isPartOf\":{\"@id\":\"https:\/\/www.wevonline.org\/#website\"},\"primaryImageOfPage\":{\"@id\":\"http:\/\/live-wev.pantheonsite.io\/donate\/legacy\/#primaryimage\"},\"image\":{\"@id\":\"http:\/\/live-wev.pantheonsite.io\/donate\/legacy\/#primaryimage\"},\"thumbnailUrl\":\"https:\/\/wevonline.org\/wp-content\/uploads\/2022\/12\/Legacy-Banner.jpg\",\"datePublished\":\"2022-12-06T18:33:51+00:00\",\"dateModified\":\"2025-06-11T15:53:36+00:00\",\"description\":\"Apoye a las(os) due\u00f1as(os) de negocios locales y la misi\u00f3n de WEV con una donaci\u00f3n planificada .\",\"breadcrumb\":{\"@id\":\"http:\/\/live-wev.pantheonsite.io\/donate\/legacy\/#breadcrumb\"},\"inLanguage\":\"es-ES\",\"potentialAction\":[{\"@type\":\"ReadAction\",\"target\":[\"http:\/\/live-wev.pantheonsite.io\/donate\/legacy\/\"]}]},{\"@type\":\"ImageObject\",\"inLanguage\":\"es-ES\",\"@id\":\"http:\/\/live-wev.pantheonsite.io\/donate\/legacy\/#primaryimage\",\"url\":\"https:\/\/wevonline.org\/wp-content\/uploads\/2022\/12\/Legacy-Banner.jpg\",\"contentUrl\":\"https:\/\/wevonline.org\/wp-content\/uploads\/2022\/12\/Legacy-Banner.jpg\",\"width\":1370,\"height\":1100,\"caption\":\"Tana Sommer, Legacy Society member, cheers in the audience at WEV\u2019s 25th anniversary gala\"},{\"@type\":\"BreadcrumbList\",\"@id\":\"http:\/\/live-wev.pantheonsite.io\/donate\/legacy\/#breadcrumb\",\"itemListElement\":[{\"@type\":\"ListItem\",\"position\":1,\"name\":\"Home\",\"item\":\"https:\/\/www.wevonline.org\/es\/\"},{\"@type\":\"ListItem\",\"position\":2,\"name\":\"Dona a WEV\",\"item\":\"https:\/\/www.wevonline.org\/es\/dona\/\"},{\"@type\":\"ListItem\",\"position\":3,\"name\":\"Legacy Society\"}]},{\"@type\":\"WebSite\",\"@id\":\"https:\/\/www.wevonline.org\/#website\",\"url\":\"https:\/\/www.wevonline.org\/\",\"name\":\"WEV\",\"description\":\"Women&#039;s Economic Ventures\",\"publisher\":{\"@id\":\"https:\/\/www.wevonline.org\/#organization\"},\"potentialAction\":[{\"@type\":\"SearchAction\",\"target\":{\"@type\":\"EntryPoint\",\"urlTemplate\":\"https:\/\/www.wevonline.org\/?s={search_term_string}\"},\"query-input\":{\"@type\":\"PropertyValueSpecification\",\"valueRequired\":true,\"valueName\":\"search_term_string\"}}],\"inLanguage\":\"es-ES\"},{\"@type\":\"Organization\",\"@id\":\"https:\/\/www.wevonline.org\/#organization\",\"name\":\"Women's Economic Ventures\",\"url\":\"https:\/\/www.wevonline.org\/\",\"logo\":{\"@type\":\"ImageObject\",\"inLanguage\":\"es-ES\",\"@id\":\"https:\/\/www.wevonline.org\/#\/schema\/logo\/image\/\",\"url\":\"https:\/\/www.wevonline.org\/wp-content\/uploads\/2022\/08\/WEV-Spanish-Logo_Website-Header.png\",\"contentUrl\":\"https:\/\/www.wevonline.org\/wp-content\/uploads\/2022\/08\/WEV-Spanish-Logo_Website-Header.png\",\"width\":506,\"height\":127,\"caption\":\"Women's Economic Ventures\"},\"image\":{\"@id\":\"https:\/\/www.wevonline.org\/#\/schema\/logo\/image\/\"},\"sameAs\":[\"https:\/\/www.facebook.com\/WomensEconomicVentures\",\"https:\/\/www.instagram.com\/womenseconomicventures\/?hl=en\"]}]}<\/script>\n<!-- \/ Yoast SEO plugin. -->","yoast_head_json":{"title":"Legacy Society - WEV","description":"Apoye a las(os) due\u00f1as(os) de negocios locales y la misi\u00f3n de WEV con una donaci\u00f3n planificada .","robots":{"index":"index","follow":"follow","max-snippet":"max-snippet:-1","max-image-preview":"max-image-preview:large","max-video-preview":"max-video-preview:-1"},"canonical":"http:\/\/live-wev.pantheonsite.io\/donate\/legacy\/","og_locale":"es_ES","og_type":"article","og_title":"Legacy Society - WEV","og_description":"Apoye a las(os) due\u00f1as(os) de negocios locales y la misi\u00f3n de WEV con una donaci\u00f3n planificada .","og_url":"http:\/\/live-wev.pantheonsite.io\/donate\/legacy\/","og_site_name":"WEV","article_publisher":"https:\/\/www.facebook.com\/WomensEconomicVentures","article_modified_time":"2025-06-11T15:53:36+00:00","og_image":[{"width":1370,"height":1100,"url":"http:\/\/live-wev.pantheonsite.io\/wp-content\/uploads\/2022\/12\/Legacy-Banner.jpg","type":"image\/jpeg"}],"twitter_card":"summary_large_image","schema":{"@context":"https:\/\/schema.org","@graph":[{"@type":"WebPage","@id":"http:\/\/live-wev.pantheonsite.io\/donate\/legacy\/","url":"http:\/\/live-wev.pantheonsite.io\/donate\/legacy\/","name":"Legacy Society - WEV","isPartOf":{"@id":"https:\/\/www.wevonline.org\/#website"},"primaryImageOfPage":{"@id":"http:\/\/live-wev.pantheonsite.io\/donate\/legacy\/#primaryimage"},"image":{"@id":"http:\/\/live-wev.pantheonsite.io\/donate\/legacy\/#primaryimage"},"thumbnailUrl":"https:\/\/wevonline.org\/wp-content\/uploads\/2022\/12\/Legacy-Banner.jpg","datePublished":"2022-12-06T18:33:51+00:00","dateModified":"2025-06-11T15:53:36+00:00","description":"Apoye a las(os) due\u00f1as(os) de negocios locales y la misi\u00f3n de WEV con una donaci\u00f3n planificada .","breadcrumb":{"@id":"http:\/\/live-wev.pantheonsite.io\/donate\/legacy\/#breadcrumb"},"inLanguage":"es-ES","potentialAction":[{"@type":"ReadAction","target":["http:\/\/live-wev.pantheonsite.io\/donate\/legacy\/"]}]},{"@type":"ImageObject","inLanguage":"es-ES","@id":"http:\/\/live-wev.pantheonsite.io\/donate\/legacy\/#primaryimage","url":"https:\/\/wevonline.org\/wp-content\/uploads\/2022\/12\/Legacy-Banner.jpg","contentUrl":"https:\/\/wevonline.org\/wp-content\/uploads\/2022\/12\/Legacy-Banner.jpg","width":1370,"height":1100,"caption":"Tana Sommer, Legacy Society member, cheers in the audience at WEV\u2019s 25th anniversary gala"},{"@type":"BreadcrumbList","@id":"http:\/\/live-wev.pantheonsite.io\/donate\/legacy\/#breadcrumb","itemListElement":[{"@type":"ListItem","position":1,"name":"Home","item":"https:\/\/www.wevonline.org\/es\/"},{"@type":"ListItem","position":2,"name":"Dona a WEV","item":"https:\/\/www.wevonline.org\/es\/dona\/"},{"@type":"ListItem","position":3,"name":"Legacy Society"}]},{"@type":"WebSite","@id":"https:\/\/www.wevonline.org\/#website","url":"https:\/\/www.wevonline.org\/","name":"WEV","description":"Women&#039;s Economic Ventures","publisher":{"@id":"https:\/\/www.wevonline.org\/#organization"},"potentialAction":[{"@type":"SearchAction","target":{"@type":"EntryPoint","urlTemplate":"https:\/\/www.wevonline.org\/?s={search_term_string}"},"query-input":{"@type":"PropertyValueSpecification","valueRequired":true,"valueName":"search_term_string"}}],"inLanguage":"es-ES"},{"@type":"Organization","@id":"https:\/\/www.wevonline.org\/#organization","name":"Women's Economic Ventures","url":"https:\/\/www.wevonline.org\/","logo":{"@type":"ImageObject","inLanguage":"es-ES","@id":"https:\/\/www.wevonline.org\/#\/schema\/logo\/image\/","url":"https:\/\/www.wevonline.org\/wp-content\/uploads\/2022\/08\/WEV-Spanish-Logo_Website-Header.png","contentUrl":"https:\/\/www.wevonline.org\/wp-content\/uploads\/2022\/08\/WEV-Spanish-Logo_Website-Header.png","width":506,"height":127,"caption":"Women's Economic Ventures"},"image":{"@id":"https:\/\/www.wevonline.org\/#\/schema\/logo\/image\/"},"sameAs":["https:\/\/www.facebook.com\/WomensEconomicVentures","https:\/\/www.instagram.com\/womenseconomicventures\/?hl=en"]}]}},"_links":{"self":[{"href":"https:\/\/wevonline.org\/es\/wp-json\/wp\/v2\/pages\/7033","targetHints":{"allow":["GET"]}}],"collection":[{"href":"https:\/\/wevonline.org\/es\/wp-json\/wp\/v2\/pages"}],"about":[{"href":"https:\/\/wevonline.org\/es\/wp-json\/wp\/v2\/types\/page"}],"author":[{"embeddable":true,"href":"https:\/\/wevonline.org\/es\/wp-json\/wp\/v2\/users\/3"}],"replies":[{"embeddable":true,"href":"https:\/\/wevonline.org\/es\/wp-json\/wp\/v2\/comments?post=7033"}],"version-history":[{"count":2,"href":"https:\/\/wevonline.org\/es\/wp-json\/wp\/v2\/pages\/7033\/revisions"}],"predecessor-version":[{"id":7037,"href":"https:\/\/wevonline.org\/es\/wp-json\/wp\/v2\/pages\/7033\/revisions\/7037"}],"up":[{"embeddable":true,"href":"https:\/\/wevonline.org\/es\/wp-json\/wp\/v2\/pages\/3765"}],"wp:featuredmedia":[{"embeddable":true,"href":"https:\/\/wevonline.org\/es\/wp-json\/wp\/v2\/media\/7031"}],"wp:attachment":[{"href":"https:\/\/wevonline.org\/es\/wp-json\/wp\/v2\/media?parent=7033"}],"curies":[{"name":"wp","href":"https:\/\/api.w.org\/{rel}","templated":true}]}}