{"id":709,"date":"2022-06-17T12:41:10","date_gmt":"2022-06-17T12:41:10","guid":{"rendered":"https:\/\/www.wevonline.org\/casa\/"},"modified":"2026-02-17T23:53:36","modified_gmt":"2026-02-17T23:53:36","slug":"home","status":"publish","type":"page","link":"https:\/\/wevonline.org\/es\/","title":{"rendered":"Home"},"content":{"rendered":"","protected":false},"excerpt":{"rendered":"","protected":false},"author":1,"featured_media":0,"parent":0,"menu_order":0,"comment_status":"closed","ping_status":"closed","template":"templates\/template-a.php","meta":{"_acf_changed":false,"footnotes":""},"class_list":["post-709","page","type-page","status-publish","hentry"],"acf":{"floating_cta_enable":"enable","template_a_content":[{"acf_fc_layout":"cb03_homepage_banner","block_id":"","margin_top":"","margin_bottom":"","add_custom_css_class":"","slider":[{"large_image":"https:\/\/wevonline.org\/wp-content\/uploads\/2022\/08\/ZMendez_Elly.Iverson_62-Edit-1.jpg","intro_text":"<h5>Empieza con fuerza. Crece con inteligencia. WEV acompa\u00f1a tu \u00e9xito empresarial con consultor\u00eda, clases, acceso al capital y educaci\u00f3n financiera personal. Desde hace m\u00e1s de 30 a\u00f1os servimos en los condados de Santa B\u00e1rbara y Ventura, ofreciendo entrenamiento y asesor\u00eda empresarial experta a precios accesibles, respaldados por nuestra condici\u00f3n de organizaci\u00f3n sin fines de lucro 501(c)(3).<\/h5>\n","heading":"<h1>WEV <span class=\"plus_style\">+<\/span> El poder en <u>ti<\/u><\/h1>\n"}],"cta_button":{"title":"Hello! View the site in English","url":"https:\/\/www.wevonline.org","target":""},"small_image":false},{"acf_fc_layout":"cb16_program_grid","block_id":"","margin_top":"","margin_bottom":"","add_custom_css_class":"","headline":"Apoyo Para el \u00c9xito de Tu Negocio Peque\u00f1o","need_help_heading":"","use_image_instead_of_help_links":true,"right_side_image":"https:\/\/wevonline.org\/wp-content\/uploads\/2025\/07\/Homepage-Services-Grid_Karine-Hervuoet-and-Elysia-Guillen.jpg","need_help_links":false,"program_tiles":[{"cta_link":{"title":"\u00danete a Asesor\u00eda de Negocios","url":"https:\/\/www.wevonline.org\/es\/asesoria\/","target":""},"description":"Con\u00e9ctate uno a uno con un asesor experto en peque\u00f1os negocios o consultor de contabilidad para recibir coaching personalizado y apoyo estrat\u00e9gico que impulse el crecimiento de tu negocio."},{"cta_link":{"title":"Aprende lo B\u00e1sico del Negocio","url":"https:\/\/www.wevonline.org\/es\/clases\/","target":""},"description":"Toma clases impartidas por especialistas en peque\u00f1os negocios, donde desarrollar\u00e1s habilidades en mercadotecnia, planeaci\u00f3n financiera, investigaci\u00f3n de mercado y operaciones \u2014dise\u00f1adas para ayudarte a construir una base s\u00f3lida y hacer crecer tu negocio."},{"cta_link":{"title":"Obt\u00e9n una Referencia para un Pr\u00e9stamo de Negocio","url":"https:\/\/www.wevonline.org\/es\/referencias-para-financiamiento-de-negocios\/","target":""},"description":"Inicia o haz crecer tu negocio con un pr\u00e9stamo para peque\u00f1os negocios \u2013 pr\u00e9stamos de $5,000 a $500,000 disponibles a trav\u00e9s de las organizaciones aliadas de WEV."},{"cta_link":{"title":"Toma el Control de Tus Finanzas","url":"https:\/\/www.wevonline.org\/es\/empoderamiento-financiero\/","target":""},"description":"Aprende habilidades esenciales de finanzas personales \u2014presupuesto, establecimiento de metas, construcci\u00f3n de cr\u00e9dito y mentalidad financiera\u2014 en clases dise\u00f1adas para ayudarte a manejar tus finanzas y planear tu futuro."}]},{"acf_fc_layout":"cb19_donate","donate_image":"https:\/\/wevonline.org\/wp-content\/uploads\/2024\/01\/Blanca-Hoffmeier-Donation-CTA-Block.jpg","donate_icon":{"ID":12367,"id":12367,"title":"icon-donate","filename":"icon-donate.png","filesize":3994,"url":"https:\/\/wevonline.org\/wp-content\/uploads\/2023\/12\/icon-donate.png","link":"https:\/\/wevonline.org\/es\/acerca-de-wev\/icon-donate-3-2\/","alt":"","author":"1","description":"","caption":"","name":"icon-donate-3-2","status":"inherit","uploaded_to":628,"date":"2023-12-18 20:24:59","modified":"2023-12-18 20:24:59","menu_order":0,"mime_type":"image\/png","type":"image","subtype":"png","icon":"https:\/\/wevonline.org\/wp-includes\/images\/media\/default.png","width":111,"height":103,"sizes":{"thumbnail":"https:\/\/wevonline.org\/wp-content\/uploads\/2023\/12\/icon-donate.png","thumbnail-width":111,"thumbnail-height":103,"medium":"https:\/\/wevonline.org\/wp-content\/uploads\/2023\/12\/icon-donate.png","medium-width":111,"medium-height":103,"medium_large":"https:\/\/wevonline.org\/wp-content\/uploads\/2023\/12\/icon-donate.png","medium_large-width":111,"medium_large-height":103,"large":"https:\/\/wevonline.org\/wp-content\/uploads\/2023\/12\/icon-donate.png","large-width":111,"large-height":103,"1536x1536":"https:\/\/wevonline.org\/wp-content\/uploads\/2023\/12\/icon-donate.png","1536x1536-width":111,"1536x1536-height":103,"2048x2048":"https:\/\/wevonline.org\/wp-content\/uploads\/2023\/12\/icon-donate.png","2048x2048-width":111,"2048x2048-height":103,"ajax-load-more-custom":"https:\/\/wevonline.org\/wp-content\/uploads\/2023\/12\/icon-donate.png","ajax-load-more-custom-width":111,"ajax-load-more-custom-height":103,"alm-thumbnail":"https:\/\/wevonline.org\/wp-content\/uploads\/2023\/12\/icon-donate.png","alm-thumbnail-width":111,"alm-thumbnail-height":103,"gform-image-choice-sm":"https:\/\/wevonline.org\/wp-content\/uploads\/2023\/12\/icon-donate.png","gform-image-choice-sm-width":111,"gform-image-choice-sm-height":103,"gform-image-choice-md":"https:\/\/wevonline.org\/wp-content\/uploads\/2023\/12\/icon-donate.png","gform-image-choice-md-width":111,"gform-image-choice-md-height":103,"gform-image-choice-lg":"https:\/\/wevonline.org\/wp-content\/uploads\/2023\/12\/icon-donate.png","gform-image-choice-lg-width":111,"gform-image-choice-lg-height":103}},"donate_cb_headline":"Conviertete en donante de WEV","donate_cb_body":"Muestra tu apoyo para generar un cambio transformador convirti\u00e9ndote en donante de WEV hoy mismo.","donate_cb_link":{"title":"EXPLORA BENEFICIOS PARA DONANTES","url":"https:\/\/www.wevonline.org\/es\/dona\/","target":"_blank"}},{"acf_fc_layout":"cb04_program_teaser","block_id":"","margin_top":"90","margin_bottom":"","add_custom_css_class":"","heading":"Programas destacados - Registraci\u00f3n abierta","drawers":[{"title":"Clase de Empoderamiento Financiero","image":"https:\/\/wevonline.org\/wp-content\/uploads\/2022\/08\/Resources_Webinars_Financial-Empowerment-I-Kelly_Related-Content.jpg","sub_title":"Clase de Empoderamiento Financiero","description":"Toma el control de tus finanzas personales en esta clase de 3 horas. Aprende a hacer un presupuesto, consejos para ahorrar dinero y c\u00f3mo establecer metas financieras en una comunidad de apoyo. Disponible en espa\u00f1ol e ingl\u00e9s.","button":{"title":"Aprende m\u00e1s","url":"https:\/\/www.wevonline.org\/es\/classes-resources\/clase-de-empoderamiento-financiero\/","target":""}},{"title":"Consultor\u00eda de Contabilidad","image":"https:\/\/wevonline.org\/wp-content\/uploads\/2022\/08\/Quickbooks-Consulting-Related-Content.jpg","sub_title":"Consultor\u00eda de Contabilidad","description":"Asesor\u00eda experta uno a uno para establecer sistemas de contabilidad, ordenar tus registros y fortalecer la base financiera de tu negocio.","button":{"title":"Aprende m\u00e1s","url":"https:\/\/www.wevonline.org\/es\/programs\/consultoria-de-contabilidad\/","target":"_blank"}}]},{"acf_fc_layout":"cb05_scenario_selector","block_id":"","margin_top":"","margin_bottom":"","add_custom_css_class":"","heading":"Encuentra Recursos para Ti","drawers":[{"text":"Tengo una idea de negocio y quiero ayuda para empezar...","drawer_content":[{"button":{"title":"Clases de negocios","url":"https:\/\/www.wevonline.org\/es\/clases\/","target":""}}]},{"text":"Quiero hacer crecer mi negocio y necesito asesoramiento y orientaci\u00f3n\u2026","drawer_content":[{"button":{"title":"Asesor\u00eda de Negocios","url":"https:\/\/www.wevonline.org\/es\/asesoria\/","target":""}}]},{"text":"Busco financiamiento para mi negocio...","drawer_content":[{"button":{"title":"Referencias para Financiamiento de Negocios","url":"https:\/\/www.wevonline.org\/es\/referencias-para-financiamiento-de-negocios\/","target":""}}]},{"text":"Quiero aprender m\u00e1s sobre el impacto de WEV y como participar...","drawer_content":[{"button":{"title":"Acerca de WEV","url":"https:\/\/www.wevonline.org\/es\/acerca-de-wev\/","target":""}}]}]},{"acf_fc_layout":"cb06_stories_and_speakers","block_id":"","margin_top":"","margin_bottom":"","add_custom_css_class":"","stories_speakers":"stories","select_stories":[{"ID":920,"post_author":"1","post_date":"2022-06-22 10:48:44","post_date_gmt":"2022-06-22 10:48:44","post_content":"","post_title":"Jill Agonias","post_excerpt":"","post_status":"draft","comment_status":"closed","ping_status":"closed","post_password":"","post_name":"wev-stories-3","to_ping":"","pinged":"","post_modified":"2025-02-10 22:28:39","post_modified_gmt":"2025-02-10 22:28:39","post_content_filtered":"","post_parent":0,"guid":"https:\/\/www.wevonline.org\/s_cpt\/historias-wev-3\/","menu_order":0,"post_type":"s_cpt","post_mime_type":"","comment_count":"0","filter":"raw"},{"ID":4818,"post_author":"1","post_date":"2022-07-28 16:43:39","post_date_gmt":"2022-07-28 16:43:39","post_content":"","post_title":"Martha Cantos","post_excerpt":"","post_status":"publish","comment_status":"closed","ping_status":"closed","post_password":"","post_name":"martha-cantos","to_ping":"","pinged":"","post_modified":"2025-02-25 17:16:02","post_modified_gmt":"2025-02-25 17:16:02","post_content_filtered":"","post_parent":0,"guid":"https:\/\/www.wevonline.org\/stories\/martha-cantos-wev-empowerment-quote-only\/","menu_order":0,"post_type":"s_cpt","post_mime_type":"","comment_count":"0","filter":"raw"},{"ID":4915,"post_author":"1","post_date":"2022-07-28 02:43:44","post_date_gmt":"2022-07-28 02:43:44","post_content":"","post_title":"Lizzy Lewis","post_excerpt":"","post_status":"publish","comment_status":"closed","ping_status":"closed","post_password":"","post_name":"lizzy-lewis","to_ping":"","pinged":"","post_modified":"2025-02-25 17:16:57","post_modified_gmt":"2025-02-25 17:16:57","post_content_filtered":"","post_parent":0,"guid":"https:\/\/www.wevonline.org\/stories\/lizzy-lewis\/","menu_order":0,"post_type":"s_cpt","post_mime_type":"","comment_count":"0","filter":"raw"},{"ID":4925,"post_author":"1","post_date":"2022-07-28 02:36:09","post_date_gmt":"2022-07-28 02:36:09","post_content":"","post_title":"Nicole Facciuto & Eric Hargrove","post_excerpt":"","post_status":"publish","comment_status":"closed","ping_status":"closed","post_password":"","post_name":"nicole-facciuto-eric-hargrove","to_ping":"","pinged":"","post_modified":"2025-02-25 17:17:45","post_modified_gmt":"2025-02-25 17:17:45","post_content_filtered":"","post_parent":0,"guid":"https:\/\/www.wevonline.org\/stories\/nicole-facciuto-eric-hargrove\/","menu_order":0,"post_type":"s_cpt","post_mime_type":"","comment_count":"0","filter":"raw"}],"heading":"","description":"","cta_link":null,"image":false,"all_stories_cta":{"title":"All Stories","url":"https:\/\/www.wevonline.org\/wev-stories\/","target":""}},{"acf_fc_layout":"cb12_related_content","block_id":"","margin_top":"121","margin_bottom":"","add_custom_css_class":"","heading":"Tambi\u00e9n te puede interesar","classes_resources":"manual_enter","show_latest":null,"drawer":[{"sub_heading":"\u00danete a la comunidad WEV","title":"Eventos","cta_link":{"title":"Acomp\u00e1\u00f1anos","url":"https:\/\/www.wevonline.org\/es\/eventos\/","target":""},"image":"https:\/\/wevonline.org\/wp-content\/uploads\/2022\/08\/SWSC_Related-Content-Image_Karine-Rodriguez-Hervouet-1.jpg"},{"sub_heading":"M\u00e1s informaci\u00f3n sobre WEV","title":"Impacto de WEV","cta_link":{"title":"Aprende m\u00e1s","url":"https:\/\/www.wevonline.org\/es\/acerca-de-wev\/impacto\/","target":""},"image":"https:\/\/wevonline.org\/wp-content\/uploads\/2022\/08\/Impact-Related-Content.jpg"},{"sub_heading":"Recursos de Negocios","title":"Recursos en l\u00ednea","cta_link":{"title":"Lee m\u00e1s","url":"https:\/\/www.wevonline.org\/es\/recursos\/","target":""},"image":"https:\/\/wevonline.org\/wp-content\/uploads\/2022\/08\/Be-Your-Own-Boss_Related-Content-Image_Estela-Flores.jpg"}]}]},"yoast_head":"<!-- This site is optimized with the Yoast SEO plugin v27.2 - https:\/\/yoast.com\/product\/yoast-seo-wordpress\/ -->\n<title>Women&#039;s Economic Ventures - WEV<\/title>\n<meta name=\"description\" content=\"Haz crecer tu negocio peque\u00f1o y gana confianza financiera. WEV ofrece recursos empresariales accesibles de expertos y clases de finanzas personales en Santa B\u00e1rbara y Ventura.\" \/>\n<meta name=\"robots\" content=\"index, follow, max-snippet:-1, max-image-preview:large, max-video-preview:-1\" \/>\n<link rel=\"canonical\" href=\"https:\/\/www.wevonline.org\/es\/\" \/>\n<meta property=\"og:locale\" content=\"es_ES\" \/>\n<meta property=\"og:type\" content=\"article\" \/>\n<meta property=\"og:title\" content=\"Women&#039;s Economic Ventures - WEV\" \/>\n<meta property=\"og:description\" content=\"Haz crecer tu negocio peque\u00f1o y gana confianza financiera. WEV ofrece recursos empresariales accesibles de expertos y clases de finanzas personales en Santa B\u00e1rbara y Ventura.\" \/>\n<meta property=\"og:url\" content=\"https:\/\/www.wevonline.org\/es\/\" \/>\n<meta property=\"og:site_name\" content=\"WEV\" \/>\n<meta property=\"article:publisher\" content=\"https:\/\/www.facebook.com\/WomensEconomicVentures\" \/>\n<meta property=\"article:modified_time\" content=\"2026-02-17T23:53:36+00:00\" \/>\n<meta property=\"og:image\" content=\"https:\/\/www.wevonline.org\/wp-content\/uploads\/2022\/09\/Homepage-SEO-Image_Spanish.jpg\" \/>\n\t<meta property=\"og:image:width\" content=\"2000\" \/>\n\t<meta property=\"og:image:height\" content=\"1600\" \/>\n\t<meta property=\"og:image:type\" content=\"image\/jpeg\" \/>\n<meta name=\"twitter:card\" content=\"summary_large_image\" \/>\n<meta name=\"twitter:image\" content=\"https:\/\/wevonline.org\/wp-content\/uploads\/2022\/09\/Homepage-SEO-Image_Spanish.jpg\" \/>\n<script type=\"application\/ld+json\" class=\"yoast-schema-graph\">{\"@context\":\"https:\/\/schema.org\",\"@graph\":[{\"@type\":\"WebPage\",\"@id\":\"https:\/\/www.wevonline.org\/es\/\",\"url\":\"https:\/\/www.wevonline.org\/es\/\",\"name\":\"Women's Economic Ventures - WEV\",\"isPartOf\":{\"@id\":\"https:\/\/www.wevonline.org\/#website\"},\"datePublished\":\"2022-06-17T12:41:10+00:00\",\"dateModified\":\"2026-02-17T23:53:36+00:00\",\"description\":\"Haz crecer tu negocio peque\u00f1o y gana confianza financiera. WEV ofrece recursos empresariales accesibles de expertos y clases de finanzas personales en Santa B\u00e1rbara y Ventura.\",\"breadcrumb\":{\"@id\":\"https:\/\/www.wevonline.org\/es\/#breadcrumb\"},\"inLanguage\":\"es-ES\",\"potentialAction\":[{\"@type\":\"ReadAction\",\"target\":[\"https:\/\/www.wevonline.org\/es\/\"]}]},{\"@type\":\"BreadcrumbList\",\"@id\":\"https:\/\/www.wevonline.org\/es\/#breadcrumb\",\"itemListElement\":[{\"@type\":\"ListItem\",\"position\":1,\"name\":\"Home\",\"item\":\"https:\/\/www.wevonline.org\/es\/\"},{\"@type\":\"ListItem\",\"position\":2,\"name\":\"Home\"}]},{\"@type\":\"WebSite\",\"@id\":\"https:\/\/www.wevonline.org\/#website\",\"url\":\"https:\/\/www.wevonline.org\/\",\"name\":\"WEV\",\"description\":\"Women&#039;s Economic Ventures\",\"publisher\":{\"@id\":\"https:\/\/www.wevonline.org\/#organization\"},\"potentialAction\":[{\"@type\":\"SearchAction\",\"target\":{\"@type\":\"EntryPoint\",\"urlTemplate\":\"https:\/\/www.wevonline.org\/?s={search_term_string}\"},\"query-input\":{\"@type\":\"PropertyValueSpecification\",\"valueRequired\":true,\"valueName\":\"search_term_string\"}}],\"inLanguage\":\"es-ES\"},{\"@type\":\"Organization\",\"@id\":\"https:\/\/www.wevonline.org\/#organization\",\"name\":\"Women's Economic Ventures\",\"url\":\"https:\/\/www.wevonline.org\/\",\"logo\":{\"@type\":\"ImageObject\",\"inLanguage\":\"es-ES\",\"@id\":\"https:\/\/www.wevonline.org\/#\/schema\/logo\/image\/\",\"url\":\"https:\/\/www.wevonline.org\/wp-content\/uploads\/2022\/08\/WEV-Spanish-Logo_Website-Header.png\",\"contentUrl\":\"https:\/\/www.wevonline.org\/wp-content\/uploads\/2022\/08\/WEV-Spanish-Logo_Website-Header.png\",\"width\":506,\"height\":127,\"caption\":\"Women's Economic Ventures\"},\"image\":{\"@id\":\"https:\/\/www.wevonline.org\/#\/schema\/logo\/image\/\"},\"sameAs\":[\"https:\/\/www.facebook.com\/WomensEconomicVentures\",\"https:\/\/www.instagram.com\/womenseconomicventures\/?hl=en\"]}]}<\/script>\n<!-- \/ Yoast SEO plugin. -->","yoast_head_json":{"title":"Women's Economic Ventures - WEV","description":"Haz crecer tu negocio peque\u00f1o y gana confianza financiera. WEV ofrece recursos empresariales accesibles de expertos y clases de finanzas personales en Santa B\u00e1rbara y Ventura.","robots":{"index":"index","follow":"follow","max-snippet":"max-snippet:-1","max-image-preview":"max-image-preview:large","max-video-preview":"max-video-preview:-1"},"canonical":"https:\/\/www.wevonline.org\/es\/","og_locale":"es_ES","og_type":"article","og_title":"Women's Economic Ventures - WEV","og_description":"Haz crecer tu negocio peque\u00f1o y gana confianza financiera. WEV ofrece recursos empresariales accesibles de expertos y clases de finanzas personales en Santa B\u00e1rbara y Ventura.","og_url":"https:\/\/www.wevonline.org\/es\/","og_site_name":"WEV","article_publisher":"https:\/\/www.facebook.com\/WomensEconomicVentures","article_modified_time":"2026-02-17T23:53:36+00:00","og_image":[{"width":2000,"height":1600,"url":"https:\/\/www.wevonline.org\/wp-content\/uploads\/2022\/09\/Homepage-SEO-Image_Spanish.jpg","type":"image\/jpeg"}],"twitter_card":"summary_large_image","twitter_image":"https:\/\/wevonline.org\/wp-content\/uploads\/2022\/09\/Homepage-SEO-Image_Spanish.jpg","schema":{"@context":"https:\/\/schema.org","@graph":[{"@type":"WebPage","@id":"https:\/\/www.wevonline.org\/es\/","url":"https:\/\/www.wevonline.org\/es\/","name":"Women's Economic Ventures - WEV","isPartOf":{"@id":"https:\/\/www.wevonline.org\/#website"},"datePublished":"2022-06-17T12:41:10+00:00","dateModified":"2026-02-17T23:53:36+00:00","description":"Haz crecer tu negocio peque\u00f1o y gana confianza financiera. WEV ofrece recursos empresariales accesibles de expertos y clases de finanzas personales en Santa B\u00e1rbara y Ventura.","breadcrumb":{"@id":"https:\/\/www.wevonline.org\/es\/#breadcrumb"},"inLanguage":"es-ES","potentialAction":[{"@type":"ReadAction","target":["https:\/\/www.wevonline.org\/es\/"]}]},{"@type":"BreadcrumbList","@id":"https:\/\/www.wevonline.org\/es\/#breadcrumb","itemListElement":[{"@type":"ListItem","position":1,"name":"Home","item":"https:\/\/www.wevonline.org\/es\/"},{"@type":"ListItem","position":2,"name":"Home"}]},{"@type":"WebSite","@id":"https:\/\/www.wevonline.org\/#website","url":"https:\/\/www.wevonline.org\/","name":"WEV","description":"Women&#039;s Economic Ventures","publisher":{"@id":"https:\/\/www.wevonline.org\/#organization"},"potentialAction":[{"@type":"SearchAction","target":{"@type":"EntryPoint","urlTemplate":"https:\/\/www.wevonline.org\/?s={search_term_string}"},"query-input":{"@type":"PropertyValueSpecification","valueRequired":true,"valueName":"search_term_string"}}],"inLanguage":"es-ES"},{"@type":"Organization","@id":"https:\/\/www.wevonline.org\/#organization","name":"Women's Economic Ventures","url":"https:\/\/www.wevonline.org\/","logo":{"@type":"ImageObject","inLanguage":"es-ES","@id":"https:\/\/www.wevonline.org\/#\/schema\/logo\/image\/","url":"https:\/\/www.wevonline.org\/wp-content\/uploads\/2022\/08\/WEV-Spanish-Logo_Website-Header.png","contentUrl":"https:\/\/www.wevonline.org\/wp-content\/uploads\/2022\/08\/WEV-Spanish-Logo_Website-Header.png","width":506,"height":127,"caption":"Women's Economic Ventures"},"image":{"@id":"https:\/\/www.wevonline.org\/#\/schema\/logo\/image\/"},"sameAs":["https:\/\/www.facebook.com\/WomensEconomicVentures","https:\/\/www.instagram.com\/womenseconomicventures\/?hl=en"]}]}},"_links":{"self":[{"href":"https:\/\/wevonline.org\/es\/wp-json\/wp\/v2\/pages\/709","targetHints":{"allow":["GET"]}}],"collection":[{"href":"https:\/\/wevonline.org\/es\/wp-json\/wp\/v2\/pages"}],"about":[{"href":"https:\/\/wevonline.org\/es\/wp-json\/wp\/v2\/types\/page"}],"author":[{"embeddable":true,"href":"https:\/\/wevonline.org\/es\/wp-json\/wp\/v2\/users\/1"}],"replies":[{"embeddable":true,"href":"https:\/\/wevonline.org\/es\/wp-json\/wp\/v2\/comments?post=709"}],"version-history":[{"count":54,"href":"https:\/\/wevonline.org\/es\/wp-json\/wp\/v2\/pages\/709\/revisions"}],"predecessor-version":[{"id":14399,"href":"https:\/\/wevonline.org\/es\/wp-json\/wp\/v2\/pages\/709\/revisions\/14399"}],"wp:attachment":[{"href":"https:\/\/wevonline.org\/es\/wp-json\/wp\/v2\/media?parent=709"}],"curies":[{"name":"wp","href":"https:\/\/api.w.org\/{rel}","templated":true}]}}